{"id":733356,"date":"2025-08-27T22:08:12","date_gmt":"2025-08-27T19:08:12","guid":{"rendered":"https:\/\/roveyayinevi.com.tr\/index.php\/urun\/kadinlar-erkekler-ve-bazi-ihtimaller\/"},"modified":"2026-04-16T02:40:56","modified_gmt":"2026-04-15T23:40:56","slug":"kadinlar-erkekler-ve-bazi-ihtimaller","status":"publish","type":"product","link":"https:\/\/roveyayinevi.com.tr\/index.php\/urun\/kadinlar-erkekler-ve-bazi-ihtimaller\/","title":{"rendered":"Kad\u0131nlar Erkekler ve  Baz\u0131 \u0130htimaller"},"content":{"rendered":"<p>Kad\u0131n erkek  ili\u015fkiler hi\u00e7 b\u00f6yle anlat\u0131lmad\u0131. Kad\u0131nlar, Erkekler ve Baz\u0131 \u0130htimaller okuru; kad\u0131n erkek ili\u015fkilerine, a\u015fka, hayata, s\u0131radan bir g\u00fcne ve hi\u00e7 s\u0131radan olmayan baz\u0131 g\u00fcnlere dair samimi, bir o kadar da derinlikli bir yolculu\u011fa davet ediyor. Serhan Kansu, i\u00e7inde bulundu\u011fumuz asr\u0131n ili\u015fkiler prati\u011fini, \u00f6zg\u00fcnl\u00fc\u011f\u00fcn\u00fcn yan\u0131 s\u0131ra yal\u0131n bir dil ve felsefi bir bak\u0131\u015fla masaya yat\u0131r\u0131yor. Kitap boyunca; Platon, Simone de Beauvoir, Spinoza, Lou Salome, Nietzsche gibi \u00f6nemli d\u00fc\u015f\u00fcn\u00fcrlerin fikirlerine de rastlan\u0131rken baz\u0131 anlarda mahalle filozofu Utku; i\u011fneli ve muzip diliyle s\u00f6ze dahil oluyor. Utku\u2019nun samimiyetten \u00f6te \u00e7\u0131k\u0131\u015flar\u0131 hayat\u0131n i\u00e7indeki en toy davran\u0131\u015flar\u0131m\u0131za ayna tutuyor.  Kad\u0131nlar, Erkekler ve Baz\u0131 \u0130htimaller, insanl\u0131k hallerini; i\u00e7lenmeyi, empatiyi ve beraberinde e\u011flenmeyi unutmamak kayd\u0131yla yeniden okuma deneyimi sunuyor.<\/p>\n","protected":false},"excerpt":{"rendered":"<p>Kad\u0131n erkek ili\u015fkiler hi\u00e7 b\u00f6yle anlat\u0131lmad\u0131. Kad\u0131nlar, Erkekler ve Baz\u0131 \u0130htimaller okuru; kad\u0131n erkek ili\u015fkilerine, a\u015fka, hayata, s\u0131radan bir g\u00fcne ve hi\u00e7 s\u0131radan olmayan baz\u0131 g\u00fcnlere<span class=\"excerpt-hellip\"> [\u2026]<\/span><\/p>\n","protected":false},"featured_media":0,"template":"","meta":{"_monsterinsights_skip_tracking":false,"_monsterinsights_sitenote_active":false,"_monsterinsights_sitenote_note":"","_monsterinsights_sitenote_category":0},"product_brand":[],"product_cat":[12777,12291],"product_tag":[],"class_list":{"0":"post-733356","1":"product","2":"type-product","3":"status-publish","5":"product_cat-deneme","6":"product_cat-edebiyat","7":"pa_cilt-ciltsiz","8":"pa_tur-kitap","9":"pa_yayinevi-nemesis-kitap","10":"pa_yazar-serhan-kansu","12":"first","13":"instock","14":"sale","15":"shipping-taxable","16":"purchasable","17":"product-type-simple"},"_links":{"self":[{"href":"https:\/\/roveyayinevi.com.tr\/index.php\/wp-json\/wp\/v2\/product\/733356","targetHints":{"allow":["GET"]}}],"collection":[{"href":"https:\/\/roveyayinevi.com.tr\/index.php\/wp-json\/wp\/v2\/product"}],"about":[{"href":"https:\/\/roveyayinevi.com.tr\/index.php\/wp-json\/wp\/v2\/types\/product"}],"wp:attachment":[{"href":"https:\/\/roveyayinevi.com.tr\/index.php\/wp-json\/wp\/v2\/media?parent=733356"}],"wp:term":[{"taxonomy":"product_brand","embeddable":true,"href":"https:\/\/roveyayinevi.com.tr\/index.php\/wp-json\/wp\/v2\/product_brand?post=733356"},{"taxonomy":"product_cat","embeddable":true,"href":"https:\/\/roveyayinevi.com.tr\/index.php\/wp-json\/wp\/v2\/product_cat?post=733356"},{"taxonomy":"product_tag","embeddable":true,"href":"https:\/\/roveyayinevi.com.tr\/index.php\/wp-json\/wp\/v2\/product_tag?post=733356"}],"curies":[{"name":"wp","href":"https:\/\/api.w.org\/{rel}","templated":true}]}}