{"id":733355,"date":"2025-08-27T22:08:12","date_gmt":"2025-08-27T19:08:12","guid":{"rendered":"https:\/\/roveyayinevi.com.tr\/index.php\/urun\/turkiyenin-rotasi\/"},"modified":"2026-04-16T02:40:56","modified_gmt":"2026-04-15T23:40:56","slug":"turkiyenin-rotasi","status":"publish","type":"product","link":"https:\/\/roveyayinevi.com.tr\/index.php\/urun\/turkiyenin-rotasi\/","title":{"rendered":"T\u00fcrkiye\u2019nin Rotas\u0131"},"content":{"rendered":"<p>T\u00fcrkiye\u2019nin rotas\u0131 gerek i\u00e7eride gerekse d\u0131\u015far\u0131da ba\u015fka bir istikamete \u00e7evrilmeye \u00e7al\u0131\u015f\u0131lmakta, ideolojik bir hedefe y\u00f6neltilmek istenmektedir. D\u0131\u015f politikalarda da tercihler, i\u00e7eride oldu\u011fu gibi ideolojik etnik\u00e7i ve mezhep\u00e7i yakla\u015f\u0131mla tespit edilmektedir.Fakat bu tercih T\u00fcrkiye\u2019yi d\u00fcnyada, M\u00fcsl\u00fcman devletler de d\u00e2hil yaln\u0131zla\u015ft\u0131rm\u0131\u015f; T\u00fcrkiye i\u00e7inde de keskin ayr\u0131l\u0131klara sebep olmu\u015ftur.T\u00fcrk milletinin, 17\u2019nci y\u00fczy\u0131l\u0131n sonunda ba\u015flayan ve 13 Eyl\u00fcl 1921\u2019de Sakarya Irma\u011f\u0131 kenar\u0131nda durdurulmu\u015f olan geri \u00e7ekilmesi tekrar ba\u015flam\u0131\u015f durumdad\u0131r. 21\u2019inci y\u00fczy\u0131lda n\u00fcksettirilen hastal\u0131k ya daha da a\u011f\u0131rla\u015facak veya iyile\u015fme yoluna girecektir.Bu \u00e7ekilmenin sebebi olan menzil yolculu\u011fu, bu kitab\u0131n her yaz\u0131s\u0131nda anlat\u0131lmaya \u00e7al\u0131\u015f\u0131lm\u0131\u015ft\u0131r. Bu yolculukta en \u00f6nemli \u00e7al\u0131\u015fma T\u00fcrk kimli\u011fi \u00fczerinedir. Kimlik \u00fczerindeki bu a\u011f\u0131r bask\u0131, alg\u0131lama \u00e7er\u00e7evesinde de olsa, T\u00fcrk milletinin rotas\u0131nda sapmalara yol a\u00e7m\u0131\u015f ancak daha niha\u00ee sonuca ula\u015fmam\u0131\u015ft\u0131r. Bana g\u00f6re ula\u015fmas\u0131 da m\u00fcmk\u00fcn de\u011fildir. T\u00fcrk milleti, kimli\u011fine sahip \u00e7\u0131kacakt\u0131<\/p>\n","protected":false},"excerpt":{"rendered":"<p>T\u00fcrkiye\u2019nin rotas\u0131 gerek i\u00e7eride gerekse d\u0131\u015far\u0131da ba\u015fka bir istikamete \u00e7evrilmeye \u00e7al\u0131\u015f\u0131lmakta, ideolojik bir hedefe y\u00f6neltilmek istenmektedir. D\u0131\u015f politikalarda da tercihler, i\u00e7eride oldu\u011fu gibi ideolojik etnik\u00e7i ve<span class=\"excerpt-hellip\"> [\u2026]<\/span><\/p>\n","protected":false},"featured_media":0,"template":"","meta":{"_monsterinsights_skip_tracking":false,"_monsterinsights_sitenote_active":false,"_monsterinsights_sitenote_note":"","_monsterinsights_sitenote_category":0},"product_brand":[],"product_cat":[12337,14543],"product_tag":[],"class_list":{"0":"post-733355","1":"product","2":"type-product","3":"status-publish","5":"product_cat-politika-siyaset","6":"product_cat-turkiye-siyaseti-ve-politikasi","7":"pa_cilt-ciltsiz","8":"pa_tur-kitap","9":"pa_yayinevi-pankus-yayinlari","10":"pa_yazar-hakan-paksoy","12":"first","13":"instock","14":"sale","15":"shipping-taxable","16":"purchasable","17":"product-type-simple"},"_links":{"self":[{"href":"https:\/\/roveyayinevi.com.tr\/index.php\/wp-json\/wp\/v2\/product\/733355","targetHints":{"allow":["GET"]}}],"collection":[{"href":"https:\/\/roveyayinevi.com.tr\/index.php\/wp-json\/wp\/v2\/product"}],"about":[{"href":"https:\/\/roveyayinevi.com.tr\/index.php\/wp-json\/wp\/v2\/types\/product"}],"wp:attachment":[{"href":"https:\/\/roveyayinevi.com.tr\/index.php\/wp-json\/wp\/v2\/media?parent=733355"}],"wp:term":[{"taxonomy":"product_brand","embeddable":true,"href":"https:\/\/roveyayinevi.com.tr\/index.php\/wp-json\/wp\/v2\/product_brand?post=733355"},{"taxonomy":"product_cat","embeddable":true,"href":"https:\/\/roveyayinevi.com.tr\/index.php\/wp-json\/wp\/v2\/product_cat?post=733355"},{"taxonomy":"product_tag","embeddable":true,"href":"https:\/\/roveyayinevi.com.tr\/index.php\/wp-json\/wp\/v2\/product_tag?post=733355"}],"curies":[{"name":"wp","href":"https:\/\/api.w.org\/{rel}","templated":true}]}}