{"id":733354,"date":"2025-08-27T22:08:10","date_gmt":"2025-08-27T19:08:10","guid":{"rendered":"https:\/\/roveyayinevi.com.tr\/index.php\/urun\/ezber-bozan-kadinlar\/"},"modified":"2026-04-16T02:40:56","modified_gmt":"2026-04-15T23:40:56","slug":"ezber-bozan-kadinlar","status":"publish","type":"product","link":"https:\/\/roveyayinevi.com.tr\/index.php\/urun\/ezber-bozan-kadinlar\/","title":{"rendered":"Ezber Bozan Kad\u0131nlar"},"content":{"rendered":"<p>Onlar, ya\u015fad\u0131\u011f\u0131m\u0131z co\u011frafyan\u0131n kad\u0131nlar\u0131.Y\u00f6netici, pilot, korsan, stratejist, sanat\u00e7\u0131, ara\u015ft\u0131rmac\u0131, matematik\u00e7i, gazeteci, yazar, astronom, doktor, \u00e7evirmen, \u015fair, asker, giri\u015fimci, komutan\u2026Kar\u015f\u0131la\u015ft\u0131klar\u0131 zorluklar bize tan\u0131d\u0131k!Ama onlar, her \u015feye ra\u011fmen ba\u015fard\u0131!Onlar, her \u015feye ra\u011fmen ezberi bozdu!Baz\u0131lar\u0131 aram\u0131zda, baz\u0131lar\u0131n\u0131n cesaret r\u00fczg\u00e2r\u0131, y\u00fczy\u0131llard\u0131r kad\u0131nlar\u0131n kalbinde esiyor.\u201cD\u00fcnyada, f\u0131rsat e\u015fitli\u011fi olmad\u0131\u011f\u0131n\u0131 biliyorum. D\u00fcnyada, kad\u0131n ve \u00e7ocuk haklar\u0131 konusunda eksikler oldu\u011funu biliyorum. D\u00fcnyada bilimde, sanatta, teknolojide kad\u0131nlar\u0131n hep arka plana itildi\u011fini biliyorum. Ve M\u00fcsl\u00fcman kad\u0131nlar\u0131n, t\u00fcm bunlar\u0131n yan\u0131nda bir de hem d\u00fcnyan\u0131n hem de kendi \u00fclkelerinin \u201cM\u00fcsl\u00fcman bir kad\u0131n ne yapabilir ki?\u201d diyen \u00f6n yarg\u0131s\u0131 ile ba\u015f etmek zorunda oldu\u011funu biliyorum.\u201d diyen Hatice \u00d6zdemir T\u00fcl\u00fcn, 24 kad\u0131n\u0131n ilham veren \u00f6yk\u00fcs\u00fcn\u00fc, rol model arayan t\u00fcm kad\u0131nlarla bulu\u015fturuyor.\u201cKad\u0131nlar\u0131n masallar\u0131 birbirlerininkine benzer.\u201d<\/p>\n","protected":false},"excerpt":{"rendered":"<p>Onlar, ya\u015fad\u0131\u011f\u0131m\u0131z co\u011frafyan\u0131n kad\u0131nlar\u0131.Y\u00f6netici, pilot, korsan, stratejist, sanat\u00e7\u0131, ara\u015ft\u0131rmac\u0131, matematik\u00e7i, gazeteci, yazar, astronom, doktor, \u00e7evirmen, \u015fair, asker, giri\u015fimci, komutan\u2026Kar\u015f\u0131la\u015ft\u0131klar\u0131 zorluklar bize tan\u0131d\u0131k!Ama onlar, her \u015feye ra\u011fmen<span class=\"excerpt-hellip\"> [\u2026]<\/span><\/p>\n","protected":false},"featured_media":0,"template":"","meta":{"_monsterinsights_skip_tracking":false,"_monsterinsights_sitenote_active":false,"_monsterinsights_sitenote_note":"","_monsterinsights_sitenote_category":0},"product_brand":[],"product_cat":[12777,12291],"product_tag":[],"class_list":{"0":"post-733354","1":"product","2":"type-product","3":"status-publish","5":"product_cat-deneme","6":"product_cat-edebiyat","7":"pa_cilt-ciltsiz","8":"pa_tur-kitap","9":"pa_yayinevi-dus-degirmeni","10":"pa_yazar-hatice-ozdemir-tulun","12":"first","13":"instock","14":"sale","15":"shipping-taxable","16":"purchasable","17":"product-type-simple"},"_links":{"self":[{"href":"https:\/\/roveyayinevi.com.tr\/index.php\/wp-json\/wp\/v2\/product\/733354","targetHints":{"allow":["GET"]}}],"collection":[{"href":"https:\/\/roveyayinevi.com.tr\/index.php\/wp-json\/wp\/v2\/product"}],"about":[{"href":"https:\/\/roveyayinevi.com.tr\/index.php\/wp-json\/wp\/v2\/types\/product"}],"wp:attachment":[{"href":"https:\/\/roveyayinevi.com.tr\/index.php\/wp-json\/wp\/v2\/media?parent=733354"}],"wp:term":[{"taxonomy":"product_brand","embeddable":true,"href":"https:\/\/roveyayinevi.com.tr\/index.php\/wp-json\/wp\/v2\/product_brand?post=733354"},{"taxonomy":"product_cat","embeddable":true,"href":"https:\/\/roveyayinevi.com.tr\/index.php\/wp-json\/wp\/v2\/product_cat?post=733354"},{"taxonomy":"product_tag","embeddable":true,"href":"https:\/\/roveyayinevi.com.tr\/index.php\/wp-json\/wp\/v2\/product_tag?post=733354"}],"curies":[{"name":"wp","href":"https:\/\/api.w.org\/{rel}","templated":true}]}}