{"id":733353,"date":"2025-08-27T22:08:09","date_gmt":"2025-08-27T19:08:09","guid":{"rendered":"https:\/\/roveyayinevi.com.tr\/index.php\/urun\/akil-ipleri\/"},"modified":"2026-04-16T02:40:56","modified_gmt":"2026-04-15T23:40:56","slug":"akil-ipleri","status":"publish","type":"product","link":"https:\/\/roveyayinevi.com.tr\/index.php\/urun\/akil-ipleri\/","title":{"rendered":"Ak\u0131l \u0130pleri"},"content":{"rendered":"<p>Hik\u00e2ye Anahtarc\u0131s\u0131 senin i\u00e7in yeni maceralar\u0131n kaps\u0131n\u0131 a\u00e7\u0131yor.Her kap\u0131y\u0131 a\u00e7an bir anahtar vard\u0131r. Hik\u00e2yelerin kap\u0131s\u0131n\u0131 da hik\u00e2ye anahtarc\u0131lar\u0131 a\u00e7ar. Sen daha \u00f6nce bir hik\u00e2ye anahtarc\u0131s\u0131yla kar\u015f\u0131la\u015ft\u0131n m\u0131? Ba\u015ftan s\u00f6yleyelim her hik\u00e2ye anahtarc\u0131s\u0131 biraz \u00e7\u0131lg\u0131n g\u00f6r\u00fcn\u00fcr. E\u011fer \u00f6yle olmasayd\u0131 hik\u00e2yelerin kap\u0131s\u0131n\u0131 hi\u00e7 kimse merak edip aralamazd\u0131 de\u011fil mi?Hik\u00e2ye Anahtarc\u0131s\u0131\u2019n\u0131n rehberli\u011finde bamba\u015fka diyarlara ve bamba\u015fka zamanlara yolculuk yapmaya haz\u0131r m\u0131s\u0131n?Her \u015fey beyaz bir cipin \u015eaban\u2019\u0131n okulunun duvar\u0131na \u00e7arpmas\u0131 ile ba\u015flar. S\u00fcr\u00fcc\u00fcs\u00fc olmayan cipin i\u00e7inde Hik\u00e2ye Anahtarc\u0131s\u0131\u2019n\u0131n kayboldu\u011funu bildiren bir mesaj vard\u0131r. \u015eaban, Hik\u00e2ye Anahtarc\u0131s\u0131\u2019n\u0131 bulmak i\u00e7in yola \u00e7\u0131kar, Cunlar \u00fclkesine gider. Hik\u00e2ye Anahtarc\u0131s\u0131 oradad\u0131r ama kaybolan bedeni de\u011fil, zihnidir. \u015eaban\u2019\u0131 yine zorlu bir macera beklemektedir, yard\u0131mc\u0131s\u0131 k\u00fc\u00e7\u00fckc\u00fck bir yaprakt\u0131r.<\/p>\n","protected":false},"excerpt":{"rendered":"<p>Hik\u00e2ye Anahtarc\u0131s\u0131 senin i\u00e7in yeni maceralar\u0131n kaps\u0131n\u0131 a\u00e7\u0131yor.Her kap\u0131y\u0131 a\u00e7an bir anahtar vard\u0131r. Hik\u00e2yelerin kap\u0131s\u0131n\u0131 da hik\u00e2ye anahtarc\u0131lar\u0131 a\u00e7ar. Sen daha \u00f6nce bir hik\u00e2ye anahtarc\u0131s\u0131yla kar\u015f\u0131la\u015ft\u0131n<span class=\"excerpt-hellip\"> [\u2026]<\/span><\/p>\n","protected":false},"featured_media":0,"template":"","meta":{"_monsterinsights_skip_tracking":false,"_monsterinsights_sitenote_active":false,"_monsterinsights_sitenote_note":"","_monsterinsights_sitenote_category":0},"product_brand":[],"product_cat":[12275,12274],"product_tag":[],"class_list":{"0":"post-733353","1":"product","2":"type-product","3":"status-publish","5":"product_cat-6-12-yas-kitaplari","6":"product_cat-cocuk-ve-genclik-kitaplari","7":"pa_cilt-ciltsiz","8":"pa_tur-kitap","9":"pa_yayinevi-dus-degirmeni","10":"pa_yazar-ayse-sevim","12":"first","13":"instock","14":"sale","15":"shipping-taxable","16":"purchasable","17":"product-type-simple"},"_links":{"self":[{"href":"https:\/\/roveyayinevi.com.tr\/index.php\/wp-json\/wp\/v2\/product\/733353","targetHints":{"allow":["GET"]}}],"collection":[{"href":"https:\/\/roveyayinevi.com.tr\/index.php\/wp-json\/wp\/v2\/product"}],"about":[{"href":"https:\/\/roveyayinevi.com.tr\/index.php\/wp-json\/wp\/v2\/types\/product"}],"wp:attachment":[{"href":"https:\/\/roveyayinevi.com.tr\/index.php\/wp-json\/wp\/v2\/media?parent=733353"}],"wp:term":[{"taxonomy":"product_brand","embeddable":true,"href":"https:\/\/roveyayinevi.com.tr\/index.php\/wp-json\/wp\/v2\/product_brand?post=733353"},{"taxonomy":"product_cat","embeddable":true,"href":"https:\/\/roveyayinevi.com.tr\/index.php\/wp-json\/wp\/v2\/product_cat?post=733353"},{"taxonomy":"product_tag","embeddable":true,"href":"https:\/\/roveyayinevi.com.tr\/index.php\/wp-json\/wp\/v2\/product_tag?post=733353"}],"curies":[{"name":"wp","href":"https:\/\/api.w.org\/{rel}","templated":true}]}}