{"id":733350,"date":"2025-08-27T22:08:06","date_gmt":"2025-08-27T19:08:06","guid":{"rendered":"https:\/\/roveyayinevi.com.tr\/index.php\/urun\/yeni-ay-mavinin-kizi-emily-1\/"},"modified":"2026-04-16T02:40:56","modified_gmt":"2026-04-15T23:40:56","slug":"yeni-ay-mavinin-kizi-emily-1","status":"publish","type":"product","link":"https:\/\/roveyayinevi.com.tr\/index.php\/urun\/yeni-ay-mavinin-kizi-emily-1\/","title":{"rendered":"Yeni Ay &#8211; Mavinin K\u0131z\u0131 Emily 1"},"content":{"rendered":"<p>\u201cD\u00fcnyada beni seven kimse yok art\u0131k\u2026 Ama a\u011flamayaca\u011f\u0131m! D\u00fcnyan\u0131n ne kadar da b\u00fcy\u00fck ve bo\u015f\u2026 Art\u0131k hi\u00e7bir \u015fey bana ilgi \u00e7ekici gelmiyor. Bah\u00e7edeki k\u00fc\u00e7\u00fck elma a\u011fac\u0131n\u0131n \u00e7i\u00e7eklenip kar g\u00fczelli\u011fine d\u00f6n\u00fc\u015fmesi bile&#8230; Ama babama cesur olaca\u011f\u0131ma dair s\u00f6z verdim. Ve \u00f6yle yapaca\u011f\u0131m! Onlardan korktu\u011fumu d\u00fc\u015f\u00fcnmelerine izin vermeyece\u011fim. Kar\u015f\u0131lar\u0131nda dimdik duraca\u011f\u0131m!\u201dD\u00f6rt ya\u015f\u0131ndayken annesini, on bir ya\u015f\u0131nda da \u00e7ok sevdi\u011fi babas\u0131n\u0131 kaybeden ve Prens Edward Adas\u0131&#8217;ndaki New Moon \u00c7iftli\u011fi\u2019nde iki teyzesi ve onlar\u0131n kuzenleriyle birlikte ya\u015famaya ba\u015flayan Emily\u2019nin merak ve hayranl\u0131k uyand\u0131ran hayat hik\u00e2yesi\u2026 Son derece disiplinli ve kat\u0131 bir mizaca sahip Elizabeth Teyze\u2026 Bir o kadar \u015fefkatli ve sevecen Laura Teyze\u2026 \u00c7iftli\u011fin t\u00fcm i\u015flerini idare eden e\u011flenceli Kuzen Jimmy\u2026 Arkada\u015fl\u0131k, aile ba\u011flar\u0131, sevgi, umut ve hayaller\u2026 Kesinlikle okunmaya de\u011fer bir eser!<\/p>\n","protected":false},"excerpt":{"rendered":"<p>\u201cD\u00fcnyada beni seven kimse yok art\u0131k\u2026 Ama a\u011flamayaca\u011f\u0131m! D\u00fcnyan\u0131n ne kadar da b\u00fcy\u00fck ve bo\u015f\u2026 Art\u0131k hi\u00e7bir \u015fey bana ilgi \u00e7ekici gelmiyor. Bah\u00e7edeki k\u00fc\u00e7\u00fck elma a\u011fac\u0131n\u0131n<span class=\"excerpt-hellip\"> [\u2026]<\/span><\/p>\n","protected":false},"featured_media":0,"template":"","meta":{"_monsterinsights_skip_tracking":false,"_monsterinsights_sitenote_active":false,"_monsterinsights_sitenote_note":"","_monsterinsights_sitenote_category":0},"product_brand":[],"product_cat":[12275,12274],"product_tag":[],"class_list":{"0":"post-733350","1":"product","2":"type-product","3":"status-publish","5":"product_cat-6-12-yas-kitaplari","6":"product_cat-cocuk-ve-genclik-kitaplari","7":"pa_cilt-ciltsiz","8":"pa_tur-kitap","9":"pa_yayinevi-carpe-diem-kitaplari","10":"pa_yazar-lucy-maud-montgomery","12":"first","13":"instock","14":"sale","15":"shipping-taxable","16":"purchasable","17":"product-type-simple"},"_links":{"self":[{"href":"https:\/\/roveyayinevi.com.tr\/index.php\/wp-json\/wp\/v2\/product\/733350","targetHints":{"allow":["GET"]}}],"collection":[{"href":"https:\/\/roveyayinevi.com.tr\/index.php\/wp-json\/wp\/v2\/product"}],"about":[{"href":"https:\/\/roveyayinevi.com.tr\/index.php\/wp-json\/wp\/v2\/types\/product"}],"wp:attachment":[{"href":"https:\/\/roveyayinevi.com.tr\/index.php\/wp-json\/wp\/v2\/media?parent=733350"}],"wp:term":[{"taxonomy":"product_brand","embeddable":true,"href":"https:\/\/roveyayinevi.com.tr\/index.php\/wp-json\/wp\/v2\/product_brand?post=733350"},{"taxonomy":"product_cat","embeddable":true,"href":"https:\/\/roveyayinevi.com.tr\/index.php\/wp-json\/wp\/v2\/product_cat?post=733350"},{"taxonomy":"product_tag","embeddable":true,"href":"https:\/\/roveyayinevi.com.tr\/index.php\/wp-json\/wp\/v2\/product_tag?post=733350"}],"curies":[{"name":"wp","href":"https:\/\/api.w.org\/{rel}","templated":true}]}}