{"id":733349,"date":"2025-08-27T22:08:05","date_gmt":"2025-08-27T19:08:05","guid":{"rendered":"https:\/\/roveyayinevi.com.tr\/index.php\/urun\/kayip-cennet-mavinin-kizi-emily-2\/"},"modified":"2026-04-16T02:40:56","modified_gmt":"2026-04-15T23:40:56","slug":"kayip-cennet-mavinin-kizi-emily-2","status":"publish","type":"product","link":"https:\/\/roveyayinevi.com.tr\/index.php\/urun\/kayip-cennet-mavinin-kizi-emily-2\/","title":{"rendered":"Kay\u0131p Cennet &#8211; Mavinin K\u0131z\u0131 Emily 2"},"content":{"rendered":"<p>\u201cD\u00fcnyaya yazmak i\u00e7in gelmi\u015f baz\u0131 insanlar vard\u0131r. Yazmak, onlar i\u00e7in al\u0131n yaz\u0131s\u0131d\u0131r. Daha do\u011fduklar\u0131 g\u00fcn, parmaklar\u0131n\u0131n ucunda bir kar\u0131ncalanma olu\u015fur. \u0130\u015fte, ben de o insanlardan biriyim. Yazmak, benim kaderim\u2026\u201d\u00c7ocukluktan gen\u00e7 k\u0131zl\u0131\u011fa ad\u0131m att\u0131\u011f\u0131 bir d\u00f6nemde yeni bir hayata ba\u015flamak zorunda kalan ve ya\u015fad\u0131\u011f\u0131 t\u00fcm zorluklara ra\u011fmen hayata sevgiyle tutunan Emily\u2019nin hik\u00e2yesi, okuyan herkesi derinden etkileyecek! Arkada\u015fl\u0131k ve sadakat konusunda bir s\u0131nama ya\u015fayan Emily hayat\u0131n anlam\u0131n\u0131 ve de\u011ferini yeniden ke\u015ffedece\u011fi ilgin\u00e7 bir deneyim de ya\u015fayacakt\u0131r.<\/p>\n","protected":false},"excerpt":{"rendered":"<p>\u201cD\u00fcnyaya yazmak i\u00e7in gelmi\u015f baz\u0131 insanlar vard\u0131r. Yazmak, onlar i\u00e7in al\u0131n yaz\u0131s\u0131d\u0131r. Daha do\u011fduklar\u0131 g\u00fcn, parmaklar\u0131n\u0131n ucunda bir kar\u0131ncalanma olu\u015fur. \u0130\u015fte, ben de o insanlardan biriyim.<span class=\"excerpt-hellip\"> [\u2026]<\/span><\/p>\n","protected":false},"featured_media":0,"template":"","meta":{"_monsterinsights_skip_tracking":false,"_monsterinsights_sitenote_active":false,"_monsterinsights_sitenote_note":"","_monsterinsights_sitenote_category":0},"product_brand":[],"product_cat":[12275,12274],"product_tag":[],"class_list":{"0":"post-733349","1":"product","2":"type-product","3":"status-publish","5":"product_cat-6-12-yas-kitaplari","6":"product_cat-cocuk-ve-genclik-kitaplari","7":"pa_cilt-ciltsiz","8":"pa_tur-kitap","9":"pa_yayinevi-carpe-diem-kitaplari","10":"pa_yazar-lucy-maud-montgomery","12":"first","13":"instock","14":"sale","15":"shipping-taxable","16":"purchasable","17":"product-type-simple"},"_links":{"self":[{"href":"https:\/\/roveyayinevi.com.tr\/index.php\/wp-json\/wp\/v2\/product\/733349","targetHints":{"allow":["GET"]}}],"collection":[{"href":"https:\/\/roveyayinevi.com.tr\/index.php\/wp-json\/wp\/v2\/product"}],"about":[{"href":"https:\/\/roveyayinevi.com.tr\/index.php\/wp-json\/wp\/v2\/types\/product"}],"wp:attachment":[{"href":"https:\/\/roveyayinevi.com.tr\/index.php\/wp-json\/wp\/v2\/media?parent=733349"}],"wp:term":[{"taxonomy":"product_brand","embeddable":true,"href":"https:\/\/roveyayinevi.com.tr\/index.php\/wp-json\/wp\/v2\/product_brand?post=733349"},{"taxonomy":"product_cat","embeddable":true,"href":"https:\/\/roveyayinevi.com.tr\/index.php\/wp-json\/wp\/v2\/product_cat?post=733349"},{"taxonomy":"product_tag","embeddable":true,"href":"https:\/\/roveyayinevi.com.tr\/index.php\/wp-json\/wp\/v2\/product_tag?post=733349"}],"curies":[{"name":"wp","href":"https:\/\/api.w.org\/{rel}","templated":true}]}}