{"id":733348,"date":"2025-08-27T22:08:04","date_gmt":"2025-08-27T19:08:04","guid":{"rendered":"https:\/\/roveyayinevi.com.tr\/index.php\/urun\/hayal-dokumacisi-mavinin-kizi-emily-3\/"},"modified":"2026-04-16T02:40:56","modified_gmt":"2026-04-15T23:40:56","slug":"hayal-dokumacisi-mavinin-kizi-emily-3","status":"publish","type":"product","link":"https:\/\/roveyayinevi.com.tr\/index.php\/urun\/hayal-dokumacisi-mavinin-kizi-emily-3\/","title":{"rendered":"Hayal Dokumac\u0131s\u0131 &#8211; Mavinin K\u0131z\u0131 Emily 3"},"content":{"rendered":"<p>\u201cTeddy, bu d\u00fcnyaya do\u011fmadan \u00f6nce iki g\u00fcne\u015fin oldu\u011fu ba\u015fka bir yerde ya\u015fad\u0131\u011f\u0131n\u0131 s\u00f6yledi bize. Orada g\u00fcnler k\u0131rm\u0131z\u0131, geceler maviymi\u015f. Bu fikre nereden kap\u0131ld\u0131\u011f\u0131n\u0131 bilmiyorum ama bana ilgin\u00e7 geldi. Orada derelerden su yerine bal akt\u0131\u011f\u0131n\u0131 s\u00f6yl\u00fcyor. Ve insanlar hi\u00e7 susam\u0131yorlarm\u0131\u015f. Ama ben san\u0131r\u0131m susamak isterdim. \u00c7\u00fcnk\u00fc e\u011fer susamasayd\u0131m, so\u011fuk suyun o muhte\u015fem tad\u0131n\u0131 nas\u0131l alabilirdim? Ben Ay\u2019da ya\u015famak isterdim. Tamamen g\u00fcm\u00fc\u015f renkli, \u00e7ok g\u00fczel bir yer olmal\u0131 oras\u0131.\u201dEn b\u00fcy\u00fck hayali olan yazarl\u0131k yolunda kararl\u0131 bir \u015fekilde ilerleyen Emily, hayal d\u00fcnyas\u0131n\u0131n derinlerine dal\u0131yor. Gizem dolu karakterlerin, perili evlerin, mistik d\u00fc\u015flerin i\u00e7inden ge\u00e7erek kendi yolunu bulmaya \u00e7al\u0131\u015f\u0131yor. Ilse\u2019nin annesi ile ilgili b\u00fcy\u00fck s\u0131rr\u0131 da sonunda \u00e7\u00f6zmeyi ba\u015faran Emily\u2019yi zorlu bir macera ve yeni bir arkada\u015fl\u0131k da bekliyor.<\/p>\n","protected":false},"excerpt":{"rendered":"<p>\u201cTeddy, bu d\u00fcnyaya do\u011fmadan \u00f6nce iki g\u00fcne\u015fin oldu\u011fu ba\u015fka bir yerde ya\u015fad\u0131\u011f\u0131n\u0131 s\u00f6yledi bize. Orada g\u00fcnler k\u0131rm\u0131z\u0131, geceler maviymi\u015f. Bu fikre nereden kap\u0131ld\u0131\u011f\u0131n\u0131 bilmiyorum ama bana<span class=\"excerpt-hellip\"> [\u2026]<\/span><\/p>\n","protected":false},"featured_media":0,"template":"","meta":{"_monsterinsights_skip_tracking":false,"_monsterinsights_sitenote_active":false,"_monsterinsights_sitenote_note":"","_monsterinsights_sitenote_category":0},"product_brand":[],"product_cat":[12275,12274],"product_tag":[],"class_list":{"0":"post-733348","1":"product","2":"type-product","3":"status-publish","5":"product_cat-6-12-yas-kitaplari","6":"product_cat-cocuk-ve-genclik-kitaplari","7":"pa_cilt-ciltsiz","8":"pa_tur-kitap","9":"pa_yayinevi-carpe-diem-kitaplari","10":"pa_yazar-lucy-maud-montgomery","12":"first","13":"instock","14":"sale","15":"shipping-taxable","16":"purchasable","17":"product-type-simple"},"_links":{"self":[{"href":"https:\/\/roveyayinevi.com.tr\/index.php\/wp-json\/wp\/v2\/product\/733348","targetHints":{"allow":["GET"]}}],"collection":[{"href":"https:\/\/roveyayinevi.com.tr\/index.php\/wp-json\/wp\/v2\/product"}],"about":[{"href":"https:\/\/roveyayinevi.com.tr\/index.php\/wp-json\/wp\/v2\/types\/product"}],"wp:attachment":[{"href":"https:\/\/roveyayinevi.com.tr\/index.php\/wp-json\/wp\/v2\/media?parent=733348"}],"wp:term":[{"taxonomy":"product_brand","embeddable":true,"href":"https:\/\/roveyayinevi.com.tr\/index.php\/wp-json\/wp\/v2\/product_brand?post=733348"},{"taxonomy":"product_cat","embeddable":true,"href":"https:\/\/roveyayinevi.com.tr\/index.php\/wp-json\/wp\/v2\/product_cat?post=733348"},{"taxonomy":"product_tag","embeddable":true,"href":"https:\/\/roveyayinevi.com.tr\/index.php\/wp-json\/wp\/v2\/product_tag?post=733348"}],"curies":[{"name":"wp","href":"https:\/\/api.w.org\/{rel}","templated":true}]}}