{"id":733347,"date":"2025-08-27T22:08:03","date_gmt":"2025-08-27T19:08:03","guid":{"rendered":"https:\/\/roveyayinevi.com.tr\/index.php\/urun\/mutluluk-agaci-mavinin-kizi-emily-4\/"},"modified":"2026-04-16T02:40:56","modified_gmt":"2026-04-15T23:40:56","slug":"mutluluk-agaci-mavinin-kizi-emily-4","status":"publish","type":"product","link":"https:\/\/roveyayinevi.com.tr\/index.php\/urun\/mutluluk-agaci-mavinin-kizi-emily-4\/","title":{"rendered":"Mutluluk A\u011fac\u0131 &#8211; Mavinin K\u0131z\u0131 Emily 4"},"content":{"rendered":"<p>\u201cBug\u00fcn benim do\u011fum g\u00fcn\u00fcm. Art\u0131k on d\u00f6rt ya\u015f\u0131nday\u0131m. Bug\u00fcn on d\u00f6rt ya\u015f\u0131ndaki benden, yirmi d\u00f6rt ya\u015f\u0131mdaki bene bir mektup yazd\u0131m. Zarfa koydum ve yirmi d\u00f6rd\u00fcnc\u00fc do\u011fum g\u00fcn\u00fcmde a\u00e7mak \u00fczere dolaba kald\u0131rd\u0131m. Mektubumda baz\u0131 tahminlerde bulundum. Zarf\u0131 a\u00e7t\u0131\u011f\u0131mda tahminlerimin ger\u00e7ekle\u015fmi\u015f olup olmayaca\u011f\u0131n\u0131 \u00e7ok merak ediyorum.\u201dEmily lise e\u011fitimini Shrewsbury\u2019de g\u00f6rmek i\u00e7in en b\u00fcy\u00fck hayali olan yazmaya ara vermekle kar\u015f\u0131 kar\u015f\u0131ya kal\u0131r. Bir yandan kalbine s\u00f6z ge\u00e7irmeye \u00e7al\u0131\u015f\u0131rken di\u011fer yandan hayat\u0131yla ilgili ciddi kararlar almak i\u00e7in ad\u0131m atacakt\u0131r. Hi\u00e7 ummad\u0131\u011f\u0131 anda kendini korkun\u00e7 bir k\u00e2busun i\u00e7inde bulan Emily gecenin sonunda beklemedik bir s\u00fcrprizle kar\u015f\u0131la\u015facakt\u0131r.<\/p>\n","protected":false},"excerpt":{"rendered":"<p>\u201cBug\u00fcn benim do\u011fum g\u00fcn\u00fcm. Art\u0131k on d\u00f6rt ya\u015f\u0131nday\u0131m. Bug\u00fcn on d\u00f6rt ya\u015f\u0131ndaki benden, yirmi d\u00f6rt ya\u015f\u0131mdaki bene bir mektup yazd\u0131m. Zarfa koydum ve yirmi d\u00f6rd\u00fcnc\u00fc do\u011fum<span class=\"excerpt-hellip\"> [\u2026]<\/span><\/p>\n","protected":false},"featured_media":0,"template":"","meta":{"_monsterinsights_skip_tracking":false,"_monsterinsights_sitenote_active":false,"_monsterinsights_sitenote_note":"","_monsterinsights_sitenote_category":0},"product_brand":[],"product_cat":[12275,12274],"product_tag":[],"class_list":{"0":"post-733347","1":"product","2":"type-product","3":"status-publish","5":"product_cat-6-12-yas-kitaplari","6":"product_cat-cocuk-ve-genclik-kitaplari","7":"pa_cilt-ciltsiz","8":"pa_tur-kitap","9":"pa_yayinevi-carpe-diem-kitaplari","10":"pa_yazar-lucy-maud-montgomery","12":"first","13":"instock","14":"sale","15":"shipping-taxable","16":"purchasable","17":"product-type-simple"},"_links":{"self":[{"href":"https:\/\/roveyayinevi.com.tr\/index.php\/wp-json\/wp\/v2\/product\/733347","targetHints":{"allow":["GET"]}}],"collection":[{"href":"https:\/\/roveyayinevi.com.tr\/index.php\/wp-json\/wp\/v2\/product"}],"about":[{"href":"https:\/\/roveyayinevi.com.tr\/index.php\/wp-json\/wp\/v2\/types\/product"}],"wp:attachment":[{"href":"https:\/\/roveyayinevi.com.tr\/index.php\/wp-json\/wp\/v2\/media?parent=733347"}],"wp:term":[{"taxonomy":"product_brand","embeddable":true,"href":"https:\/\/roveyayinevi.com.tr\/index.php\/wp-json\/wp\/v2\/product_brand?post=733347"},{"taxonomy":"product_cat","embeddable":true,"href":"https:\/\/roveyayinevi.com.tr\/index.php\/wp-json\/wp\/v2\/product_cat?post=733347"},{"taxonomy":"product_tag","embeddable":true,"href":"https:\/\/roveyayinevi.com.tr\/index.php\/wp-json\/wp\/v2\/product_tag?post=733347"}],"curies":[{"name":"wp","href":"https:\/\/api.w.org\/{rel}","templated":true}]}}