{"id":733346,"date":"2025-08-27T22:08:02","date_gmt":"2025-08-27T19:08:02","guid":{"rendered":"https:\/\/roveyayinevi.com.tr\/index.php\/urun\/arkadasim-ruzgar\/"},"modified":"2026-04-16T02:40:56","modified_gmt":"2026-04-15T23:40:56","slug":"arkadasim-ruzgar","status":"publish","type":"product","link":"https:\/\/roveyayinevi.com.tr\/index.php\/urun\/arkadasim-ruzgar\/","title":{"rendered":"Arkada\u015f\u0131m R\u00fczgar"},"content":{"rendered":"<p>Arkada\u015f\u0131m R\u00fczg\u00e2r, hi\u00e7 yerinde durmazd\u0131. Da\u011flardan ormanlara, bah\u00e7elerden sokaklara eser dururdu. Bir g\u00fcn, do\u011fum g\u00fcn\u00fc pastas\u0131ndaki mumlar\u0131 s\u00f6nd\u00fcremeyen \u00c7\u0131nar\u2019\u0131n evine girdi a\u00e7\u0131k pencereden. Bir esi\u015fte s\u00f6nd\u00fcrd\u00fc b\u00fct\u00fcn mumlar\u0131, \u00e7\u0131kt\u0131 gitti pervazdan. \u00c7\u0131nar merak etti R\u00fczg\u00e2r\u2019\u0131. Gidebilece\u011fi her yerde arad\u0131, tarad\u0131\u2026 Peki, bulabildi mi R\u00fczg\u00e2r\u2019\u0131? Arkada\u015f\u0131m R\u00fczg\u00e2r, do\u011faya ve do\u011fa olaylar\u0131na kar\u015f\u0131 \u00e7ocuklarda fark\u0131ndal\u0131k olu\u015fturan merakland\u0131r\u0131c\u0131 ve s\u0131cac\u0131k bir \u00f6yk\u00fc\u2026<\/p>\n","protected":false},"excerpt":{"rendered":"<p>Arkada\u015f\u0131m R\u00fczg\u00e2r, hi\u00e7 yerinde durmazd\u0131. Da\u011flardan ormanlara, bah\u00e7elerden sokaklara eser dururdu. Bir g\u00fcn, do\u011fum g\u00fcn\u00fc pastas\u0131ndaki mumlar\u0131 s\u00f6nd\u00fcremeyen \u00c7\u0131nar\u2019\u0131n evine girdi a\u00e7\u0131k pencereden. Bir esi\u015fte s\u00f6nd\u00fcrd\u00fc<span class=\"excerpt-hellip\"> [\u2026]<\/span><\/p>\n","protected":false},"featured_media":0,"template":"","meta":{"_monsterinsights_skip_tracking":false,"_monsterinsights_sitenote_active":false,"_monsterinsights_sitenote_note":"","_monsterinsights_sitenote_category":0},"product_brand":[],"product_cat":[12274,12518],"product_tag":[],"class_list":{"0":"post-733346","1":"product","2":"type-product","3":"status-publish","5":"product_cat-cocuk-ve-genclik-kitaplari","6":"product_cat-okul-oncesi-kitaplar","7":"pa_cilt-ciltsiz","8":"pa_tur-kitap","9":"pa_yayinevi-timas-cocuk","10":"pa_yazar-fatma-isler","12":"first","13":"instock","14":"sale","15":"shipping-taxable","16":"purchasable","17":"product-type-simple"},"_links":{"self":[{"href":"https:\/\/roveyayinevi.com.tr\/index.php\/wp-json\/wp\/v2\/product\/733346","targetHints":{"allow":["GET"]}}],"collection":[{"href":"https:\/\/roveyayinevi.com.tr\/index.php\/wp-json\/wp\/v2\/product"}],"about":[{"href":"https:\/\/roveyayinevi.com.tr\/index.php\/wp-json\/wp\/v2\/types\/product"}],"wp:attachment":[{"href":"https:\/\/roveyayinevi.com.tr\/index.php\/wp-json\/wp\/v2\/media?parent=733346"}],"wp:term":[{"taxonomy":"product_brand","embeddable":true,"href":"https:\/\/roveyayinevi.com.tr\/index.php\/wp-json\/wp\/v2\/product_brand?post=733346"},{"taxonomy":"product_cat","embeddable":true,"href":"https:\/\/roveyayinevi.com.tr\/index.php\/wp-json\/wp\/v2\/product_cat?post=733346"},{"taxonomy":"product_tag","embeddable":true,"href":"https:\/\/roveyayinevi.com.tr\/index.php\/wp-json\/wp\/v2\/product_tag?post=733346"}],"curies":[{"name":"wp","href":"https:\/\/api.w.org\/{rel}","templated":true}]}}