{"id":733342,"date":"2025-08-27T22:07:58","date_gmt":"2025-08-27T19:07:58","guid":{"rendered":"https:\/\/roveyayinevi.com.tr\/index.php\/urun\/cilli-cirpi-1-tabiat-kasifligi-simdi-basliyor\/"},"modified":"2026-04-16T02:40:56","modified_gmt":"2026-04-15T23:40:56","slug":"cilli-cirpi-1-tabiat-kasifligi-simdi-basliyor","status":"publish","type":"product","link":"https:\/\/roveyayinevi.com.tr\/index.php\/urun\/cilli-cirpi-1-tabiat-kasifligi-simdi-basliyor\/","title":{"rendered":"\u00c7illi \u00c7irpi 1 &#8211; Tabiat Ka\u015fifli\u011fi \u015eimdi Ba\u015fl\u0131yor"},"content":{"rendered":"<p>Hi\u015f\u015f\u015f\u015f\u015fttt!..Sana anlatacaklar\u0131m var. \u00c7illi \u00c7irpi, karnesinde k\u0131r\u0131k bir notu oldu\u011fundan biraz \u00fczg\u00fcn. Hay\u0131r, hay\u0131r; endi\u015felenme! Bu her zaman k\u00f6t\u00fc bir \u015fey de\u011fil. \u00c7\u00fcnk\u00fc \u00f6\u011fretmeni ona bir ke\u015fif \u00f6devi verdi. Hem k\u00f6y\u00fc hem de hayvanlar\u0131 yak\u0131ndan tan\u0131mak kula\u011fa nas\u0131l geliyor? Sen hi\u00e7 apartman hayat\u0131nda k\u0131s\u0131l\u0131p kald\u0131\u011f\u0131n\u0131 d\u00fc\u015f\u00fcnerek s\u0131k\u0131ld\u0131n m\u0131? \u015e\u00f6yle g\u00fczel mi g\u00fczel bir k\u00f6y maceras\u0131na kat\u0131lmak i\u00e7in daha iyi bir f\u0131rsat\u0131n olamaz. Ekrem dedenin hazine odas\u0131na girmek, folluktan yumurta toplay\u0131p bir korkulu\u011fa y\u00fcz dikmek de bunlara d\u00e2hil. Bu kitap bitti\u011finde kemirgen hayvanlar\u0131 daha yak\u0131ndan tan\u0131yacaks\u0131n. Mesela sincab\u0131n kuyru\u011funu battaniye olarak kulland\u0131\u011f\u0131n\u0131, kunduzun do\u011fal bir mimar oldu\u011funu biliyor muydun?Kitap bitince macera bitmiyor. Sonuna minik s\u00fcrprizler de saklad\u0131k.\u00c7illi \u00c7irpi sana sesleniyor: \u201cHadi sen de bu ke\u015ffe kat\u0131l!\u201dNot: Resfebeli Kitap<\/p>\n","protected":false},"excerpt":{"rendered":"<p>Hi\u015f\u015f\u015f\u015f\u015fttt!..Sana anlatacaklar\u0131m var. \u00c7illi \u00c7irpi, karnesinde k\u0131r\u0131k bir notu oldu\u011fundan biraz \u00fczg\u00fcn. Hay\u0131r, hay\u0131r; endi\u015felenme! Bu her zaman k\u00f6t\u00fc bir \u015fey de\u011fil. \u00c7\u00fcnk\u00fc \u00f6\u011fretmeni ona bir<span class=\"excerpt-hellip\"> [\u2026]<\/span><\/p>\n","protected":false},"featured_media":0,"template":"","meta":{"_monsterinsights_skip_tracking":false,"_monsterinsights_sitenote_active":false,"_monsterinsights_sitenote_note":"","_monsterinsights_sitenote_category":0},"product_brand":[],"product_cat":[12275,12274],"product_tag":[],"class_list":{"0":"post-733342","1":"product","2":"type-product","3":"status-publish","5":"product_cat-6-12-yas-kitaplari","6":"product_cat-cocuk-ve-genclik-kitaplari","7":"pa_cilt-ciltsiz","8":"pa_tur-kitap","9":"pa_yayinevi-otuken-nesriyat","10":"pa_yazar-kudret-ayse-yilmaz","12":"first","13":"instock","14":"sale","15":"shipping-taxable","16":"purchasable","17":"product-type-simple"},"_links":{"self":[{"href":"https:\/\/roveyayinevi.com.tr\/index.php\/wp-json\/wp\/v2\/product\/733342","targetHints":{"allow":["GET"]}}],"collection":[{"href":"https:\/\/roveyayinevi.com.tr\/index.php\/wp-json\/wp\/v2\/product"}],"about":[{"href":"https:\/\/roveyayinevi.com.tr\/index.php\/wp-json\/wp\/v2\/types\/product"}],"wp:attachment":[{"href":"https:\/\/roveyayinevi.com.tr\/index.php\/wp-json\/wp\/v2\/media?parent=733342"}],"wp:term":[{"taxonomy":"product_brand","embeddable":true,"href":"https:\/\/roveyayinevi.com.tr\/index.php\/wp-json\/wp\/v2\/product_brand?post=733342"},{"taxonomy":"product_cat","embeddable":true,"href":"https:\/\/roveyayinevi.com.tr\/index.php\/wp-json\/wp\/v2\/product_cat?post=733342"},{"taxonomy":"product_tag","embeddable":true,"href":"https:\/\/roveyayinevi.com.tr\/index.php\/wp-json\/wp\/v2\/product_tag?post=733342"}],"curies":[{"name":"wp","href":"https:\/\/api.w.org\/{rel}","templated":true}]}}