{"id":733340,"date":"2025-08-27T22:07:56","date_gmt":"2025-08-27T19:07:56","guid":{"rendered":"https:\/\/roveyayinevi.com.tr\/index.php\/urun\/kopek-baligi-saldirisi-mission-survival\/"},"modified":"2026-04-16T02:40:56","modified_gmt":"2026-04-15T23:40:56","slug":"kopek-baligi-saldirisi-mission-survival","status":"publish","type":"product","link":"https:\/\/roveyayinevi.com.tr\/index.php\/urun\/kopek-baligi-saldirisi-mission-survival\/","title":{"rendered":"K\u00f6pek Bal\u0131\u011f\u0131 Sald\u0131r\u0131s\u0131 &#8211; Mission Survival"},"content":{"rendered":"<p>Beck Granger, amcas\u0131n\u0131n yak\u0131n dostu Steven ile birlikte tropikal sularda bir gemi seyahatine \u00e7\u0131kar. Fakat bir gece, gemi beklenmedik bir \u015fekilde batar ve Beck, a\u011f\u0131r yaral\u0131 Steven, geminin umutsuz kaptan\u0131, yeni arkada\u015f\u0131 Jamie ve onun annesiyle birlikte a\u00e7\u0131k okyanusta kalakal\u0131r. Yard\u0131m gelene dek hayatta kalmalar\u0131 gerekir. Fakat k\u00f6pek bal\u0131klar\u0131 ve g\u00fcven vermeyen yol arkada\u015flar\u0131yla bu pek de m\u00fcmk\u00fcn de\u011fildir!    Daha \u00f6nce \u00e7\u00f6llerde, buzullarda ve ormanda hayatta kalmay\u0131 ba\u015faran Beck\u2019in becerileri onu okyanustan da kurtarabilecek mi? Evinde hissetti\u011fi do\u011fada edindi\u011fi tecr\u00fcbeler teknolojiye kar\u015f\u0131 da i\u015fine yarayacak m\u0131?   T\u00fcyler \u00fcrperten buz gibi sularda ge\u00e7en enfes bir hayatta kalma hik\u00e2yesi.<\/p>\n","protected":false},"excerpt":{"rendered":"<p>Beck Granger, amcas\u0131n\u0131n yak\u0131n dostu Steven ile birlikte tropikal sularda bir gemi seyahatine \u00e7\u0131kar. Fakat bir gece, gemi beklenmedik bir \u015fekilde batar ve Beck, a\u011f\u0131r yaral\u0131<span class=\"excerpt-hellip\"> [\u2026]<\/span><\/p>\n","protected":false},"featured_media":0,"template":"","meta":{"_monsterinsights_skip_tracking":false,"_monsterinsights_sitenote_active":false,"_monsterinsights_sitenote_note":"","_monsterinsights_sitenote_category":0},"product_brand":[],"product_cat":[12275,12274],"product_tag":[],"class_list":{"0":"post-733340","1":"product","2":"type-product","3":"status-publish","5":"product_cat-6-12-yas-kitaplari","6":"product_cat-cocuk-ve-genclik-kitaplari","7":"pa_cilt-ciltsiz","8":"pa_tur-kitap","9":"pa_yayinevi-genc-timas","10":"pa_yazar-bear-grylls","12":"first","13":"instock","14":"sale","15":"shipping-taxable","16":"purchasable","17":"product-type-simple"},"_links":{"self":[{"href":"https:\/\/roveyayinevi.com.tr\/index.php\/wp-json\/wp\/v2\/product\/733340","targetHints":{"allow":["GET"]}}],"collection":[{"href":"https:\/\/roveyayinevi.com.tr\/index.php\/wp-json\/wp\/v2\/product"}],"about":[{"href":"https:\/\/roveyayinevi.com.tr\/index.php\/wp-json\/wp\/v2\/types\/product"}],"wp:attachment":[{"href":"https:\/\/roveyayinevi.com.tr\/index.php\/wp-json\/wp\/v2\/media?parent=733340"}],"wp:term":[{"taxonomy":"product_brand","embeddable":true,"href":"https:\/\/roveyayinevi.com.tr\/index.php\/wp-json\/wp\/v2\/product_brand?post=733340"},{"taxonomy":"product_cat","embeddable":true,"href":"https:\/\/roveyayinevi.com.tr\/index.php\/wp-json\/wp\/v2\/product_cat?post=733340"},{"taxonomy":"product_tag","embeddable":true,"href":"https:\/\/roveyayinevi.com.tr\/index.php\/wp-json\/wp\/v2\/product_tag?post=733340"}],"curies":[{"name":"wp","href":"https:\/\/api.w.org\/{rel}","templated":true}]}}