{"id":733338,"date":"2025-08-27T22:07:54","date_gmt":"2025-08-27T19:07:54","guid":{"rendered":"https:\/\/roveyayinevi.com.tr\/index.php\/urun\/1984-18\/"},"modified":"2026-04-16T02:40:56","modified_gmt":"2026-04-15T23:40:56","slug":"1984-18","status":"publish","type":"product","link":"https:\/\/roveyayinevi.com.tr\/index.php\/urun\/1984-18\/","title":{"rendered":"1984"},"content":{"rendered":"<p>Sene 1984\u2026 Sava\u015f ve devrimle tan\u0131nmaz hale gelen d\u00fcnya, s\u00fcrekli birbiriyle sava\u015fan \u00fc\u00e7 totaliter polis devletin egemenli\u011fi alt\u0131ndad\u0131r. B\u00fcy\u00fck Birader liderli\u011findeki Parti taraf\u0131ndan y\u00f6netilen Britanya\u2019da halk, propaganda ve beyin y\u0131kama y\u00f6ntemiyle manip\u00fcle edilerek g\u00f6zetim alt\u0131nda tutulmaktad\u0131r.Birey olman\u0131n imk\u00e2ns\u0131z hale geldi\u011fi, kelimelerin ve d\u00fc\u015f\u00fcncelerin kontrol alt\u0131nda tutuldu\u011fu, insan\u0131n robotla\u015ft\u0131\u011f\u0131 belleksiz ve muhalefetsiz bir toplumda Ger\u00e7ek Bakanl\u0131\u011f\u0131\u2019nda \u00e7al\u0131\u015fan Winston Smith, tarihi titizlikle yeniden yazarken \u00f6zg\u00fcrl\u00fc\u011f\u00fc ve isyan\u0131 d\u00fc\u015flemektedir.1984, \u00e7e\u015fitlili\u011fin bask\u0131land\u0131\u011f\u0131, korkuyla \u015fekillenmi\u015f bir d\u00fcnyada ger\u00e7ek\u00e7ili\u011fi artt\u0131k\u00e7a \u00fcrk\u00fct\u00fcc\u00fc hale gelen f\u00fct\u00fcrist bir araf. D\u00fcnya edebiyat\u0131n\u0131n en \u00f6nemli yazarlar\u0131ndan George Orwell taraf\u0131ndan \u0130kinci D\u00fcnya Sava\u015f\u0131\u2019n\u0131n ard\u0131ndan kaleme al\u0131nan, bilimkurgu edebiyat\u0131na y\u00f6n veren bir klasik. \u201cDo\u011fu r\u00fczg\u00e2r\u0131 gibi okurun i\u00e7inden ge\u00e7iyor&#8230; \u00d6zg\u00fcnl\u00fc\u011f\u00fc, gerilimi, ritmi ve \u00f6fkesi \u00f6yle g\u00fc\u00e7l\u00fc ki kitab\u0131 elinizden b\u0131rakman\u0131z imk\u00e2ns\u0131z.\u201d \u2013V.S. Pritchett\u201cDerin, \u00fcrk\u00fct\u00fcc\u00fc ve b\u00fcy\u00fcleyici bir roman\u2026 Orwell, g\u00fc\u00e7 teorisini kusursuzca detayland\u0131r\u0131yor.\u201d \u2013New Yorker\u201c1984 dikkate de\u011fer bir kitap, adeta bir edeb\u00ee performans\u2026 T\u00fcr\u00fcn\u00fcn di\u011fer \u00f6rnekleriyle k\u0131yasland\u0131\u011f\u0131nda nadiren bulunan bir parlakl\u0131\u011fa sahip&#8230;\u201d \u2013New York Herald Tribune\u201cOrwell&#8217;\u0131n roman\u0131 sessiz, do\u011frudan ve dramatik bir \u015fekilde gelecekte ya\u015fayabilece\u011fimiz kadere e\u015flik ediyor ve bu kan dondurucu bir deneyim.&#8221; \u2013Saturday Review<\/p>\n","protected":false},"excerpt":{"rendered":"<p>Sene 1984\u2026 Sava\u015f ve devrimle tan\u0131nmaz hale gelen d\u00fcnya, s\u00fcrekli birbiriyle sava\u015fan \u00fc\u00e7 totaliter polis devletin egemenli\u011fi alt\u0131ndad\u0131r. B\u00fcy\u00fck Birader liderli\u011findeki Parti taraf\u0131ndan y\u00f6netilen Britanya\u2019da halk,<span class=\"excerpt-hellip\"> [\u2026]<\/span><\/p>\n","protected":false},"featured_media":0,"template":"","meta":{"_monsterinsights_skip_tracking":false,"_monsterinsights_sitenote_active":false,"_monsterinsights_sitenote_note":"","_monsterinsights_sitenote_category":0},"product_brand":[],"product_cat":[12291,12711],"product_tag":[],"class_list":{"0":"post-733338","1":"product","2":"type-product","3":"status-publish","5":"product_cat-edebiyat","6":"product_cat-roman-oyku","7":"pa_cilt-ciltsiz","8":"pa_tur-kitap","9":"pa_yayinevi-timas-yayinlari","10":"pa_yazar-george-orwell","12":"first","13":"instock","14":"sale","15":"shipping-taxable","16":"purchasable","17":"product-type-simple"},"_links":{"self":[{"href":"https:\/\/roveyayinevi.com.tr\/index.php\/wp-json\/wp\/v2\/product\/733338","targetHints":{"allow":["GET"]}}],"collection":[{"href":"https:\/\/roveyayinevi.com.tr\/index.php\/wp-json\/wp\/v2\/product"}],"about":[{"href":"https:\/\/roveyayinevi.com.tr\/index.php\/wp-json\/wp\/v2\/types\/product"}],"wp:attachment":[{"href":"https:\/\/roveyayinevi.com.tr\/index.php\/wp-json\/wp\/v2\/media?parent=733338"}],"wp:term":[{"taxonomy":"product_brand","embeddable":true,"href":"https:\/\/roveyayinevi.com.tr\/index.php\/wp-json\/wp\/v2\/product_brand?post=733338"},{"taxonomy":"product_cat","embeddable":true,"href":"https:\/\/roveyayinevi.com.tr\/index.php\/wp-json\/wp\/v2\/product_cat?post=733338"},{"taxonomy":"product_tag","embeddable":true,"href":"https:\/\/roveyayinevi.com.tr\/index.php\/wp-json\/wp\/v2\/product_tag?post=733338"}],"curies":[{"name":"wp","href":"https:\/\/api.w.org\/{rel}","templated":true}]}}