{"id":733337,"date":"2025-08-27T22:07:53","date_gmt":"2025-08-27T19:07:53","guid":{"rendered":"https:\/\/roveyayinevi.com.tr\/index.php\/urun\/cilli-cirpi-2-guclu-kanatlarin-olsun-ister-misin\/"},"modified":"2026-04-16T02:40:56","modified_gmt":"2026-04-15T23:40:56","slug":"cilli-cirpi-2-guclu-kanatlarin-olsun-ister-misin","status":"publish","type":"product","link":"https:\/\/roveyayinevi.com.tr\/index.php\/urun\/cilli-cirpi-2-guclu-kanatlarin-olsun-ister-misin\/","title":{"rendered":"\u00c7illi \u00c7irpi 2 &#8211; G\u00fc\u00e7l\u00fc Kanatlar\u0131n Olsun \u0130ster Misin?"},"content":{"rendered":"<p>Heyyyy!.. Biliyor musun, \u00c7illi \u00c7irpi art\u0131k k\u00f6ye tamamen al\u0131\u015ft\u0131. Ekrem dede ve Dudu nine ile zaman ge\u00e7irmekten \u00f6yle mutlu ki g\u00f6rmelisin. Neler neler yap\u0131yorlar bir bilsen! \u00dcstelik \u015eeng\u00fcl, Elmas, Ceyhun, Cumaali ve Zeynep ad\u0131nda be\u015f tane de \u015fahane arkada\u015f\u0131 oldu. Ekrem dede onlar\u0131 domalan toplamaya giden ekibe d\u00e2hil etti. B\u00fct\u00fcn ekibin kaybolup a\u00e7l\u0131ktan bitkin d\u00fc\u015ferek bir ma\u011faraya s\u0131\u011f\u0131nd\u0131klar\u0131n\u0131 ve oradan nas\u0131l kurtulduklar\u0131n\u0131 okumaya haz\u0131r m\u0131s\u0131n? Bu arada sen kaybolunca yolunu ne \u015fekilde bulaca\u011f\u0131n\u0131 biliyor musun? \u00c7illi \u00c7irpi ve arkada\u015flar\u0131 bu ser\u00fcvenden sonra \u00f6\u011frendi. \u00c7illi \u00c7irpi \u201cHayvan Pusulas\u0131\u201d ad\u0131n\u0131 verdi\u011fi defterine \u015fimdi de ku\u015flar\u0131 yazd\u0131. \u00d6yle ilgin\u00e7 ku\u015flar var ki \u015fa\u015fk\u0131na d\u00f6nmeye haz\u0131r ol! Mesela hangi ku\u015f tehlike an\u0131nda a\u011fz\u0131ndan ve burnundan s\u0131v\u0131 p\u00fcsk\u00fcrt\u00fcr, hangi ku\u015fun sesinde 24 ezgi var, hangi ku\u015f y\u00f6n\u00fcn\u00fc bulmak i\u00e7in manyetik alanlardan yararlan\u0131r, tuzlu suyu i\u00e7erken filtreleyip temizleyen ku\u015f hangisidir? Ooooo, bu kitapta daha bir s\u00fcr\u00fc s\u00fcrpriz seni bekliyor! En iyisi hi\u00e7 vakit kaybetmeden onlara kat\u0131l! <\/p>\n","protected":false},"excerpt":{"rendered":"<p>Heyyyy!.. Biliyor musun, \u00c7illi \u00c7irpi art\u0131k k\u00f6ye tamamen al\u0131\u015ft\u0131. Ekrem dede ve Dudu nine ile zaman ge\u00e7irmekten \u00f6yle mutlu ki g\u00f6rmelisin. Neler neler yap\u0131yorlar bir bilsen!<span class=\"excerpt-hellip\"> [\u2026]<\/span><\/p>\n","protected":false},"featured_media":0,"template":"","meta":{"_monsterinsights_skip_tracking":false,"_monsterinsights_sitenote_active":false,"_monsterinsights_sitenote_note":"","_monsterinsights_sitenote_category":0},"product_brand":[],"product_cat":[12275,12274],"product_tag":[],"class_list":{"0":"post-733337","1":"product","2":"type-product","3":"status-publish","5":"product_cat-6-12-yas-kitaplari","6":"product_cat-cocuk-ve-genclik-kitaplari","7":"pa_cilt-ciltsiz","8":"pa_tur-kitap","9":"pa_yayinevi-otuken-nesriyat","10":"pa_yazar-kudret-ayse-yilmaz","12":"first","13":"instock","14":"sale","15":"shipping-taxable","16":"purchasable","17":"product-type-simple"},"_links":{"self":[{"href":"https:\/\/roveyayinevi.com.tr\/index.php\/wp-json\/wp\/v2\/product\/733337","targetHints":{"allow":["GET"]}}],"collection":[{"href":"https:\/\/roveyayinevi.com.tr\/index.php\/wp-json\/wp\/v2\/product"}],"about":[{"href":"https:\/\/roveyayinevi.com.tr\/index.php\/wp-json\/wp\/v2\/types\/product"}],"wp:attachment":[{"href":"https:\/\/roveyayinevi.com.tr\/index.php\/wp-json\/wp\/v2\/media?parent=733337"}],"wp:term":[{"taxonomy":"product_brand","embeddable":true,"href":"https:\/\/roveyayinevi.com.tr\/index.php\/wp-json\/wp\/v2\/product_brand?post=733337"},{"taxonomy":"product_cat","embeddable":true,"href":"https:\/\/roveyayinevi.com.tr\/index.php\/wp-json\/wp\/v2\/product_cat?post=733337"},{"taxonomy":"product_tag","embeddable":true,"href":"https:\/\/roveyayinevi.com.tr\/index.php\/wp-json\/wp\/v2\/product_tag?post=733337"}],"curies":[{"name":"wp","href":"https:\/\/api.w.org\/{rel}","templated":true}]}}