{"id":733336,"date":"2025-08-27T22:07:52","date_gmt":"2025-08-27T19:07:52","guid":{"rendered":"https:\/\/roveyayinevi.com.tr\/index.php\/urun\/ezber-bozan-kadinlar-2-ciltli\/"},"modified":"2026-04-16T02:40:56","modified_gmt":"2026-04-15T23:40:56","slug":"ezber-bozan-kadinlar-2-ciltli","status":"publish","type":"product","link":"https:\/\/roveyayinevi.com.tr\/index.php\/urun\/ezber-bozan-kadinlar-2-ciltli\/","title":{"rendered":"Ezber Bozan Kad\u0131nlar 2 (Ciltli)"},"content":{"rendered":"<p>D\u00fcnyan\u0131n d\u00f6rt bir yan\u0131ndan 24 kad\u0131n\u0131n ilham verici ya\u015famlar\u0131n\u0131 okumaya haz\u0131r m\u0131s\u0131n\u0131z? Hatice \u00d6zdemir T\u00fcl\u00fcn, Ezber Bozan Kad\u0131nlar 2 ile bilimde, sporda, sanatta ve daha bir\u00e7ok alanda fark yaratan kad\u0131nlar\u0131n hik\u00e2yelerini anlatmaya devam ediyor. Bu kitapta da kendilerine \u201cyak\u0131\u015ft\u0131r\u0131lmayan\u201d, ba\u015faracaklar\u0131na \u201cinan\u0131lmayan\u201d i\u015fleri s\u0131rtlanan kad\u0131nlar\u0131n azim dolu hik\u00e2yelerini okuyacaks\u0131n\u0131z.Bir kad\u0131n\u0131n hik\u00e2yesi, ka\u00e7 ki\u015fiye ilham verebilir? Onlar, \u201colmaz\u201d denilen durumlardan, \u201c\u015fimdi de\u011fil\u201d denilen zamanlardan \u00e7\u0131k\u0131p \u201cimk\u00e2ns\u0131z\u201d say\u0131lan hayallerine sar\u0131ld\u0131lar, ellerinin de\u011fdi\u011fi her yerde \u00fcmit \u00e7i\u00e7ekleri a\u00e7t\u0131rd\u0131lar. A\u015f\u00e7\u0131, pilot, \u00f6\u011fretmen, doktor, matematik\u00e7i, bilim insan\u0131, asker, aktivist, m\u00fczisyen, y\u00f6netici, boks\u00f6r oldular. Herhangi bir \u00fclkede, herhangi bir \u015fehirde, herhangi bir mahallede, herhangi bir evde ba\u015flad\u0131 hik\u00e2yeleri&#8230; T\u0131pk\u0131, onlardan g\u00fc\u00e7 alarak yoluna devam eden say\u0131s\u0131z kad\u0131n gibi. B\u00fcy\u00fck bir okur kitlesine ula\u015fan Ezber Bozan Kad\u0131nlar, ikinci kitab\u0131yla elinizde. D\u00fcnyan\u0131n farkl\u0131 yerlerinden 24 kad\u0131n\u0131n ezber bozan hik\u00e2yesi, idealleri ve hayallerinin pe\u015finden gidenlere yol arkada\u015f\u0131 olacak.<\/p>\n","protected":false},"excerpt":{"rendered":"<p>D\u00fcnyan\u0131n d\u00f6rt bir yan\u0131ndan 24 kad\u0131n\u0131n ilham verici ya\u015famlar\u0131n\u0131 okumaya haz\u0131r m\u0131s\u0131n\u0131z? Hatice \u00d6zdemir T\u00fcl\u00fcn, Ezber Bozan Kad\u0131nlar 2 ile bilimde, sporda, sanatta ve daha bir\u00e7ok<span class=\"excerpt-hellip\"> [\u2026]<\/span><\/p>\n","protected":false},"featured_media":0,"template":"","meta":{"_monsterinsights_skip_tracking":false,"_monsterinsights_sitenote_active":false,"_monsterinsights_sitenote_note":"","_monsterinsights_sitenote_category":0},"product_brand":[],"product_cat":[14009,12291],"product_tag":[],"class_list":{"0":"post-733336","1":"product","2":"type-product","3":"status-publish","5":"product_cat-biyografi-otobiyografi-edebiyat","6":"product_cat-edebiyat","7":"pa_cilt-ciltli","8":"pa_tur-kitap","9":"pa_yayinevi-dus-degirmeni","10":"pa_yazar-hatice-ozdemir-tulun","12":"first","13":"instock","14":"sale","15":"shipping-taxable","16":"purchasable","17":"product-type-simple"},"_links":{"self":[{"href":"https:\/\/roveyayinevi.com.tr\/index.php\/wp-json\/wp\/v2\/product\/733336","targetHints":{"allow":["GET"]}}],"collection":[{"href":"https:\/\/roveyayinevi.com.tr\/index.php\/wp-json\/wp\/v2\/product"}],"about":[{"href":"https:\/\/roveyayinevi.com.tr\/index.php\/wp-json\/wp\/v2\/types\/product"}],"wp:attachment":[{"href":"https:\/\/roveyayinevi.com.tr\/index.php\/wp-json\/wp\/v2\/media?parent=733336"}],"wp:term":[{"taxonomy":"product_brand","embeddable":true,"href":"https:\/\/roveyayinevi.com.tr\/index.php\/wp-json\/wp\/v2\/product_brand?post=733336"},{"taxonomy":"product_cat","embeddable":true,"href":"https:\/\/roveyayinevi.com.tr\/index.php\/wp-json\/wp\/v2\/product_cat?post=733336"},{"taxonomy":"product_tag","embeddable":true,"href":"https:\/\/roveyayinevi.com.tr\/index.php\/wp-json\/wp\/v2\/product_tag?post=733336"}],"curies":[{"name":"wp","href":"https:\/\/api.w.org\/{rel}","templated":true}]}}