{"id":733335,"date":"2025-08-27T22:07:52","date_gmt":"2025-08-27T19:07:52","guid":{"rendered":"https:\/\/roveyayinevi.com.tr\/index.php\/urun\/hayatin-anlami-kitabi\/"},"modified":"2026-04-08T02:50:11","modified_gmt":"2026-04-07T23:50:11","slug":"hayatin-anlami-kitabi","status":"publish","type":"product","link":"https:\/\/roveyayinevi.com.tr\/index.php\/urun\/hayatin-anlami-kitabi\/","title":{"rendered":"Hayat\u0131n Anlam\u0131 Kitab\u0131"},"content":{"rendered":"<p>Hepimizin bir \u00e7a\u011fr\u0131s\u0131 var. E\u011fer buradaysan\u0131z ve nefes al\u0131p veriyorsan\u0131z, insanl\u0131\u011fa bir katk\u0131da bulunmak zorundas\u0131n\u0131z. Hayattaki temel u\u011fra\u015f\u0131n\u0131z, g\u00f6revinizin \u2013b\u00fct\u00fcn\u00fcn bir par\u00e7as\u0131 olarak g\u00f6revinizin\u2013 ne oldu\u011funu ke\u015ffetmek ve bunu olabildi\u011fince yerine getirmektir.Oprah WinfreyAlain de Botton\u2019dan Elizabeth Gilbert\u2019a, Patti Smith\u2019ten Mallika Chopra\u2019ya ve Michael Cunningham\u2019a Oprah Magazine yazarlar\u0131ndan hayat\u0131n anlam\u0131n\u0131 bulmak \u00fczerine elinizden b\u0131rakamayaca\u011f\u0131n\u0131z bir kitap.<\/p>\n","protected":false},"excerpt":{"rendered":"<p>Hepimizin bir \u00e7a\u011fr\u0131s\u0131 var. E\u011fer buradaysan\u0131z ve nefes al\u0131p veriyorsan\u0131z, insanl\u0131\u011fa bir katk\u0131da bulunmak zorundas\u0131n\u0131z. Hayattaki temel u\u011fra\u015f\u0131n\u0131z, g\u00f6revinizin \u2013b\u00fct\u00fcn\u00fcn bir par\u00e7as\u0131 olarak g\u00f6revinizin\u2013 ne oldu\u011funu<span class=\"excerpt-hellip\"> [\u2026]<\/span><\/p>\n","protected":false},"featured_media":0,"template":"","meta":{"_monsterinsights_skip_tracking":false,"_monsterinsights_sitenote_active":false,"_monsterinsights_sitenote_note":"","_monsterinsights_sitenote_category":0},"product_brand":[],"product_cat":[12364,12376],"product_tag":[],"class_list":{"0":"post-733335","1":"product","2":"type-product","3":"status-publish","5":"product_cat-genel-konular","6":"product_cat-kisisel-gelisim","7":"pa_cilt-ciltsiz","8":"pa_tur-kitap","9":"pa_yayinevi-dogan-novus","10":"pa_yazar-oprah-winfrey","12":"first","13":"instock","14":"sale","15":"shipping-taxable","16":"purchasable","17":"product-type-simple"},"_links":{"self":[{"href":"https:\/\/roveyayinevi.com.tr\/index.php\/wp-json\/wp\/v2\/product\/733335","targetHints":{"allow":["GET"]}}],"collection":[{"href":"https:\/\/roveyayinevi.com.tr\/index.php\/wp-json\/wp\/v2\/product"}],"about":[{"href":"https:\/\/roveyayinevi.com.tr\/index.php\/wp-json\/wp\/v2\/types\/product"}],"wp:attachment":[{"href":"https:\/\/roveyayinevi.com.tr\/index.php\/wp-json\/wp\/v2\/media?parent=733335"}],"wp:term":[{"taxonomy":"product_brand","embeddable":true,"href":"https:\/\/roveyayinevi.com.tr\/index.php\/wp-json\/wp\/v2\/product_brand?post=733335"},{"taxonomy":"product_cat","embeddable":true,"href":"https:\/\/roveyayinevi.com.tr\/index.php\/wp-json\/wp\/v2\/product_cat?post=733335"},{"taxonomy":"product_tag","embeddable":true,"href":"https:\/\/roveyayinevi.com.tr\/index.php\/wp-json\/wp\/v2\/product_tag?post=733335"}],"curies":[{"name":"wp","href":"https:\/\/api.w.org\/{rel}","templated":true}]}}