{"id":733334,"date":"2025-08-27T22:07:51","date_gmt":"2025-08-27T19:07:51","guid":{"rendered":"https:\/\/roveyayinevi.com.tr\/index.php\/urun\/yildiz-tohumu-kehanet-kartlari\/"},"modified":"2026-04-16T02:40:56","modified_gmt":"2026-04-15T23:40:56","slug":"yildiz-tohumu-kehanet-kartlari","status":"publish","type":"product","link":"https:\/\/roveyayinevi.com.tr\/index.php\/urun\/yildiz-tohumu-kehanet-kartlari\/","title":{"rendered":"Y\u0131ld\u0131z Tohumu Kehanet Kartlar\u0131"},"content":{"rendered":"<p>53 Kartl\u0131k Deste ve Rehber Kitap.Neresi oldu\u011funu bilmeseniz de her zaman bir yuva \u00f6zlemi duydunuz mu? Ya da bir \u015feyleri ruhunuzun derinliklerinde bildi\u011finizi hissetti\u011finiz oldu mu? E\u011fer \u00f6yleyse siz bir Y\u0131ld\u0131z Tohumu \u2013yery\u00fcz\u00fcnde ge\u00e7irdi\u011finiz bu zamandan \u00f6nce ba\u015fka bir yerde bedenlenmi\u015f biri\u2013 olabilirsiniz.Bu kitapta Y\u0131ld\u0131z Tohumu Kehanet Kartlar\u0131\u2019n\u0131za uyumlanman\u0131z\u0131 ve onlar\u0131 i\u00e7inizdeki rehberle ve ger\u00e7ek kozmik do\u011fan\u0131zla ba\u011f kurmak i\u00e7in kullanman\u0131z\u0131 sa\u011flayacak talimatlar bulacaks\u0131n\u0131z. Her kart\u0131n yorumunun sonunda ruhunuzun arma\u011fanlar\u0131n\u0131 ortaya \u00e7\u0131kartman\u0131za, ruhunuzun misyonuyla ba\u011flant\u0131 kurman\u0131za, y\u0131ld\u0131z soylar\u0131n\u0131z\u0131 bulman\u0131za ve buraya kim olmaya geldi\u011finizi hat\u0131rlaman\u0131za yard\u0131m edecek bir Y\u0131ld\u0131z Tohumu eylem \u00e7a\u011fr\u0131s\u0131 yer al\u0131yor.<\/p>\n","protected":false},"excerpt":{"rendered":"<p>53 Kartl\u0131k Deste ve Rehber Kitap.Neresi oldu\u011funu bilmeseniz de her zaman bir yuva \u00f6zlemi duydunuz mu? Ya da bir \u015feyleri ruhunuzun derinliklerinde bildi\u011finizi hissetti\u011finiz oldu mu?<span class=\"excerpt-hellip\"> [\u2026]<\/span><\/p>\n","protected":false},"featured_media":0,"template":"","meta":{"_monsterinsights_skip_tracking":false,"_monsterinsights_sitenote_active":false,"_monsterinsights_sitenote_note":"","_monsterinsights_sitenote_category":0},"product_brand":[],"product_cat":[18082,15563],"product_tag":[],"class_list":{"0":"post-733334","1":"product","2":"type-product","3":"status-publish","5":"product_cat-astroloji-fal-ruya","6":"product_cat-hobi","7":"pa_cilt-ciltsiz","8":"pa_tur-kitap","9":"pa_yayinevi-butik-yayinlari","10":"pa_yazar-rebecca-campbell","12":"first","13":"instock","14":"sale","15":"shipping-taxable","16":"purchasable","17":"product-type-simple"},"_links":{"self":[{"href":"https:\/\/roveyayinevi.com.tr\/index.php\/wp-json\/wp\/v2\/product\/733334","targetHints":{"allow":["GET"]}}],"collection":[{"href":"https:\/\/roveyayinevi.com.tr\/index.php\/wp-json\/wp\/v2\/product"}],"about":[{"href":"https:\/\/roveyayinevi.com.tr\/index.php\/wp-json\/wp\/v2\/types\/product"}],"wp:attachment":[{"href":"https:\/\/roveyayinevi.com.tr\/index.php\/wp-json\/wp\/v2\/media?parent=733334"}],"wp:term":[{"taxonomy":"product_brand","embeddable":true,"href":"https:\/\/roveyayinevi.com.tr\/index.php\/wp-json\/wp\/v2\/product_brand?post=733334"},{"taxonomy":"product_cat","embeddable":true,"href":"https:\/\/roveyayinevi.com.tr\/index.php\/wp-json\/wp\/v2\/product_cat?post=733334"},{"taxonomy":"product_tag","embeddable":true,"href":"https:\/\/roveyayinevi.com.tr\/index.php\/wp-json\/wp\/v2\/product_tag?post=733334"}],"curies":[{"name":"wp","href":"https:\/\/api.w.org\/{rel}","templated":true}]}}