{"id":733333,"date":"2025-08-27T22:07:50","date_gmt":"2025-08-27T19:07:50","guid":{"rendered":"https:\/\/roveyayinevi.com.tr\/index.php\/urun\/ruh-hayvanlari-kehanet-kartlari\/"},"modified":"2026-04-16T02:40:56","modified_gmt":"2026-04-15T23:40:56","slug":"ruh-hayvanlari-kehanet-kartlari","status":"publish","type":"product","link":"https:\/\/roveyayinevi.com.tr\/index.php\/urun\/ruh-hayvanlari-kehanet-kartlari\/","title":{"rendered":"Ruh Hayvanlar\u0131 Kehanet Kartlar\u0131"},"content":{"rendered":"<p>68 Kartl\u0131k Deste ve Rehber Kitap. Do\u011fal d\u00fcnyadaki ruhlar\u0131n payla\u015facak \u00e7ok \u015feyi var ve onlar\u0131n bu unutulmu\u015f dilinin s\u0131rlar\u0131na Ruh Hayvanlar\u0131 Kehanet Kartlar\u0131 arac\u0131l\u0131\u011f\u0131yla ula\u015fabilirsiniz. Onlar bizi temel ger\u00e7e\u011fimize \u2013 hepimizin ortak bir bilin\u00e7 i\u00e7inde yery\u00fcz\u00fcndeki her canl\u0131yla ba\u011flant\u0131 halinde Kutsal Ruhta bir oldu\u011fu ger\u00e7e\u011fine- yeniden sahip \u00e7\u0131kmaya te\u015fvik ediyorlar. Siz de bir kart \u00e7ekerek bu bilgeli\u011fe kat\u0131labilir ve hayat\u0131n\u0131z\u0131 alg\u0131lad\u0131\u011f\u0131n\u0131z s\u0131n\u0131rlar\u0131n engellerini a\u015farak ve sonsuz potansiyelinizle ba\u011flant\u0131 kurarak daha iyi y\u00f6netebilirsiniz. \u00c7ok g\u00fczel resmedilmi\u015f olan bu kehanet destesindeki 68 kartta de\u011fi\u015fik hayvanlar\u0131n, b\u00f6ceklerin, bal\u0131klar\u0131n ve ku\u015flar\u0131n Y\u00fcce Ruhlar\u0131 temsil ediliyor. Her hayvan\u0131n a\u015fk\u0131n bir arketip sembolizmi, derin, ebedi ger\u00e7e\u011fe dair bir mesaj i\u00e7eren evrensel bir anlam\u0131 var. Sezgileriyle \u00e7al\u0131\u015fan bir kehanet uzman\u0131 olan Colette Baron-Reid\u2019in rehberli\u011finde d\u00fcnyaya hizmet etmek ad\u0131na kendi ger\u00e7ekli\u011finizi yeniden yaratmak i\u00e7in Kutsal Ruhla ortakl\u0131\u011f\u0131n\u0131z\u0131n bilincine varabilirsiniz. <\/p>\n","protected":false},"excerpt":{"rendered":"<p>68 Kartl\u0131k Deste ve Rehber Kitap. Do\u011fal d\u00fcnyadaki ruhlar\u0131n payla\u015facak \u00e7ok \u015feyi var ve onlar\u0131n bu unutulmu\u015f dilinin s\u0131rlar\u0131na Ruh Hayvanlar\u0131 Kehanet Kartlar\u0131 arac\u0131l\u0131\u011f\u0131yla ula\u015fabilirsiniz. Onlar<span class=\"excerpt-hellip\"> [\u2026]<\/span><\/p>\n","protected":false},"featured_media":0,"template":"","meta":{"_monsterinsights_skip_tracking":false,"_monsterinsights_sitenote_active":false,"_monsterinsights_sitenote_note":"","_monsterinsights_sitenote_category":0},"product_brand":[],"product_cat":[18082,15563],"product_tag":[],"class_list":{"0":"post-733333","1":"product","2":"type-product","3":"status-publish","5":"product_cat-astroloji-fal-ruya","6":"product_cat-hobi","7":"pa_cilt-ciltsiz","8":"pa_tur-kitap","9":"pa_yayinevi-butik-yayinlari","10":"pa_yazar-colette-baron-reid","12":"first","13":"instock","14":"sale","15":"shipping-taxable","16":"purchasable","17":"product-type-simple"},"_links":{"self":[{"href":"https:\/\/roveyayinevi.com.tr\/index.php\/wp-json\/wp\/v2\/product\/733333","targetHints":{"allow":["GET"]}}],"collection":[{"href":"https:\/\/roveyayinevi.com.tr\/index.php\/wp-json\/wp\/v2\/product"}],"about":[{"href":"https:\/\/roveyayinevi.com.tr\/index.php\/wp-json\/wp\/v2\/types\/product"}],"wp:attachment":[{"href":"https:\/\/roveyayinevi.com.tr\/index.php\/wp-json\/wp\/v2\/media?parent=733333"}],"wp:term":[{"taxonomy":"product_brand","embeddable":true,"href":"https:\/\/roveyayinevi.com.tr\/index.php\/wp-json\/wp\/v2\/product_brand?post=733333"},{"taxonomy":"product_cat","embeddable":true,"href":"https:\/\/roveyayinevi.com.tr\/index.php\/wp-json\/wp\/v2\/product_cat?post=733333"},{"taxonomy":"product_tag","embeddable":true,"href":"https:\/\/roveyayinevi.com.tr\/index.php\/wp-json\/wp\/v2\/product_tag?post=733333"}],"curies":[{"name":"wp","href":"https:\/\/api.w.org\/{rel}","templated":true}]}}