{"id":733330,"date":"2025-08-27T22:07:48","date_gmt":"2025-08-27T19:07:48","guid":{"rendered":"https:\/\/roveyayinevi.com.tr\/index.php\/urun\/bir-doktorun-kurtulus-savasi-hatiralari\/"},"modified":"2026-04-16T02:40:55","modified_gmt":"2026-04-15T23:40:55","slug":"bir-doktorun-kurtulus-savasi-hatiralari","status":"publish","type":"product","link":"https:\/\/roveyayinevi.com.tr\/index.php\/urun\/bir-doktorun-kurtulus-savasi-hatiralari\/","title":{"rendered":"Bir Doktorun Kurtulu\u015f Sava\u015f\u0131 Hat\u0131ralar\u0131"},"content":{"rendered":"<p>\u201c\u0130ngilizlerin \u015fedid sans\u00fcr\u00fcne binaen \u0130stanbul gazetelerine Anadolu ve Rusya hakk\u0131nda havadisler yazd\u0131r\u0131lm\u0131yor, Anadolu ise hav\u00e2dis ihtiyac\u0131n\u0131 Sivas\u2019ta b\u0131rak\u0131lm\u0131\u015f k\u00fc\u00e7\u00fck bir telsiz telefon ajans\u0131yla teskin ediyordu. Sivas telsiz ajans\u0131 Ankara\u2019ya heyetiyle birlikte naklolundu\u011fu zamanlara kadar Bol\u015fevik ileri harek\u00e2t\u0131 M\u0131s\u0131r, Hind, \u0130rlanda ihtilalleri Arabistan\u2019daki birtak\u0131m imamlar\u0131n \u0130ngilizlere h\u00fccum etti\u011fi haberleriyle vazifesini if\u00e2ya devam ediyordu.\u201d \u0130stiklal Sava\u015f\u0131, T\u00fcrk milletinin binlerce y\u0131ll\u0131k tarihinin en karanl\u0131k g\u00fcnlerini i\u00e7eren m\u00fctareke d\u00f6neminde Anadolu&#8217;nun ba\u011fr\u0131nda filizlenen bir ba\u011f\u0131ms\u0131zl\u0131k ate\u015fidir. Bir Doktorun Kurtulu\u015f Sava\u015f\u0131 Hat\u0131ralar\u0131 adl\u0131 bu eser, T\u00fcrk ordusunun bir ferdi olan Doktor Muzaffer Alatur&#8217;un g\u00f6z\u00fcnden bu d\u00f6nemi t\u00fcm detaylar\u0131yla \u00f6n\u00fcm\u00fcze seriyor. Ayr\u0131ca Mill\u00ee M\u00fccadele d\u00f6neminde T\u00fcrk milletinin i\u00e7ine d\u00fc\u015ft\u00fc\u011f\u00fc girdab\u0131, i\u015fgaller kar\u015f\u0131s\u0131ndaki tutumunu, Kuva-y\u0131 Milliye&#8217;nin te\u015fkilatlanma s\u00fcrecini, bu s\u00fcre\u00e7te ya\u015fanan s\u0131k\u0131nt\u0131lar\u0131, d\u00fczenli ordunun kurulmas\u0131n\u0131 ve Yunan ordusuna kar\u015f\u0131 ad\u0131m ad\u0131m verilen m\u00fccadeleyi ele al\u0131yor. 26 A\u011fustos 1922 sabah\u0131 top\u00e7u birliklerinin ate\u015fiyle kopan T\u00fcrk f\u0131rt\u0131nas\u0131n\u0131n, son Yunan askerinin 9 Eyl\u00fcl&#8217;de Anadolu topraklar\u0131n\u0131 terk etmesiyle dinmesine kadar ge\u00e7en s\u00fcreci tan\u0131\u011f\u0131n\u0131n g\u00f6z\u00fcnden anlatan bu \u00e7al\u0131\u015fma, modern T\u00fcrkiye tarihine \u00e7ok \u00f6nemli bir katk\u0131 sa\u011fl\u0131yor. Bir doktorun ar\u015fivde sakl\u0131 kalm\u0131\u015f defterinin izinde, Kurtulu\u015f Sava\u015f\u0131\u2019n\u0131n aradan 100 y\u0131l ge\u00e7se de eskimeyen hik\u00e2yesine tan\u0131kl\u0131k edeceksiniz\u2026<\/p>\n","protected":false},"excerpt":{"rendered":"<p>\u201c\u0130ngilizlerin \u015fedid sans\u00fcr\u00fcne binaen \u0130stanbul gazetelerine Anadolu ve Rusya hakk\u0131nda havadisler yazd\u0131r\u0131lm\u0131yor, Anadolu ise hav\u00e2dis ihtiyac\u0131n\u0131 Sivas\u2019ta b\u0131rak\u0131lm\u0131\u015f k\u00fc\u00e7\u00fck bir telsiz telefon ajans\u0131yla teskin ediyordu. Sivas<span class=\"excerpt-hellip\"> [\u2026]<\/span><\/p>\n","protected":false},"featured_media":0,"template":"","meta":{"_monsterinsights_skip_tracking":false,"_monsterinsights_sitenote_active":false,"_monsterinsights_sitenote_note":"","_monsterinsights_sitenote_category":0},"product_brand":[],"product_cat":[12370,12304],"product_tag":[],"class_list":{"0":"post-733330","1":"product","2":"type-product","3":"status-publish","5":"product_cat-arastirma-inceleme","6":"product_cat-tarih","7":"pa_cilt-ciltsiz","8":"pa_tur-kitap","9":"pa_yayinevi-timas-yayinlari","10":"pa_yazar-selim-ahmetoglu","12":"first","13":"instock","14":"sale","15":"shipping-taxable","16":"purchasable","17":"product-type-simple"},"_links":{"self":[{"href":"https:\/\/roveyayinevi.com.tr\/index.php\/wp-json\/wp\/v2\/product\/733330","targetHints":{"allow":["GET"]}}],"collection":[{"href":"https:\/\/roveyayinevi.com.tr\/index.php\/wp-json\/wp\/v2\/product"}],"about":[{"href":"https:\/\/roveyayinevi.com.tr\/index.php\/wp-json\/wp\/v2\/types\/product"}],"wp:attachment":[{"href":"https:\/\/roveyayinevi.com.tr\/index.php\/wp-json\/wp\/v2\/media?parent=733330"}],"wp:term":[{"taxonomy":"product_brand","embeddable":true,"href":"https:\/\/roveyayinevi.com.tr\/index.php\/wp-json\/wp\/v2\/product_brand?post=733330"},{"taxonomy":"product_cat","embeddable":true,"href":"https:\/\/roveyayinevi.com.tr\/index.php\/wp-json\/wp\/v2\/product_cat?post=733330"},{"taxonomy":"product_tag","embeddable":true,"href":"https:\/\/roveyayinevi.com.tr\/index.php\/wp-json\/wp\/v2\/product_tag?post=733330"}],"curies":[{"name":"wp","href":"https:\/\/api.w.org\/{rel}","templated":true}]}}