{"id":733329,"date":"2025-08-27T22:07:47","date_gmt":"2025-08-27T19:07:47","guid":{"rendered":"https:\/\/roveyayinevi.com.tr\/index.php\/urun\/yat-yemekleri-denizdeki-mutfak\/"},"modified":"2026-04-16T02:40:55","modified_gmt":"2026-04-15T23:40:55","slug":"yat-yemekleri-denizdeki-mutfak","status":"publish","type":"product","link":"https:\/\/roveyayinevi.com.tr\/index.php\/urun\/yat-yemekleri-denizdeki-mutfak\/","title":{"rendered":"Yat Yemekleri &#8211; Denizdeki Mutfak"},"content":{"rendered":"<p>\u201cEvlerimizde-mutfaklar\u0131m\u0131zda daha \u00e7ok vakit ge\u00e7irdi\u011fimiz, tatil i\u00e7in daha izole alanlar\u0131 tercih etti\u011fimiz, do\u011fada olmay\u0131, ya\u015fam\u0131m\u0131z\u0131 sadele\u015ftirmeyi daha \u00e7ok d\u00fc\u015f\u00fcnd\u00fc\u011f\u00fcm\u00fcz ve bunu ger\u00e7ekle\u015ftirmeye \u00e7al\u0131\u015ft\u0131\u011f\u0131m\u0131z yeni ya\u015fam d\u00fczeninde, ister teknede, ister yazl\u0131kta, isterseniz de kendi mutfa\u011f\u0131n\u0131zda keyif katacak, sunumlar\u0131yla iyi hissettirecek, sofralar\u0131n\u0131z\u0131 renklendirecek, minik mutfaklarda bile kolayl\u0131kla haz\u0131rlanabilecek, kolay ula\u015f\u0131labilir malzemelerle, T\u00fcrk ve D\u00fcnya Mutfaklar\u0131\u2019ndan derledi\u011fim, kendi re\u00e7etelerimden olu\u015fan Yat Yemekleri kitab\u0131m\u0131 be\u011feninize sunuyorum.\u201d<\/p>\n","protected":false},"excerpt":{"rendered":"<p>\u201cEvlerimizde-mutfaklar\u0131m\u0131zda daha \u00e7ok vakit ge\u00e7irdi\u011fimiz, tatil i\u00e7in daha izole alanlar\u0131 tercih etti\u011fimiz, do\u011fada olmay\u0131, ya\u015fam\u0131m\u0131z\u0131 sadele\u015ftirmeyi daha \u00e7ok d\u00fc\u015f\u00fcnd\u00fc\u011f\u00fcm\u00fcz ve bunu ger\u00e7ekle\u015ftirmeye \u00e7al\u0131\u015ft\u0131\u011f\u0131m\u0131z yeni ya\u015fam d\u00fczeninde,<span class=\"excerpt-hellip\"> [\u2026]<\/span><\/p>\n","protected":false},"featured_media":0,"template":"","meta":{"_monsterinsights_skip_tracking":false,"_monsterinsights_sitenote_active":false,"_monsterinsights_sitenote_note":"","_monsterinsights_sitenote_category":0},"product_brand":[],"product_cat":[12458,12457],"product_tag":[],"class_list":{"0":"post-733329","1":"product","2":"type-product","3":"status-publish","5":"product_cat-turk-mutfagi","6":"product_cat-yemek-kitaplari","7":"pa_cilt-ciltsiz","8":"pa_tur-kitap","9":"pa_yayinevi-alfa-yayinlari","10":"pa_yazar-ebru-omurcali","12":"first","13":"instock","14":"sale","15":"shipping-taxable","16":"purchasable","17":"product-type-simple"},"_links":{"self":[{"href":"https:\/\/roveyayinevi.com.tr\/index.php\/wp-json\/wp\/v2\/product\/733329","targetHints":{"allow":["GET"]}}],"collection":[{"href":"https:\/\/roveyayinevi.com.tr\/index.php\/wp-json\/wp\/v2\/product"}],"about":[{"href":"https:\/\/roveyayinevi.com.tr\/index.php\/wp-json\/wp\/v2\/types\/product"}],"wp:attachment":[{"href":"https:\/\/roveyayinevi.com.tr\/index.php\/wp-json\/wp\/v2\/media?parent=733329"}],"wp:term":[{"taxonomy":"product_brand","embeddable":true,"href":"https:\/\/roveyayinevi.com.tr\/index.php\/wp-json\/wp\/v2\/product_brand?post=733329"},{"taxonomy":"product_cat","embeddable":true,"href":"https:\/\/roveyayinevi.com.tr\/index.php\/wp-json\/wp\/v2\/product_cat?post=733329"},{"taxonomy":"product_tag","embeddable":true,"href":"https:\/\/roveyayinevi.com.tr\/index.php\/wp-json\/wp\/v2\/product_tag?post=733329"}],"curies":[{"name":"wp","href":"https:\/\/api.w.org\/{rel}","templated":true}]}}