{"id":733326,"date":"2025-08-27T22:07:44","date_gmt":"2025-08-27T19:07:44","guid":{"rendered":"https:\/\/roveyayinevi.com.tr\/index.php\/urun\/dmitri-mihaylovic-orlov\/"},"modified":"2026-04-11T02:49:59","modified_gmt":"2026-04-10T23:49:59","slug":"dmitri-mihaylovic-orlov","status":"publish","type":"product","link":"https:\/\/roveyayinevi.com.tr\/index.php\/urun\/dmitri-mihaylovic-orlov\/","title":{"rendered":"Dmitri Mihaylovi\u00e7 Orlov"},"content":{"rendered":"<p>Oysa, ona demek istedi\u011fim, s\u00f6ylemek istedi\u011fim ne an\u0131lar birikmi\u015fti. Sar\u0131lmak, kar\u015f\u0131l\u0131kl\u0131 sigara i\u00e7ip dertle\u015fmek, hatta mevzilerde g\u00f6\u011f\u00fcs g\u00f6\u011fse harp etmek, bu kadar h\u0131zl\u0131 olmamal\u0131yd\u0131. G\u00fc\u00e7l\u00fc g\u00f6z\u00fckmek d\u00fcnyan\u0131n en zor i\u015fi b\u00f6yle bir durumda, sava\u015f\u0131n, harbin ortas\u0131nda askerken, ordudayken, cephedeyken. \u00c7ok zor! G\u00f6zya\u015flar\u0131m\u0131 yuvalar\u0131na hapsetmek i\u00e7in g\u00f6z\u00fcm\u00fc dahi k\u0131rpmadan bekliyordum \u00f6yle. Ayaklar\u0131m\u0131n alt\u0131ndan yer \u00e7ekilmi\u015fti sanki. Bunun tarifi yok yolda\u015f, bunun tarifi yok. Beni b\u0131rak\u0131p gitmemeliydi. Bu kadar \u00e7abuk gitmemeliydi. <\/p>\n","protected":false},"excerpt":{"rendered":"<p>Oysa, ona demek istedi\u011fim, s\u00f6ylemek istedi\u011fim ne an\u0131lar birikmi\u015fti. Sar\u0131lmak, kar\u015f\u0131l\u0131kl\u0131 sigara i\u00e7ip dertle\u015fmek, hatta mevzilerde g\u00f6\u011f\u00fcs g\u00f6\u011fse harp etmek, bu kadar h\u0131zl\u0131 olmamal\u0131yd\u0131. G\u00fc\u00e7l\u00fc g\u00f6z\u00fckmek<span class=\"excerpt-hellip\"> [\u2026]<\/span><\/p>\n","protected":false},"featured_media":0,"template":"","meta":{"_monsterinsights_skip_tracking":false,"_monsterinsights_sitenote_active":false,"_monsterinsights_sitenote_note":"","_monsterinsights_sitenote_category":0},"product_brand":[],"product_cat":[12291,12711],"product_tag":[],"class_list":{"0":"post-733326","1":"product","2":"type-product","3":"status-publish","5":"product_cat-edebiyat","6":"product_cat-roman-oyku","7":"pa_cilt-ciltsiz","8":"pa_tur-kitap","9":"pa_yayinevi-luna-yayinlari","10":"pa_yazar-tunahan-sarisen","12":"first","13":"instock","14":"sale","15":"shipping-taxable","16":"purchasable","17":"product-type-simple"},"_links":{"self":[{"href":"https:\/\/roveyayinevi.com.tr\/index.php\/wp-json\/wp\/v2\/product\/733326","targetHints":{"allow":["GET"]}}],"collection":[{"href":"https:\/\/roveyayinevi.com.tr\/index.php\/wp-json\/wp\/v2\/product"}],"about":[{"href":"https:\/\/roveyayinevi.com.tr\/index.php\/wp-json\/wp\/v2\/types\/product"}],"wp:attachment":[{"href":"https:\/\/roveyayinevi.com.tr\/index.php\/wp-json\/wp\/v2\/media?parent=733326"}],"wp:term":[{"taxonomy":"product_brand","embeddable":true,"href":"https:\/\/roveyayinevi.com.tr\/index.php\/wp-json\/wp\/v2\/product_brand?post=733326"},{"taxonomy":"product_cat","embeddable":true,"href":"https:\/\/roveyayinevi.com.tr\/index.php\/wp-json\/wp\/v2\/product_cat?post=733326"},{"taxonomy":"product_tag","embeddable":true,"href":"https:\/\/roveyayinevi.com.tr\/index.php\/wp-json\/wp\/v2\/product_tag?post=733326"}],"curies":[{"name":"wp","href":"https:\/\/api.w.org\/{rel}","templated":true}]}}