{"id":733322,"date":"2025-08-27T22:07:40","date_gmt":"2025-08-27T19:07:40","guid":{"rendered":"https:\/\/roveyayinevi.com.tr\/index.php\/urun\/anlambilimde-guncel-calismalar\/"},"modified":"2026-04-16T02:40:55","modified_gmt":"2026-04-15T23:40:55","slug":"anlambilimde-guncel-calismalar","status":"publish","type":"product","link":"https:\/\/roveyayinevi.com.tr\/index.php\/urun\/anlambilimde-guncel-calismalar\/","title":{"rendered":"Anlambilimde G\u00fcncel \u00c7al\u0131\u015fmalar"},"content":{"rendered":"<p>Anlambilimin, dilbilimin di\u011fer kuramsal ve uygulamal\u0131 alanlar\u0131 ile olan yak\u0131n ili\u015fkisine vurgu yapmak, g\u00fcncel konular\u0131 ve arakesitleri bir araya getirmek amac\u0131yla planlanan bu kitap, anlambilim \u00fczerine farkl\u0131 kaynaklar ve ara\u015ft\u0131rma teknikleri \u00e7er\u00e7evesinde kaleme al\u0131nan ve bi\u00e7imsel anlambilim, bili\u015fsel anlambilim, derlem anlambilim ve uygulamal\u0131 anlambilim ba\u015fl\u0131klar\u0131 alt\u0131nda bir araya gelen \u00e7al\u0131\u015fmalardan olu\u015fmaktad\u0131r. Kitap, alandaki eksikli\u011fi giderecek kaynak kitaplardan birisidir ve bu alanda ileride yay\u0131nlanacak kitaplara yol g\u00f6sterici olacakt\u0131r.<\/p>\n","protected":false},"excerpt":{"rendered":"<p>Anlambilimin, dilbilimin di\u011fer kuramsal ve uygulamal\u0131 alanlar\u0131 ile olan yak\u0131n ili\u015fkisine vurgu yapmak, g\u00fcncel konular\u0131 ve arakesitleri bir araya getirmek amac\u0131yla planlanan bu kitap, anlambilim \u00fczerine<span class=\"excerpt-hellip\"> [\u2026]<\/span><\/p>\n","protected":false},"featured_media":0,"template":"","meta":{"_monsterinsights_skip_tracking":false,"_monsterinsights_sitenote_active":false,"_monsterinsights_sitenote_note":"","_monsterinsights_sitenote_category":0},"product_brand":[],"product_cat":[20225,12291],"product_tag":[],"class_list":{"0":"post-733322","1":"product","2":"type-product","3":"status-publish","5":"product_cat-dil-bilim","6":"product_cat-edebiyat","7":"pa_cilt-ciltsiz","8":"pa_tur-kitap","9":"pa_yayinevi-ani-yayincilik","10":"pa_yazar-ani-yayincilik-kolektif","12":"first","13":"instock","14":"sale","15":"shipping-taxable","16":"purchasable","17":"product-type-simple"},"_links":{"self":[{"href":"https:\/\/roveyayinevi.com.tr\/index.php\/wp-json\/wp\/v2\/product\/733322","targetHints":{"allow":["GET"]}}],"collection":[{"href":"https:\/\/roveyayinevi.com.tr\/index.php\/wp-json\/wp\/v2\/product"}],"about":[{"href":"https:\/\/roveyayinevi.com.tr\/index.php\/wp-json\/wp\/v2\/types\/product"}],"wp:attachment":[{"href":"https:\/\/roveyayinevi.com.tr\/index.php\/wp-json\/wp\/v2\/media?parent=733322"}],"wp:term":[{"taxonomy":"product_brand","embeddable":true,"href":"https:\/\/roveyayinevi.com.tr\/index.php\/wp-json\/wp\/v2\/product_brand?post=733322"},{"taxonomy":"product_cat","embeddable":true,"href":"https:\/\/roveyayinevi.com.tr\/index.php\/wp-json\/wp\/v2\/product_cat?post=733322"},{"taxonomy":"product_tag","embeddable":true,"href":"https:\/\/roveyayinevi.com.tr\/index.php\/wp-json\/wp\/v2\/product_tag?post=733322"}],"curies":[{"name":"wp","href":"https:\/\/api.w.org\/{rel}","templated":true}]}}