{"id":733320,"date":"2025-08-27T22:07:38","date_gmt":"2025-08-27T19:07:38","guid":{"rendered":"https:\/\/roveyayinevi.com.tr\/index.php\/urun\/sakin-korkma\/"},"modified":"2026-04-16T02:40:55","modified_gmt":"2026-04-15T23:40:55","slug":"sakin-korkma","status":"publish","type":"product","link":"https:\/\/roveyayinevi.com.tr\/index.php\/urun\/sakin-korkma\/","title":{"rendered":"Sak\u0131n Korkma!"},"content":{"rendered":"<p>D\u00fcnyadaki en eski d\u00f6rt duygudan biri olan korkunun izini s\u00fcren Sak\u0131n Korkma!, matrak \u00e7izimleri, bilgi ve fark\u0131ndal\u0131\u011f\u0131 art\u0131rmaya y\u00f6nelik i\u00e7eri\u011fi, etkile\u015fimli etkinlik sayfalar\u0131 ve g\u00f6z al\u0131c\u0131 tasar\u0131m\u0131 ile tarih boyunca insanlar\u0131n pe\u015fini &#8221;bir t\u00fcrl\u00fc&#8221; b\u0131rakmayan korku hissine dair ne varsa a\u00e7\u0131kl\u0131\u011fa kavu\u015fturuyor. \u00dcrkek kalplere sahip miniklerin (ve pek tabii ki b\u00fcy\u00fcklerin) k\u00fct\u00fcphanesinde bulunmas\u0131 gereken bu \u00e7ok \u00f6zel koleksiyon kitab\u0131, on iki ayr\u0131 b\u00f6l\u00fcmde, korkunun kayna\u011f\u0131ndan v\u00fccut \u00fczerindeki olumlu-olumsuz etkilerine; korkunun hangi \u015fekillere b\u00fcr\u00fcnd\u00fc\u011f\u00fcnden yerel k\u00fclt\u00fcrlerde ve hatta hayvanlar\u0131n d\u00fcnyas\u0131nda nas\u0131l kar\u015f\u0131l\u0131k buldu\u011funa de\u011finiyor, korkuyla ba\u015f etmenin yollar\u0131 hakk\u0131nda hap bilgiler veriyor.   Korku t\u00fcrlerini \u00e7e\u015fitli \u00f6rnekler e\u015fli\u011finde anlat\u0131p okurun zihnini ve duygu d\u00fcnyas\u0131n\u0131 d\u00fc\u015f\u00fcnce balonlar\u0131ndan ar\u0131nd\u0131ran Sak\u0131n Korkma!, pek \u00e7oklar\u0131 taraf\u0131ndan korkunun kar\u015f\u0131t\u0131 olarak g\u00f6sterilen cesaret \u00fczerine de soru oklar\u0131 f\u0131rlat\u0131yor.   Filler farelerden \u00fcrker.Ruslar burunlar\u0131n\u0131n donup d\u00fc\u015fmesinden endi\u015fe duyar. \u0130nsanlar her \u00e7a\u011fda f\u0131rt\u0131nalardan ve ay\u0131lardan korkar. Evet, yaln\u0131z de\u011filsiniz. \u00c7\u00fcnk\u00fc d\u00fcnyadaki t\u00fcm canl\u0131lar bir \u015feylerden korkuyor. Kimisi b\u00f6cekten kimisi g\u00f6k g\u00fcr\u00fclt\u00fcs\u00fcnden. Ama \u00e7ok \u00f6nemli bir ayr\u0131nt\u0131 var atlad\u0131\u011f\u0131n\u0131z: korkunun asl\u0131nda dostunuz oldu\u011fu ger\u00e7e\u011fi&#8230; Sak\u0131n Korkma! i\u015fte bu pek bilinmeyen iddiay\u0131 kan\u0131tlamak i\u00e7in haz\u0131rland\u0131. Ve emin olun; korkudan korkmaman\u0131z gerekti\u011fini fark etti\u011finizde \u00e7ok \u015fa\u015f\u0131racaks\u0131n\u0131z!   Bu kitapta hangi sorulara yan\u0131t aran\u0131yor? Korku nereden gelir ve en yak\u0131n dostlar\u0131 kimlerdir? DNA&#8217;m\u0131z\u0131n korkular\u0131m\u0131zla ne t\u00fcr bir yak\u0131nl\u0131\u011f\u0131 olabilir? Do\u011fu\u015ftan gelen korku ile \u00f6\u011frenilen korku aras\u0131ndaki fark nedir? Korktu\u011fumuzda v\u00fccudumuzda hangi tuhaf \u015feyler ger\u00e7ekle\u015fir? K\u00fc\u00e7\u00fck \u00e7ocuklar neden korkuyla y\u00fczle\u015fme konusunda daha cesurdur? Korkular, yerel k\u00fclt\u00fcre g\u00f6re nas\u0131l \u00e7e\u015fitlilik g\u00f6sterir?  Hayvanlar da korkar m\u0131? Mesela aslanlar? Hi\u00e7bir \u015feyden korkmayan insanlar var m\u0131? Korkudan keyif almak m\u00fcmk\u00fcn m\u00fc? B\u00d6\u00d6! Evet, itiraf edin ki KORKTUNUZ! \u015eu bir ger\u00e7ek ki hepimiz farkl\u0131 zamanlarda farkl\u0131 \u015feylerden korkar\u0131z. \u00d6nemli olan bunun kayna\u011f\u0131n\u0131 ara\u015ft\u0131r\u0131p korkular\u0131m\u0131zla y\u00fczle\u015fme cesaretini kendimizde bulabilmekte. Sak\u0131n Korkma!, kabullenemedi\u011fimiz ve \u00fcstesinden gelmekte zorland\u0131\u011f\u0131m\u0131z korku duygusunun ge\u00e7mi\u015fi ve gelece\u011fi \u00fczerine ger\u00e7ek\u00e7i tespitlerde bulunan; hem e\u011flenceli hem de bilgilendirici bir kaynak eser.   E\u011fer bu kitap olmasayd\u0131, \u00e7o\u011fu insan\u0131n neden palya\u00e7olardan korktu\u011funu ya da k\u00f6pekbal\u0131klar\u0131n\u0131n yunuslar\u0131 g\u00f6r\u00fcnce ni\u00e7in endi\u015feli davrand\u0131\u011f\u0131n\u0131 nereden \u00f6\u011frenecektik? O h\u00e2lde, bundan b\u00f6yle korkudan korkmak YOK! <\/p>\n","protected":false},"excerpt":{"rendered":"<p>D\u00fcnyadaki en eski d\u00f6rt duygudan biri olan korkunun izini s\u00fcren Sak\u0131n Korkma!, matrak \u00e7izimleri, bilgi ve fark\u0131ndal\u0131\u011f\u0131 art\u0131rmaya y\u00f6nelik i\u00e7eri\u011fi, etkile\u015fimli etkinlik sayfalar\u0131 ve g\u00f6z al\u0131c\u0131<span class=\"excerpt-hellip\"> [\u2026]<\/span><\/p>\n","protected":false},"featured_media":0,"template":"","meta":{"_monsterinsights_skip_tracking":false,"_monsterinsights_sitenote_active":false,"_monsterinsights_sitenote_note":"","_monsterinsights_sitenote_category":0},"product_brand":[],"product_cat":[12275,12274],"product_tag":[],"class_list":{"0":"post-733320","1":"product","2":"type-product","3":"status-publish","5":"product_cat-6-12-yas-kitaplari","6":"product_cat-cocuk-ve-genclik-kitaplari","7":"pa_cilt-ciltsiz","8":"pa_tur-kitap","9":"pa_yayinevi-tudem-yayinlari","10":"pa_yazar-milada-rezkova","12":"first","13":"instock","14":"sale","15":"shipping-taxable","16":"purchasable","17":"product-type-simple"},"_links":{"self":[{"href":"https:\/\/roveyayinevi.com.tr\/index.php\/wp-json\/wp\/v2\/product\/733320","targetHints":{"allow":["GET"]}}],"collection":[{"href":"https:\/\/roveyayinevi.com.tr\/index.php\/wp-json\/wp\/v2\/product"}],"about":[{"href":"https:\/\/roveyayinevi.com.tr\/index.php\/wp-json\/wp\/v2\/types\/product"}],"wp:attachment":[{"href":"https:\/\/roveyayinevi.com.tr\/index.php\/wp-json\/wp\/v2\/media?parent=733320"}],"wp:term":[{"taxonomy":"product_brand","embeddable":true,"href":"https:\/\/roveyayinevi.com.tr\/index.php\/wp-json\/wp\/v2\/product_brand?post=733320"},{"taxonomy":"product_cat","embeddable":true,"href":"https:\/\/roveyayinevi.com.tr\/index.php\/wp-json\/wp\/v2\/product_cat?post=733320"},{"taxonomy":"product_tag","embeddable":true,"href":"https:\/\/roveyayinevi.com.tr\/index.php\/wp-json\/wp\/v2\/product_tag?post=733320"}],"curies":[{"name":"wp","href":"https:\/\/api.w.org\/{rel}","templated":true}]}}