{"id":733319,"date":"2025-08-27T22:07:37","date_gmt":"2025-08-27T19:07:37","guid":{"rendered":"https:\/\/roveyayinevi.com.tr\/index.php\/urun\/dark-polisiye-birinci-kitap\/"},"modified":"2026-04-16T02:40:55","modified_gmt":"2026-04-15T23:40:55","slug":"dark-polisiye-birinci-kitap","status":"publish","type":"product","link":"https:\/\/roveyayinevi.com.tr\/index.php\/urun\/dark-polisiye-birinci-kitap\/","title":{"rendered":"Dark Polisiye &#8211; Birinci Kitap"},"content":{"rendered":"<p>\u201cY\u00fcr\u00fcmekten korktu\u011funuz o karanl\u0131k sokaklar\u0131n lambalar\u0131n\u0131 patlatan bizdik.\u201dBebek katilini tersten bakarak \u00e7\u00f6zen kad\u0131n Komiser, tacize u\u011frayan evlatl\u0131\u011f\u0131n \u00f6c\u00fcn\u00fc alan gizemli milis, kusursuz cinayet pe\u015findeki zampara kocan\u0131n ters giden plan\u0131, kilitli odada yak\u0131\u015f\u0131kl\u0131 psikopat\u0131n pen\u00e7esine d\u00fc\u015fen hem\u015fire, seri katili kendine usta yaparak \u00e7ocukluk travmas\u0131n\u0131 iyile\u015ftirmeye kalk\u0131\u015fan ak\u0131l hastas\u0131, roman mahallesindeki s\u0131radan bir \u00f6l\u00fcm\u00fcn planl\u0131 s\u0131rlar\u0131n\u0131 kendi y\u00f6ntemleriyle ke\u015ffedip katili k\u0131st\u0131ran cinayet masas\u0131 memuru, tetik\u00e7ilere madik atmaya kalk\u0131\u015fan berdu\u015f h\u0131rs\u0131z\u0131n trajik sonunu \u00e7\u00f6p konteyn\u0131r\u0131ndan izleyen dilenci \u00e7ocuk, gen\u00e7 ve g\u00fczel \u00f6\u011frencisinin kendisine olan tutkulu a\u015fk\u0131n\u0131 \u00f6l\u00fcmc\u00fcl bir deneyle savu\u015fturan dilbilim profes\u00f6r\u00fc, tuhaf bak\u0131\u015fl\u0131 hayali berberin gizemini \u00e7\u00f6zmeye \u00e7al\u0131\u015f\u0131rken belas\u0131n\u0131 bulan meczup, konaktaki ya\u015fl\u0131 kad\u0131n\u0131n \u00e7ocuk ya\u015ftaki hizmet\u00e7isine kurulan acayipkumpas\u00e7\u00f6z\u00fclemeyen seri cinayet dosyalar\u0131n\u0131n beklenmedik faili, k\u00e2bus mu ger\u00e7ek mi oldu\u011funu bilmeden distopik \u0130stanbul\u2019un korkun\u00e7 atmosferinde \u00e7\u00f6z\u00fcm arayan emekli polis, her t\u00fcrl\u00fc talihsizli\u011fin ve hastal\u0131\u011f\u0131n kurban\u0131 bir ucubeye d\u00f6n\u00fc\u015f\u00fcp yetimhaneden ka\u00e7arak kendini \u00e7ocuk tecav\u00fczc\u00fclerinin yok edilmesine adayan yetim, gelecekteki kad\u0131n-egemen \u0130stanbul\u2019da, d\u00f6lmakinesi dam\u0131zl\u0131k ayg\u0131r\u0131n g\u00fcvenli b\u00f6lgeye iltica maceras\u0131\u2026<\/p>\n","protected":false},"excerpt":{"rendered":"<p>\u201cY\u00fcr\u00fcmekten korktu\u011funuz o karanl\u0131k sokaklar\u0131n lambalar\u0131n\u0131 patlatan bizdik.\u201dBebek katilini tersten bakarak \u00e7\u00f6zen kad\u0131n Komiser, tacize u\u011frayan evlatl\u0131\u011f\u0131n \u00f6c\u00fcn\u00fc alan gizemli milis, kusursuz cinayet pe\u015findeki zampara kocan\u0131n<span class=\"excerpt-hellip\"> [\u2026]<\/span><\/p>\n","protected":false},"featured_media":0,"template":"","meta":{"_monsterinsights_skip_tracking":false,"_monsterinsights_sitenote_active":false,"_monsterinsights_sitenote_note":"","_monsterinsights_sitenote_category":0},"product_brand":[],"product_cat":[12291,15445],"product_tag":[],"class_list":{"0":"post-733319","1":"product","2":"type-product","3":"status-publish","5":"product_cat-edebiyat","6":"product_cat-polisiye","7":"pa_cilt-ciltsiz","8":"pa_tur-kitap","9":"pa_yayinevi-dark-istanbul-yayinlari","10":"pa_yazar-dark-istanbul-yayinlari-kolektif","12":"first","13":"instock","14":"sale","15":"shipping-taxable","16":"purchasable","17":"product-type-simple"},"_links":{"self":[{"href":"https:\/\/roveyayinevi.com.tr\/index.php\/wp-json\/wp\/v2\/product\/733319","targetHints":{"allow":["GET"]}}],"collection":[{"href":"https:\/\/roveyayinevi.com.tr\/index.php\/wp-json\/wp\/v2\/product"}],"about":[{"href":"https:\/\/roveyayinevi.com.tr\/index.php\/wp-json\/wp\/v2\/types\/product"}],"wp:attachment":[{"href":"https:\/\/roveyayinevi.com.tr\/index.php\/wp-json\/wp\/v2\/media?parent=733319"}],"wp:term":[{"taxonomy":"product_brand","embeddable":true,"href":"https:\/\/roveyayinevi.com.tr\/index.php\/wp-json\/wp\/v2\/product_brand?post=733319"},{"taxonomy":"product_cat","embeddable":true,"href":"https:\/\/roveyayinevi.com.tr\/index.php\/wp-json\/wp\/v2\/product_cat?post=733319"},{"taxonomy":"product_tag","embeddable":true,"href":"https:\/\/roveyayinevi.com.tr\/index.php\/wp-json\/wp\/v2\/product_tag?post=733319"}],"curies":[{"name":"wp","href":"https:\/\/api.w.org\/{rel}","templated":true}]}}