{"id":733317,"date":"2025-08-27T22:07:35","date_gmt":"2025-08-27T19:07:35","guid":{"rendered":"https:\/\/roveyayinevi.com.tr\/index.php\/urun\/frankenstein-bez-ciltli\/"},"modified":"2026-04-16T02:40:55","modified_gmt":"2026-04-15T23:40:55","slug":"frankenstein-bez-ciltli","status":"publish","type":"product","link":"https:\/\/roveyayinevi.com.tr\/index.php\/urun\/frankenstein-bez-ciltli\/","title":{"rendered":"Frankenstein (Bez Ciltli)"},"content":{"rendered":"<p>Frankenstein \u2013 Bir Modern Prometheus Hik\u00e2yesiParlak bir t\u0131p \u00f6\u011frencisi olan Victor Frankenstein laboratuvar ortam\u0131nda \u00f6l\u00fcy\u00fc diriltmeyi ba\u015far\u0131rsa \u00f6l\u00fcm\u00fc engelleyebilece\u011fine ve yeni bir insan \u0131rk\u0131 yaratabilece\u011fine inanmaktad\u0131r. \u00c7e\u015fitli mezar ve mahzenlerden toplad\u0131\u011f\u0131 ceset par\u00e7alar\u0131n\u0131 birle\u015ftirerek iki bu\u00e7uk metrelik bir dev yarat\u0131r fakat sonu\u00e7tan memnun olmayarak deh\u015fet i\u00e7inde onu kaderine terk eder. Sadece d\u00fcnyaya gelmekle yetinmeyen yarat\u0131k; sevgi, kimlik ve g\u00fcvenlik de talep etmektedir. Bunlar\u0131 elde edemeyince yarat\u0131c\u0131s\u0131n\u0131n pe\u015fine d\u00fc\u015f\u00fcp onunla hesapla\u015fmak ister.Mary Shelley\u2019nin 18 ya\u015f\u0131nda yazmaya ba\u015flad\u0131\u011f\u0131, 20\u2019sinde isimsiz yay\u0131mlamak zorunda b\u0131rak\u0131ld\u0131\u011f\u0131, imzas\u0131n\u0131 ancak 23 ya\u015f\u0131ndaki bask\u0131ya koyabildi\u011fi \u00f6l\u00fcms\u00fcz roman\u0131 Frankenstein iki as\u0131rd\u0131r d\u00fcnya edebiyat\u0131n\u0131 etkilemeye devam ediyor. Tanr\u0131, insan ve bilim ili\u015fkisini sorgulayan, gotik edebiyat\u0131n ba\u015fyap\u0131tlar\u0131ndan olan bu \u00e7arp\u0131c\u0131 eseri Bar\u0131\u015f Cezar\u2019\u0131n \u00f6zenli \u00e7evirisiyle sunuyoruz.<\/p>\n","protected":false},"excerpt":{"rendered":"<p>Frankenstein \u2013 Bir Modern Prometheus Hik\u00e2yesiParlak bir t\u0131p \u00f6\u011frencisi olan Victor Frankenstein laboratuvar ortam\u0131nda \u00f6l\u00fcy\u00fc diriltmeyi ba\u015far\u0131rsa \u00f6l\u00fcm\u00fc engelleyebilece\u011fine ve yeni bir insan \u0131rk\u0131 yaratabilece\u011fine inanmaktad\u0131r.<span class=\"excerpt-hellip\"> [\u2026]<\/span><\/p>\n","protected":false},"featured_media":0,"template":"","meta":{"_monsterinsights_skip_tracking":false,"_monsterinsights_sitenote_active":false,"_monsterinsights_sitenote_note":"","_monsterinsights_sitenote_category":0},"product_brand":[],"product_cat":[12291,12711],"product_tag":[],"class_list":{"0":"post-733317","1":"product","2":"type-product","3":"status-publish","5":"product_cat-edebiyat","6":"product_cat-roman-oyku","7":"pa_cilt-ciltli","8":"pa_tur-kitap","9":"pa_yayinevi-koridor-yayincilik","10":"pa_yazar-mary-shelley","12":"first","13":"instock","14":"sale","15":"shipping-taxable","16":"purchasable","17":"product-type-simple"},"_links":{"self":[{"href":"https:\/\/roveyayinevi.com.tr\/index.php\/wp-json\/wp\/v2\/product\/733317","targetHints":{"allow":["GET"]}}],"collection":[{"href":"https:\/\/roveyayinevi.com.tr\/index.php\/wp-json\/wp\/v2\/product"}],"about":[{"href":"https:\/\/roveyayinevi.com.tr\/index.php\/wp-json\/wp\/v2\/types\/product"}],"wp:attachment":[{"href":"https:\/\/roveyayinevi.com.tr\/index.php\/wp-json\/wp\/v2\/media?parent=733317"}],"wp:term":[{"taxonomy":"product_brand","embeddable":true,"href":"https:\/\/roveyayinevi.com.tr\/index.php\/wp-json\/wp\/v2\/product_brand?post=733317"},{"taxonomy":"product_cat","embeddable":true,"href":"https:\/\/roveyayinevi.com.tr\/index.php\/wp-json\/wp\/v2\/product_cat?post=733317"},{"taxonomy":"product_tag","embeddable":true,"href":"https:\/\/roveyayinevi.com.tr\/index.php\/wp-json\/wp\/v2\/product_tag?post=733317"}],"curies":[{"name":"wp","href":"https:\/\/api.w.org\/{rel}","templated":true}]}}