{"id":733316,"date":"2025-08-27T22:07:33","date_gmt":"2025-08-27T19:07:33","guid":{"rendered":"https:\/\/roveyayinevi.com.tr\/index.php\/urun\/erika-ewaldin-aski-bez-ciltli\/"},"modified":"2026-04-16T02:40:55","modified_gmt":"2026-04-15T23:40:55","slug":"erika-ewaldin-aski-bez-ciltli","status":"publish","type":"product","link":"https:\/\/roveyayinevi.com.tr\/index.php\/urun\/erika-ewaldin-aski-bez-ciltli\/","title":{"rendered":"Erika Ewald\u2019\u0131n A\u015fk\u0131 (Bez Ciltli)"},"content":{"rendered":"<p>S\u0131radan ve silik bir hayat s\u00fcren gen\u00e7 piyanist Erika Ewald, birlikte konser verecekleri kemanc\u0131ya provalar esnas\u0131nda \u00e2\u015f\u0131k olur. Ba\u015flang\u0131\u00e7ta bu platonik bir a\u015fk olsa da ili\u015fkileri sohbetler ve gezintilerle ilerledik\u00e7e Erika\u2019n\u0131n arzular\u0131 yava\u015f yava\u015f uyan\u0131r ve duygular\u0131n\u0131 gen\u00e7 adama itiraf etmekten \u00e7ekinmez ancak son ad\u0131m\u0131 atmak \u00fczereyken hen\u00fcz haz\u0131r olmad\u0131\u011f\u0131n\u0131n fark\u0131na vararak ondan uzakla\u015f\u0131r.   Bir s\u00fcre birbirlerini g\u00f6rmezler; g\u00fcnler, haftalar beklemekle ge\u00e7er. Masumane duygular\u0131 kemanc\u0131n\u0131n beklenmedik bir arzusuyla parampar\u00e7a olan Erika tutkusu, kimli\u011fi ve gururu aras\u0131nda kalacakt\u0131r.   Stefan Zweig\u2019\u0131n Sigmund Freud ile dostluk y\u0131llar\u0131nda yazd\u0131\u011f\u0131 ve ba\u015fkahraman\u0131n i\u00e7 hesapla\u015fmalar\u0131n\u0131 psikolojik bir derinlikle ele ald\u0131\u011f\u0131 bu \u00f6yk\u00fcs\u00fcn\u00fc Ahmet Arpad\u2019\u0131n \u00f6zenli \u00e7evirisiyle sunuyoruz. <\/p>\n","protected":false},"excerpt":{"rendered":"<p>S\u0131radan ve silik bir hayat s\u00fcren gen\u00e7 piyanist Erika Ewald, birlikte konser verecekleri kemanc\u0131ya provalar esnas\u0131nda \u00e2\u015f\u0131k olur. Ba\u015flang\u0131\u00e7ta bu platonik bir a\u015fk olsa da ili\u015fkileri<span class=\"excerpt-hellip\"> [\u2026]<\/span><\/p>\n","protected":false},"featured_media":0,"template":"","meta":{"_monsterinsights_skip_tracking":false,"_monsterinsights_sitenote_active":false,"_monsterinsights_sitenote_note":"","_monsterinsights_sitenote_category":0},"product_brand":[],"product_cat":[12291,12711],"product_tag":[],"class_list":{"0":"post-733316","1":"product","2":"type-product","3":"status-publish","5":"product_cat-edebiyat","6":"product_cat-roman-oyku","7":"pa_cilt-ciltli","8":"pa_tur-kitap","9":"pa_yayinevi-koridor-yayincilik","10":"pa_yazar-stefan-zweig","12":"first","13":"instock","14":"sale","15":"shipping-taxable","16":"purchasable","17":"product-type-simple"},"_links":{"self":[{"href":"https:\/\/roveyayinevi.com.tr\/index.php\/wp-json\/wp\/v2\/product\/733316","targetHints":{"allow":["GET"]}}],"collection":[{"href":"https:\/\/roveyayinevi.com.tr\/index.php\/wp-json\/wp\/v2\/product"}],"about":[{"href":"https:\/\/roveyayinevi.com.tr\/index.php\/wp-json\/wp\/v2\/types\/product"}],"wp:attachment":[{"href":"https:\/\/roveyayinevi.com.tr\/index.php\/wp-json\/wp\/v2\/media?parent=733316"}],"wp:term":[{"taxonomy":"product_brand","embeddable":true,"href":"https:\/\/roveyayinevi.com.tr\/index.php\/wp-json\/wp\/v2\/product_brand?post=733316"},{"taxonomy":"product_cat","embeddable":true,"href":"https:\/\/roveyayinevi.com.tr\/index.php\/wp-json\/wp\/v2\/product_cat?post=733316"},{"taxonomy":"product_tag","embeddable":true,"href":"https:\/\/roveyayinevi.com.tr\/index.php\/wp-json\/wp\/v2\/product_tag?post=733316"}],"curies":[{"name":"wp","href":"https:\/\/api.w.org\/{rel}","templated":true}]}}