{"id":733312,"date":"2025-08-27T22:07:30","date_gmt":"2025-08-27T19:07:30","guid":{"rendered":"https:\/\/roveyayinevi.com.tr\/index.php\/urun\/teorik-ve-politik-yonleriyle-iktisat-biliminde-yasanan-gelismeler\/"},"modified":"2026-04-16T02:40:55","modified_gmt":"2026-04-15T23:40:55","slug":"teorik-ve-politik-yonleriyle-iktisat-biliminde-yasanan-gelismeler","status":"publish","type":"product","link":"https:\/\/roveyayinevi.com.tr\/index.php\/urun\/teorik-ve-politik-yonleriyle-iktisat-biliminde-yasanan-gelismeler\/","title":{"rendered":"Teorik ve Politik Y\u00f6nleriyle \u0130ktisat Biliminde Ya\u015fanan Geli\u015fmeler"},"content":{"rendered":"<p>\u0130\u00e7indekiler   1.\u0130ktisadi D\u00fc\u015f\u00fcncede Rasyonelle\u015fme S\u00fcrecinin \u0130ktisadi Sonu\u00e7lar\u0131 2.Rezervlerin Optimal Miktar\u0131n\u0131n Belirlenmesinde G\u00fcncel Yakla\u015f\u0131mlar: T\u00fcrkiye i\u00e7in Rezerv Yeterlik D\u00fczeyi ve Rezerv Tutma Maliyetlerine \u0130li\u015fkin Tespitler 3.Uluslararas\u0131 Para Fonu\u2019nun Sermaye Kontrollerine \u0130li\u015fkin Kurumsal G\u00f6r\u00fc\u015f\u00fc \u00c7er\u00e7evesinde Politika Tart\u0131\u015fmalar\u0131 4.K\u00fcreselle\u015fmenin Geli\u015fimi, Yakla\u015f\u0131mlar\u0131 ve Ekonomik Etkileri 5. ABD-\u00c7in Ticaret Sava\u015f\u0131n\u0131n Marksizm Perspektifinden \u0130ncelenmesi 6.Ticarette Y\u00fckselen Trend: Elektronik Ticaret ve Mobil Ticaret 7.Vi\u015fegrad D\u00f6rtl\u00fcs\u00fc\u2019n\u00fcn Dijital Ekonomi G\u00f6stergeleri Kapsam\u0131nda De\u011ferlendirilmesi 8. Postmodern D\u00fcnyan\u0131n Dijital \u00c7a\u011f\u0131nda Sosyal Sermaye-Kalk\u0131nma \u0130li\u015fkisi 9.T\u00fcrkiye\u2019de 1923\u2019ten G\u00fcn\u00fcm\u00fcze Para Politikas\u0131 Uygulamalar\u0131n\u0131n Tarihsel Geli\u015fimi 10.Ekonomik ve Siyasal Geli\u015fmelerle T\u00fcrkiye Tarihine Bak\u0131\u015f (1920-2020) 11.Enerji Ba\u011f\u0131ml\u0131l\u0131\u011f\u0131 Cari A\u00e7\u0131k \u0130li\u015fkisi: Panel Nedensellik Analizi 12.\u0130ktisat Teorisinde \u00c7evresel Kirlilik ve Gelir E\u015fitsizli\u011fi Aras\u0131ndaki Farkl\u0131 Teorik Yakla\u015f\u0131mlar<\/p>\n","protected":false},"excerpt":{"rendered":"<p>\u0130\u00e7indekiler 1.\u0130ktisadi D\u00fc\u015f\u00fcncede Rasyonelle\u015fme S\u00fcrecinin \u0130ktisadi Sonu\u00e7lar\u0131 2.Rezervlerin Optimal Miktar\u0131n\u0131n Belirlenmesinde G\u00fcncel Yakla\u015f\u0131mlar: T\u00fcrkiye i\u00e7in Rezerv Yeterlik D\u00fczeyi ve Rezerv Tutma Maliyetlerine \u0130li\u015fkin Tespitler 3.Uluslararas\u0131 Para<span class=\"excerpt-hellip\"> [\u2026]<\/span><\/p>\n","protected":false},"featured_media":0,"template":"","meta":{"_monsterinsights_skip_tracking":false,"_monsterinsights_sitenote_active":false,"_monsterinsights_sitenote_note":"","_monsterinsights_sitenote_category":0},"product_brand":[],"product_cat":[20333,13043],"product_tag":[],"class_list":{"0":"post-733312","1":"product","2":"type-product","3":"status-publish","5":"product_cat-diger-ekonomi","6":"product_cat-ekonomi","7":"pa_cilt-ciltsiz","8":"pa_tur-kitap","9":"pa_yayinevi-gazi-kitabevi","10":"pa_yazar-gazi-kitabevi-kolektif","12":"first","13":"instock","14":"sale","15":"shipping-taxable","16":"purchasable","17":"product-type-simple"},"_links":{"self":[{"href":"https:\/\/roveyayinevi.com.tr\/index.php\/wp-json\/wp\/v2\/product\/733312","targetHints":{"allow":["GET"]}}],"collection":[{"href":"https:\/\/roveyayinevi.com.tr\/index.php\/wp-json\/wp\/v2\/product"}],"about":[{"href":"https:\/\/roveyayinevi.com.tr\/index.php\/wp-json\/wp\/v2\/types\/product"}],"wp:attachment":[{"href":"https:\/\/roveyayinevi.com.tr\/index.php\/wp-json\/wp\/v2\/media?parent=733312"}],"wp:term":[{"taxonomy":"product_brand","embeddable":true,"href":"https:\/\/roveyayinevi.com.tr\/index.php\/wp-json\/wp\/v2\/product_brand?post=733312"},{"taxonomy":"product_cat","embeddable":true,"href":"https:\/\/roveyayinevi.com.tr\/index.php\/wp-json\/wp\/v2\/product_cat?post=733312"},{"taxonomy":"product_tag","embeddable":true,"href":"https:\/\/roveyayinevi.com.tr\/index.php\/wp-json\/wp\/v2\/product_tag?post=733312"}],"curies":[{"name":"wp","href":"https:\/\/api.w.org\/{rel}","templated":true}]}}