{"id":733311,"date":"2025-08-27T22:07:30","date_gmt":"2025-08-27T19:07:30","guid":{"rendered":"https:\/\/roveyayinevi.com.tr\/index.php\/urun\/maliye-alaninda-ulusal-ve-kuresel-degerlendirmeler-teori-politika-ve-hukuk\/"},"modified":"2026-04-16T02:40:55","modified_gmt":"2026-04-15T23:40:55","slug":"maliye-alaninda-ulusal-ve-kuresel-degerlendirmeler-teori-politika-ve-hukuk","status":"publish","type":"product","link":"https:\/\/roveyayinevi.com.tr\/index.php\/urun\/maliye-alaninda-ulusal-ve-kuresel-degerlendirmeler-teori-politika-ve-hukuk\/","title":{"rendered":"Maliye Alan\u0131nda Ulusal ve K\u00fcresel De\u011ferlendirmeler : Teori, Politika ve Hukuk"},"content":{"rendered":"<p>1.S\u00fcrd\u00fcr\u00fclebilir \u0130ktisadi B\u00fcy\u00fcme Ve Kalk\u0131nmaya Y\u00f6nelik Ye\u015fil Maliye Politikas\u0131 Uygulamalar\u0131: T\u00fcrkiye \u00d6rne\u011fi 2.T\u00fcrkiye\u2019de B\u00fct\u00e7e Harcama Esnekli\u011fi Ve Mali Demokrasi Seviyesinin Geli\u015fimi 3.T\u00fcrkiye\u2019de Dijital Hizmet Vergisi Uygulamas\u0131n\u0131n De\u011ferlendirilmesi 4.2006-2020 D\u00f6nemi T\u00fcrkiye\u2019de \u00c7evre Temizlik Vergisi 5.Cov\u0131d-19 Salg\u0131n\u0131 Ve Ye\u015fil Vergi Politikas\u0131 6.Devletin Ve M\u00fckelleflerin Bor\u00e7lanma Maliyetleri \u00c7er\u00e7evesinde Gecikme Faizi\/Zamm\u0131 Oranlar\u0131n\u0131n De\u011ferlendirilmesi 7.Kalk\u0131nma Planlar\u0131nda Belediyelerin Mali Yap\u0131lar\u0131na \u0130li\u015fkin Politika Ve Hedeflerin Analizi 8.5018 Say\u0131l\u0131 Kamu Mali Y\u00f6netimi Ve Kontrol Kanunu\u2019nda Hesap Verilebilirlik Ve \u0130\u00e7 Kontrol Sisteminin Etkinli\u011fi 9.Mali Denetim Ba\u011flam\u0131nda T\u00fcrkiye Varl\u0131k Fonu \u00dczerine Bir \u0130nceleme 10.T\u00fcrkiye\u2019de Metropoliten Alan Y\u00f6netiminin De\u011fi\u015fimi Ve Mali Yerelle\u015fme: Tops\u0131s Y\u00f6ntemi \u0130le B\u00fcy\u00fck\u015fehir Belediyeleri B\u00fct\u00e7e Giderlerinin Kar\u015f\u0131la\u015ft\u0131rmal\u0131 Analizi <\/p>\n","protected":false},"excerpt":{"rendered":"<p>1.S\u00fcrd\u00fcr\u00fclebilir \u0130ktisadi B\u00fcy\u00fcme Ve Kalk\u0131nmaya Y\u00f6nelik Ye\u015fil Maliye Politikas\u0131 Uygulamalar\u0131: T\u00fcrkiye \u00d6rne\u011fi 2.T\u00fcrkiye\u2019de B\u00fct\u00e7e Harcama Esnekli\u011fi Ve Mali Demokrasi Seviyesinin Geli\u015fimi 3.T\u00fcrkiye\u2019de Dijital Hizmet Vergisi Uygulamas\u0131n\u0131n<span class=\"excerpt-hellip\"> [\u2026]<\/span><\/p>\n","protected":false},"featured_media":0,"template":"","meta":{"_monsterinsights_skip_tracking":false,"_monsterinsights_sitenote_active":false,"_monsterinsights_sitenote_note":"","_monsterinsights_sitenote_category":0},"product_brand":[],"product_cat":[13043,14381],"product_tag":[],"class_list":{"0":"post-733311","1":"product","2":"type-product","3":"status-publish","5":"product_cat-ekonomi","6":"product_cat-isletme-muhasebe-maliye","7":"pa_cilt-ciltsiz","8":"pa_tur-kitap","9":"pa_yayinevi-gazi-kitabevi","10":"pa_yazar-gazi-kitabevi-kolektif","12":"first","13":"instock","14":"sale","15":"shipping-taxable","16":"purchasable","17":"product-type-simple"},"_links":{"self":[{"href":"https:\/\/roveyayinevi.com.tr\/index.php\/wp-json\/wp\/v2\/product\/733311","targetHints":{"allow":["GET"]}}],"collection":[{"href":"https:\/\/roveyayinevi.com.tr\/index.php\/wp-json\/wp\/v2\/product"}],"about":[{"href":"https:\/\/roveyayinevi.com.tr\/index.php\/wp-json\/wp\/v2\/types\/product"}],"wp:attachment":[{"href":"https:\/\/roveyayinevi.com.tr\/index.php\/wp-json\/wp\/v2\/media?parent=733311"}],"wp:term":[{"taxonomy":"product_brand","embeddable":true,"href":"https:\/\/roveyayinevi.com.tr\/index.php\/wp-json\/wp\/v2\/product_brand?post=733311"},{"taxonomy":"product_cat","embeddable":true,"href":"https:\/\/roveyayinevi.com.tr\/index.php\/wp-json\/wp\/v2\/product_cat?post=733311"},{"taxonomy":"product_tag","embeddable":true,"href":"https:\/\/roveyayinevi.com.tr\/index.php\/wp-json\/wp\/v2\/product_tag?post=733311"}],"curies":[{"name":"wp","href":"https:\/\/api.w.org\/{rel}","templated":true}]}}