{"id":733310,"date":"2025-08-27T22:07:29","date_gmt":"2025-08-27T19:07:29","guid":{"rendered":"https:\/\/roveyayinevi.com.tr\/index.php\/urun\/turkiye-uzerine\/"},"modified":"2026-04-16T02:40:55","modified_gmt":"2026-04-15T23:40:55","slug":"turkiye-uzerine","status":"publish","type":"product","link":"https:\/\/roveyayinevi.com.tr\/index.php\/urun\/turkiye-uzerine\/","title":{"rendered":"T\u00fcrkiye \u00dczerine"},"content":{"rendered":"<p>Marx\u2019\u0131n \u201cT\u00fcrkiye \u00dczerine\u201d kitab\u0131, bundan 164 y\u0131l \u00f6nce \u00ab New York Tribune \u00bb gazetesine yazd\u0131\u011f\u0131 makalelerden olu\u015fuyor. D\u00f6nemin Osmanl\u0131, Rusya ve Avrupa (Avrupa dedi\u011fimiz \u00f6zellikle \u0130ngiltere) ili\u015fkileri \u00fczerinde toplumsal yap\u0131, siyasal yakla\u015f\u0131mlar, \u00e7\u0131karlar ve bunun \u00fczerine \u015fekillenen diplomasiyi irdeleyerek g\u00fcn\u00fcm\u00fcze dek uzanan ili\u015fki yuma\u011f\u0131n\u0131 sorgulayarak ele al\u0131yor. Devletleraras\u0131 sorunlar\u0131n nedenlerini olu\u015fturan \u00e7eli\u015fkiler ortadan kalkmad\u0131\u011f\u0131 i\u00e7in zamansal de\u011fi\u015fimin geride b\u0131rakt\u0131\u011f\u0131 mek\u00e2nsal sorunlar\u0131n a\u015f\u0131lamayaca\u011f\u0131n\u0131 \u00e7ok \u00e7arp\u0131c\u0131 bir bi\u00e7imde ortaya koymaktad\u0131r. Kitap, Osmanl\u0131 \u0130mparatorlu\u011fu\u2019nun 19. y\u00fczy\u0131l\u0131ndaki sorunlar\u0131n\u0131, a\u00e7mazlar\u0131n\u0131, \u201chasta adam\u201d tan\u0131mlanmalar\u0131n\u0131n ortaya \u00e7\u0131kard\u0131\u011f\u0131 ili\u015fkileri, g\u00fcn\u00fcm\u00fcz\u00fcn T\u00fcrkiye devlet yap\u0131s\u0131n\u0131n ya\u015fad\u0131\u011f\u0131 sorunlara mercek tutuyor.Bir solukta okunacak olan bu kitap, Osmanl\u0131 \u0130mparatorlu\u011fu\u2019ndan T\u00fcrkiye devlet yap\u0131s\u0131na uzanan \u201cstratejik konum\u201d maceras\u0131n\u0131n Rusya, Avrupa ve \u00f6zellikle \u0130ngiltere aras\u0131ndaki \u00e7eli\u015fkilerin g\u00fczerg\u00e2h\u0131nda, nas\u0131l bo\u011funtuya u\u011frad\u0131\u011f\u0131na \u0131\u015f\u0131k tutuyor.<\/p>\n","protected":false},"excerpt":{"rendered":"<p>Marx\u2019\u0131n \u201cT\u00fcrkiye \u00dczerine\u201d kitab\u0131, bundan 164 y\u0131l \u00f6nce \u00ab New York Tribune \u00bb gazetesine yazd\u0131\u011f\u0131 makalelerden olu\u015fuyor. D\u00f6nemin Osmanl\u0131, Rusya ve Avrupa (Avrupa dedi\u011fimiz \u00f6zellikle \u0130ngiltere)<span class=\"excerpt-hellip\"> [\u2026]<\/span><\/p>\n","protected":false},"featured_media":0,"template":"","meta":{"_monsterinsights_skip_tracking":false,"_monsterinsights_sitenote_active":false,"_monsterinsights_sitenote_note":"","_monsterinsights_sitenote_category":0},"product_brand":[],"product_cat":[16038,12388],"product_tag":[],"class_list":{"0":"post-733310","1":"product","2":"type-product","3":"status-publish","5":"product_cat-arastirma-inceleme-referans-felsefe","6":"product_cat-felsefe","7":"pa_cilt-ciltsiz","8":"pa_tur-kitap","9":"pa_yayinevi-sumer-yayin","10":"pa_yazar-karl-marx","12":"first","13":"instock","14":"sale","15":"shipping-taxable","16":"purchasable","17":"product-type-simple"},"_links":{"self":[{"href":"https:\/\/roveyayinevi.com.tr\/index.php\/wp-json\/wp\/v2\/product\/733310","targetHints":{"allow":["GET"]}}],"collection":[{"href":"https:\/\/roveyayinevi.com.tr\/index.php\/wp-json\/wp\/v2\/product"}],"about":[{"href":"https:\/\/roveyayinevi.com.tr\/index.php\/wp-json\/wp\/v2\/types\/product"}],"wp:attachment":[{"href":"https:\/\/roveyayinevi.com.tr\/index.php\/wp-json\/wp\/v2\/media?parent=733310"}],"wp:term":[{"taxonomy":"product_brand","embeddable":true,"href":"https:\/\/roveyayinevi.com.tr\/index.php\/wp-json\/wp\/v2\/product_brand?post=733310"},{"taxonomy":"product_cat","embeddable":true,"href":"https:\/\/roveyayinevi.com.tr\/index.php\/wp-json\/wp\/v2\/product_cat?post=733310"},{"taxonomy":"product_tag","embeddable":true,"href":"https:\/\/roveyayinevi.com.tr\/index.php\/wp-json\/wp\/v2\/product_tag?post=733310"}],"curies":[{"name":"wp","href":"https:\/\/api.w.org\/{rel}","templated":true}]}}