{"id":733306,"date":"2025-08-27T22:07:26","date_gmt":"2025-08-27T19:07:26","guid":{"rendered":"https:\/\/roveyayinevi.com.tr\/index.php\/urun\/politik-ekoloji-iklim-krizi-ve-yeni-toplumsal-gundem\/"},"modified":"2026-04-16T02:40:55","modified_gmt":"2026-04-15T23:40:55","slug":"politik-ekoloji-iklim-krizi-ve-yeni-toplumsal-gundem","status":"publish","type":"product","link":"https:\/\/roveyayinevi.com.tr\/index.php\/urun\/politik-ekoloji-iklim-krizi-ve-yeni-toplumsal-gundem\/","title":{"rendered":"Politik Ekoloji &#8211; \u0130klim Krizi ve Yeni Toplumsal G\u00fcndem"},"content":{"rendered":"<p>Politik Ekoloji, \u00e7evre politikas\u0131n\u0131n tarihi ve gelecekte alabilece\u011fi \u015fekiller \u00fczerine yaz\u0131lm\u0131\u015f ve \u015fimdi klasikle\u015fmi\u015f olan bir yap\u0131tt\u0131r. Bu klasik yap\u0131t, Aral\u0131k 2015 tarihinde ger\u00e7ekle\u015fen Birle\u015fmi\u015f Milletler Paris \u0130klim Konferans\u0131\u2019n\u0131n detayl\u0131 bir anlat\u0131m\u0131 ile buradan \u00e7\u0131kan perspektifleri de i\u00e7eren en g\u00fcncel ve geni\u015fletilmi\u015f edisyonundan T\u00fcrk\u00e7eye \u00e7evrilmi\u015ftir.Politik Ekoloji, \u00e7evrenin devlet taraf\u0131ndan y\u00f6netiminin tarihiyle a\u00e7\u0131lmakta, ard\u0131ndan ekolojik kriz kar\u015f\u0131s\u0131nda halktan gelen ve geni\u015f bir yelpazeye da\u011f\u0131lan yan\u0131tlar\u0131 g\u00f6zden ge\u00e7irmekte ve nihayetinde ekoloji hareketi taraf\u0131ndan \u00f6nerilen temel politik e\u011filimlerin bir tart\u0131\u015fmas\u0131n\u0131 a\u00e7maktad\u0131r.Roussopoulos, ekolojist aktivistlerin \u00e7evreyi korumaktan ziyade yeni topluluklar, yeni ya\u015fam bi\u00e7imleri ve yeni bir politika yapma bi\u00e7imi hedeflediklerini savunur. Son b\u00f6l\u00fcmler, \u00e7evrecili\u011fin arzular\u0131n\u0131n bu t\u00fcrden politik alternatiflere nas\u0131l y\u00f6nlendirilebilece\u011fini ara\u015ft\u0131rmakta ve bu \u00e7er\u00e7evede toplumsal ekolojinin ilham verdi\u011fi Montreal ve Rojova gibi ba\u015far\u0131l\u0131 \u00f6rnekleri serimlemektedir.Dimitri Roussopoulos, yazar, edit\u00f6r, yay\u0131nc\u0131, bir topluluk organizat\u00f6r\u00fc ve konu\u015fmac\u0131s\u0131d\u0131r. 1950\u2019lerin sonlar\u0131ndan bu yana bar\u0131\u015f inisiyatiflerinde, kent ekolojisi projelerinde ve kooperatif hareketlerinde aktif bi\u00e7imde yer almaktad\u0131r.<\/p>\n","protected":false},"excerpt":{"rendered":"<p>Politik Ekoloji, \u00e7evre politikas\u0131n\u0131n tarihi ve gelecekte alabilece\u011fi \u015fekiller \u00fczerine yaz\u0131lm\u0131\u015f ve \u015fimdi klasikle\u015fmi\u015f olan bir yap\u0131tt\u0131r. Bu klasik yap\u0131t, Aral\u0131k 2015 tarihinde ger\u00e7ekle\u015fen Birle\u015fmi\u015f Milletler<span class=\"excerpt-hellip\"> [\u2026]<\/span><\/p>\n","protected":false},"featured_media":0,"template":"","meta":{"_monsterinsights_skip_tracking":false,"_monsterinsights_sitenote_active":false,"_monsterinsights_sitenote_note":"","_monsterinsights_sitenote_category":0},"product_brand":[],"product_cat":[13059,12337],"product_tag":[],"class_list":{"0":"post-733306","1":"product","2":"type-product","3":"status-publish","5":"product_cat-diger-politika-siyaset","6":"product_cat-politika-siyaset","7":"pa_cilt-ciltsiz","8":"pa_tur-kitap","9":"pa_yayinevi-sumer-yayin","10":"pa_yazar-dimitri-roussopoulos","12":"first","13":"instock","14":"sale","15":"shipping-taxable","16":"purchasable","17":"product-type-simple"},"_links":{"self":[{"href":"https:\/\/roveyayinevi.com.tr\/index.php\/wp-json\/wp\/v2\/product\/733306","targetHints":{"allow":["GET"]}}],"collection":[{"href":"https:\/\/roveyayinevi.com.tr\/index.php\/wp-json\/wp\/v2\/product"}],"about":[{"href":"https:\/\/roveyayinevi.com.tr\/index.php\/wp-json\/wp\/v2\/types\/product"}],"wp:attachment":[{"href":"https:\/\/roveyayinevi.com.tr\/index.php\/wp-json\/wp\/v2\/media?parent=733306"}],"wp:term":[{"taxonomy":"product_brand","embeddable":true,"href":"https:\/\/roveyayinevi.com.tr\/index.php\/wp-json\/wp\/v2\/product_brand?post=733306"},{"taxonomy":"product_cat","embeddable":true,"href":"https:\/\/roveyayinevi.com.tr\/index.php\/wp-json\/wp\/v2\/product_cat?post=733306"},{"taxonomy":"product_tag","embeddable":true,"href":"https:\/\/roveyayinevi.com.tr\/index.php\/wp-json\/wp\/v2\/product_tag?post=733306"}],"curies":[{"name":"wp","href":"https:\/\/api.w.org\/{rel}","templated":true}]}}