{"id":733305,"date":"2025-08-27T22:07:25","date_gmt":"2025-08-27T19:07:25","guid":{"rendered":"https:\/\/roveyayinevi.com.tr\/index.php\/urun\/modern-kriz\/"},"modified":"2026-04-16T02:40:55","modified_gmt":"2026-04-15T23:40:55","slug":"modern-kriz","status":"publish","type":"product","link":"https:\/\/roveyayinevi.com.tr\/index.php\/urun\/modern-kriz\/","title":{"rendered":"Modern Kriz"},"content":{"rendered":"<p>Tarihte birbirimizle ve do\u011fal d\u00fcnyayla ili\u015fkilermizde bu dneli muazzam bir krizle kar\u015f\u0131 kar\u015f\u0131ya kalacak kadar yanl\u0131\u015f\u0131 nerede yapt\u0131k ?E\u011fer ideal olan\u0131 reel olanla birle\u015ftirecek ve &#8221; realizm &#8221; gibi s\u00f6zc\u00fcklere olduklar\u0131ndan daha zengin , daha rasyonel bir anlam kazand\u0131racak bir eti\u011fe umutsuzca ihtiya\u00e7 duyuyorsak , o halde kar\u015f\u0131m\u0131zda geleceksel bir ikilem duruyor demektir. \u0130yi ile k\u00f6t\u00fc , do\u011fru ile yanl\u0131\u015f &#8230;Bu ac\u0131tan modern kriz , yerinden etti\u011fi \u015feyleri , yerine oturtmaya \u00e7al\u0131\u015fan bir\u00e7ok ideolojik hareketin kendi i\u00e7indeki ciddi bir krizini de beraberinde getirmi\u015ftir.Ya bu de\u011ferlendirmeler \u0131\u015f\u0131\u011f\u0131nda , radikal toplumsal teorinin ve analizin ac\u0131mas\u0131z bir yeniden kurulu\u015fu i\u015fini s\u0131rtlanaca\u011f\u0131z ya da \u00e7oktan ge\u00e7ip gitmi\u015f ve \u015fimdi toplumsal bilin\u00e7te tamamen yan\u0131lt\u0131c\u0131 , asl\u0131nda gerici rol oynayan bir \u00e7a\u011fdan bize miraz kalm\u0131\u015f dogmalar\u0131n ak\u0131ls\u0131z kurbanlar\u0131 olarak kalaca\u011f\u0131z.<\/p>\n","protected":false},"excerpt":{"rendered":"<p>Tarihte birbirimizle ve do\u011fal d\u00fcnyayla ili\u015fkilermizde bu dneli muazzam bir krizle kar\u015f\u0131 kar\u015f\u0131ya kalacak kadar yanl\u0131\u015f\u0131 nerede yapt\u0131k ?E\u011fer ideal olan\u0131 reel olanla birle\u015ftirecek ve &#8221;<span class=\"excerpt-hellip\"> [\u2026]<\/span><\/p>\n","protected":false},"featured_media":0,"template":"","meta":{"_monsterinsights_skip_tracking":false,"_monsterinsights_sitenote_active":false,"_monsterinsights_sitenote_note":"","_monsterinsights_sitenote_category":0},"product_brand":[],"product_cat":[20333,13043],"product_tag":[],"class_list":{"0":"post-733305","1":"product","2":"type-product","3":"status-publish","5":"product_cat-diger-ekonomi","6":"product_cat-ekonomi","7":"pa_cilt-ciltsiz","8":"pa_tur-kitap","9":"pa_yayinevi-sumer-yayin","10":"pa_yazar-murray-bookchin","12":"first","13":"instock","14":"sale","15":"shipping-taxable","16":"purchasable","17":"product-type-simple"},"_links":{"self":[{"href":"https:\/\/roveyayinevi.com.tr\/index.php\/wp-json\/wp\/v2\/product\/733305","targetHints":{"allow":["GET"]}}],"collection":[{"href":"https:\/\/roveyayinevi.com.tr\/index.php\/wp-json\/wp\/v2\/product"}],"about":[{"href":"https:\/\/roveyayinevi.com.tr\/index.php\/wp-json\/wp\/v2\/types\/product"}],"wp:attachment":[{"href":"https:\/\/roveyayinevi.com.tr\/index.php\/wp-json\/wp\/v2\/media?parent=733305"}],"wp:term":[{"taxonomy":"product_brand","embeddable":true,"href":"https:\/\/roveyayinevi.com.tr\/index.php\/wp-json\/wp\/v2\/product_brand?post=733305"},{"taxonomy":"product_cat","embeddable":true,"href":"https:\/\/roveyayinevi.com.tr\/index.php\/wp-json\/wp\/v2\/product_cat?post=733305"},{"taxonomy":"product_tag","embeddable":true,"href":"https:\/\/roveyayinevi.com.tr\/index.php\/wp-json\/wp\/v2\/product_tag?post=733305"}],"curies":[{"name":"wp","href":"https:\/\/api.w.org\/{rel}","templated":true}]}}