{"id":733304,"date":"2025-08-27T22:07:25","date_gmt":"2025-08-27T19:07:25","guid":{"rendered":"https:\/\/roveyayinevi.com.tr\/index.php\/urun\/kentsiz-kentlesme\/"},"modified":"2026-04-16T02:40:55","modified_gmt":"2026-04-15T23:40:55","slug":"kentsiz-kentlesme","status":"publish","type":"product","link":"https:\/\/roveyayinevi.com.tr\/index.php\/urun\/kentsiz-kentlesme\/","title":{"rendered":"Kentsiz Kentle\u015fme"},"content":{"rendered":"<p>Bug\u00fcn, insan ili\u015fkilerinin ayr\u0131\u015fmaya ba\u015flad\u0131\u011f\u0131 bir d\u00fcnyada ya\u015f\u0131yoruz. Ak\u0131l bedenin, d\u00fc\u015f\u00fcnce maddenin, birey toplulu\u011fun, kent ku\u015faklan kentlerin, kentler k\u0131rsal kesimin, insanl\u0131k ise &#8216;vah\u015fi ve yola getirilmesi g\u00fc\u00e7&#8217; olarak g\u00f6r\u00fclen do\u011fan\u0131n kar\u015f\u0131s\u0131nda yer al\u0131yor. B\u00f6ylesi &#8216;yoksun&#8217; bir noktaya evirilmemizde en b\u00fcy\u00fck pay sahibi olan ulus-devlet ise art\u0131k totaliter bir karaktere b\u00fcr\u00fcnm\u00fc\u015f durumda. Politika, kentsel ve kat\u0131l\u0131mc\u0131 \u00f6z\u00fcnden kopart\u0131l\u0131p &#8216;devlet&#8217;e indirgenmi\u015f, yurtta\u015flar vergi m\u00fckellefi birer &#8216;se\u00e7men&#8217;e d\u00f6n\u00fc\u015ft\u00fcr\u00fclerek etkisizle\u015ftirilmi\u015ftir. Toplumsal sorunlarda s\u00f6z sahibi olan bir zamanlar\u0131n aktif yurtta\u015f\u0131, giderek eylemsizle\u015fmi\u015f, d\u00fc\u015f\u00fcnsel becerileri azalm\u0131\u015f, umursamazl\u0131\u011f\u0131 artm\u0131\u015f; b\u00fct\u00fcn etkinli\u011fini al\u0131\u015fveri\u015f, moda, d\u0131\u015f g\u00f6r\u00fcn\u00fc\u015f ve kariyer gibi alanlarda g\u00f6stermeye ba\u015flam\u0131\u015ft\u0131r. Ne devletin ne de onun do\u011frudan uzant\u0131s\u0131 olan politik partilerin halkla &#8216;do\u011frudan&#8217; ba\u011f\u0131 vard\u0131r art\u0131k. Demokrasi kavram\u0131n\u0131n do\u011fu\u015fu ve geli\u015fimine sahne olan kentler, ulus devletin yaratt\u0131\u011f\u0131 &#8216;kentle\u015fme&#8217; denen s\u00fcre\u00e7te homojen, mekanik ve k\u00e2r h\u0131rs\u0131n\u0131n her \u015feyin \u00f6n\u00fcne ge\u00e7ti\u011fi bir pazar haline gelmi\u015ftir. Halk k\u00fclt\u00fcr\u00fc sentetikle\u015fmi\u015f; insan ili\u015fkilerinde evlilik bir &#8216;yat\u0131r\u0131m&#8217;a, \u00e7ocuk yeti\u015ftirme &#8216;i\u015f&#8217;e, hayat bir &#8216;bilan\u00e7o&#8217;ya, idealler &#8216;sat\u0131n al\u0131nabilir \u015feyler&#8217;e, yerle\u015fimler ise &#8216;i\u015fletme&#8217;ye d\u00f6n\u00fc\u015fm\u00fc\u015ft\u00fcr.Do\u011fal hayat\u0131 ve insani topluluklar\u0131 yok ederek ulus-devleti g\u00fc\u00e7lendiren kentle\u015fme anlay\u0131\u015flar\u0131na kar\u015f\u0131 bir yerel y\u00f6netim program\u0131n\u0131 tart\u0131\u015fmaya a\u00e7\u0131yor. Yerel y\u00f6netim kurumlar\u0131n\u0131 birbirleriyle uyum i\u00e7inde \u00e7al\u0131\u015fabilecek bi\u00e7imde yeniden yap\u0131land\u0131rmaktan; insan ili\u015fkilerinde dayan\u0131\u015fmay\u0131 i\u00e7eren yarat\u0131c\u0131l\u0131ktan; ulus devletin yerine politik a\u00e7\u0131dan konfederasyon sistemine dayanan yerel y\u00f6netimlerden; insanl\u0131k ile do\u011fa aras\u0131nda kat\u0131l\u0131mc\u0131, hiyerar\u015fik olmayan yeni bir ili\u015fki kurmaktan; kentin yeni bir t\u00fcr etik birlik, bireyin insani bir \u00f6l\u00e7ek i\u00e7inde g\u00fc\u00e7lendirildi\u011fi, kat\u0131l\u0131mc\u0131 ve ekolojik bir karar sistemi ile yurtta\u015fl\u0131k k\u00fclt\u00fcr\u00fcn\u00fcn tek kayna\u011f\u0131 olarak yeniden kurgulanmasmdan&#8230; s\u00f6z ediyor.<\/p>\n","protected":false},"excerpt":{"rendered":"<p>Bug\u00fcn, insan ili\u015fkilerinin ayr\u0131\u015fmaya ba\u015flad\u0131\u011f\u0131 bir d\u00fcnyada ya\u015f\u0131yoruz. Ak\u0131l bedenin, d\u00fc\u015f\u00fcnce maddenin, birey toplulu\u011fun, kent ku\u015faklan kentlerin, kentler k\u0131rsal kesimin, insanl\u0131k ise &#8216;vah\u015fi ve yola getirilmesi<span class=\"excerpt-hellip\"> [\u2026]<\/span><\/p>\n","protected":false},"featured_media":0,"template":"","meta":{"_monsterinsights_skip_tracking":false,"_monsterinsights_sitenote_active":false,"_monsterinsights_sitenote_note":"","_monsterinsights_sitenote_category":0},"product_brand":[],"product_cat":[12767,12324],"product_tag":[],"class_list":{"0":"post-733304","1":"product","2":"type-product","3":"status-publish","5":"product_cat-kentlesme-modernlesme","6":"product_cat-sosyoloji","7":"pa_cilt-ciltsiz","8":"pa_tur-kitap","9":"pa_yayinevi-sumer-yayin","10":"pa_yazar-murray-bookchin","12":"first","13":"instock","14":"sale","15":"shipping-taxable","16":"purchasable","17":"product-type-simple"},"_links":{"self":[{"href":"https:\/\/roveyayinevi.com.tr\/index.php\/wp-json\/wp\/v2\/product\/733304","targetHints":{"allow":["GET"]}}],"collection":[{"href":"https:\/\/roveyayinevi.com.tr\/index.php\/wp-json\/wp\/v2\/product"}],"about":[{"href":"https:\/\/roveyayinevi.com.tr\/index.php\/wp-json\/wp\/v2\/types\/product"}],"wp:attachment":[{"href":"https:\/\/roveyayinevi.com.tr\/index.php\/wp-json\/wp\/v2\/media?parent=733304"}],"wp:term":[{"taxonomy":"product_brand","embeddable":true,"href":"https:\/\/roveyayinevi.com.tr\/index.php\/wp-json\/wp\/v2\/product_brand?post=733304"},{"taxonomy":"product_cat","embeddable":true,"href":"https:\/\/roveyayinevi.com.tr\/index.php\/wp-json\/wp\/v2\/product_cat?post=733304"},{"taxonomy":"product_tag","embeddable":true,"href":"https:\/\/roveyayinevi.com.tr\/index.php\/wp-json\/wp\/v2\/product_tag?post=733304"}],"curies":[{"name":"wp","href":"https:\/\/api.w.org\/{rel}","templated":true}]}}