{"id":733303,"date":"2025-08-27T22:07:24","date_gmt":"2025-08-27T19:07:24","guid":{"rendered":"https:\/\/roveyayinevi.com.tr\/index.php\/urun\/beyaz-atin-suvarisi\/"},"modified":"2026-04-16T02:40:55","modified_gmt":"2026-04-15T23:40:55","slug":"beyaz-atin-suvarisi","status":"publish","type":"product","link":"https:\/\/roveyayinevi.com.tr\/index.php\/urun\/beyaz-atin-suvarisi\/","title":{"rendered":"Beyaz At\u0131n S\u00fcvarisi"},"content":{"rendered":"<p>\u201cDizlerimin feri, g\u00f6zlerimin nuru hatunum, nar\u00e7i\u00e7e\u011fik\u0131z\u0131m\u0131z Ayperi b\u00fcy\u00fcm\u00fc\u015f.\u201d \u201cFerace giydirelim, r\u00fc\u015ft\u00fcne erdi.\u201d Benginaz Hatun, ka\u00e7 zamand\u0131r bug\u00fcnlerin tela\u015f\u0131ndayd\u0131,  kocas\u0131n\u0131n duymayan taraf\u0131nda s\u00f6ylendi: \u201cHey benim a\u011fam, k\u0131z\u0131m\u0131z b\u00fcy\u00fcmesine b\u00fcy\u00fcd\u00fc de biz b\u00fcy\u00fcyemedik. Hani k\u0131z\u0131n ipek feracesi? Ulu kervan yollar\u0131n\u0131n \u00fcst\u00fcne konduk diye pek yi\u011fitleniyordun, ne oldu? Hani nerede kald\u0131 senin ipek kervanlar\u0131? \u0130pek kervan\u0131 da ne ki, ka\u00e7 yar\u0131nlar d\u00fcn oldu, dirli\u011fimize yolunu \u015fa\u015f\u0131rm\u0131\u015f bir bezirg\u00e2n u\u011framad\u0131. Bu gidi\u015fle, ipek ferace \u015f\u00f6yle dursun, k\u0131z\u0131n \u00e7eyizine el kadar ipek mendil koyamay\u0131z. Sahipsiz yurdun g\u00f6n\u00fcll\u00fc muhaf\u0131z\u0131 avanak T\u00fcrkmen, bu ak\u0131lla sen daha \u00e7ok ipek kervan\u0131 beklersin\u2026\u201d Mustan Bey, kad\u0131n\u0131n zihninden ge\u00e7enleri g\u00f6zlerinden okudu: \u201cSen hep mor renklisini istiyordun ya, ak \u00e7ad\u0131rdaki balyay\u0131 a\u00e7, feraceler yazma boh\u00e7an\u0131n i\u00e7inde, be\u011fendi\u011fini giyinsin k\u0131z\u0131m\u0131z, biri de senin.\u201d \u201cNe zaman geldi Mustan, d\u00fcnk\u00fc misafirler mi getirdi?\u201d \u201cBen hatunumu \u00fczer miyim, ku\u015flar\u0131n kanad\u0131nda getirttim.\u201d <\/p>\n","protected":false},"excerpt":{"rendered":"<p>\u201cDizlerimin feri, g\u00f6zlerimin nuru hatunum, nar\u00e7i\u00e7e\u011fik\u0131z\u0131m\u0131z Ayperi b\u00fcy\u00fcm\u00fc\u015f.\u201d \u201cFerace giydirelim, r\u00fc\u015ft\u00fcne erdi.\u201d Benginaz Hatun, ka\u00e7 zamand\u0131r bug\u00fcnlerin tela\u015f\u0131ndayd\u0131, kocas\u0131n\u0131n duymayan taraf\u0131nda s\u00f6ylendi: \u201cHey benim a\u011fam, k\u0131z\u0131m\u0131z<span class=\"excerpt-hellip\"> [\u2026]<\/span><\/p>\n","protected":false},"featured_media":0,"template":"","meta":{"_monsterinsights_skip_tracking":false,"_monsterinsights_sitenote_active":false,"_monsterinsights_sitenote_note":"","_monsterinsights_sitenote_category":0},"product_brand":[],"product_cat":[12291,18202],"product_tag":[],"class_list":{"0":"post-733303","1":"product","2":"type-product","3":"status-publish","5":"product_cat-edebiyat","6":"product_cat-hikaye","7":"pa_cilt-ciltsiz","8":"pa_tur-kitap","9":"pa_yayinevi-gulnar-yayinlari","10":"pa_yazar-ramazan-yilmaz","12":"first","13":"instock","14":"sale","15":"shipping-taxable","16":"purchasable","17":"product-type-simple"},"_links":{"self":[{"href":"https:\/\/roveyayinevi.com.tr\/index.php\/wp-json\/wp\/v2\/product\/733303","targetHints":{"allow":["GET"]}}],"collection":[{"href":"https:\/\/roveyayinevi.com.tr\/index.php\/wp-json\/wp\/v2\/product"}],"about":[{"href":"https:\/\/roveyayinevi.com.tr\/index.php\/wp-json\/wp\/v2\/types\/product"}],"wp:attachment":[{"href":"https:\/\/roveyayinevi.com.tr\/index.php\/wp-json\/wp\/v2\/media?parent=733303"}],"wp:term":[{"taxonomy":"product_brand","embeddable":true,"href":"https:\/\/roveyayinevi.com.tr\/index.php\/wp-json\/wp\/v2\/product_brand?post=733303"},{"taxonomy":"product_cat","embeddable":true,"href":"https:\/\/roveyayinevi.com.tr\/index.php\/wp-json\/wp\/v2\/product_cat?post=733303"},{"taxonomy":"product_tag","embeddable":true,"href":"https:\/\/roveyayinevi.com.tr\/index.php\/wp-json\/wp\/v2\/product_tag?post=733303"}],"curies":[{"name":"wp","href":"https:\/\/api.w.org\/{rel}","templated":true}]}}