{"id":733302,"date":"2025-08-27T22:07:23","date_gmt":"2025-08-27T19:07:23","guid":{"rendered":"https:\/\/roveyayinevi.com.tr\/index.php\/urun\/ilk-goz-agrim\/"},"modified":"2026-04-16T02:40:55","modified_gmt":"2026-04-15T23:40:55","slug":"ilk-goz-agrim","status":"publish","type":"product","link":"https:\/\/roveyayinevi.com.tr\/index.php\/urun\/ilk-goz-agrim\/","title":{"rendered":"\u0130lk G\u00f6z A\u011fr\u0131m"},"content":{"rendered":"<p>\u015fiirin gizemi   \u015fiir\u2026 bir \u0131rmak misali; y\u00fcre\u011fimize g\u00fcr\u00fcl g\u00fcr\u00fcl akan\u2026 sevgimizi safl\u0131\u011f\u0131yla \u0131slatand\u0131r. \u015fiir\u2026 sevincimizi uzaklara ula\u015ft\u0131ran\u2026 duygular\u0131m\u0131z\u0131 co\u015fturand\u0131r.  \u015fiir\u2026 hayal kurarken, an\u0131lar\u0131m\u0131z\u0131 seyre dald\u0131ran. ayr\u0131m\u0131z\u0131\u2026 gayr\u0131m\u0131z\u0131\u2026 bir film \u015feridi gibi g\u00f6zlerimizde canland\u0131rand\u0131r. \u015fiir\u2026 ben demek, biz demek, hepimiz demektir. \u015fiirda\u015flar\u0131m! dilimiz y\u00fcre\u011fimizle b\u00fct\u00fcnle\u015fince\u2026 dudaklar\u0131m\u0131zdan s\u00f6zler d\u00f6k\u00fcl\u00fcverir\u2026 duygular\u0131m\u0131z s\u00f6zlerin derinliklerine inince; sihirli bir de\u011fne\u011fin dokunu\u015fu gibi, s\u00f6zlerimiz b\u00fcy\u00fcleniverir\u2026 i\u015fte o zaman\u2026 i\u00e7imiz i\u00e7imize s\u0131\u011fmaz\u2026 ortaya g\u00fczel bir \u015fiir\u2026 g\u00fczel bir \u015fair\u2026 do\u011fuverir. <\/p>\n","protected":false},"excerpt":{"rendered":"<p>\u015fiirin gizemi \u015fiir\u2026 bir \u0131rmak misali; y\u00fcre\u011fimize g\u00fcr\u00fcl g\u00fcr\u00fcl akan\u2026 sevgimizi safl\u0131\u011f\u0131yla \u0131slatand\u0131r. \u015fiir\u2026 sevincimizi uzaklara ula\u015ft\u0131ran\u2026 duygular\u0131m\u0131z\u0131 co\u015fturand\u0131r. \u015fiir\u2026 hayal kurarken, an\u0131lar\u0131m\u0131z\u0131 seyre dald\u0131ran. ayr\u0131m\u0131z\u0131\u2026<span class=\"excerpt-hellip\"> [\u2026]<\/span><\/p>\n","protected":false},"featured_media":0,"template":"","meta":{"_monsterinsights_skip_tracking":false,"_monsterinsights_sitenote_active":false,"_monsterinsights_sitenote_note":"","_monsterinsights_sitenote_category":0},"product_brand":[],"product_cat":[12291,12509],"product_tag":[],"class_list":{"0":"post-733302","1":"product","2":"type-product","3":"status-publish","5":"product_cat-edebiyat","6":"product_cat-siir","7":"pa_cilt-ciltsiz","8":"pa_tur-kitap","9":"pa_yayinevi-gulnar-yayinlari","10":"pa_yazar-senol-kara","12":"first","13":"instock","14":"sale","15":"shipping-taxable","16":"purchasable","17":"product-type-simple"},"_links":{"self":[{"href":"https:\/\/roveyayinevi.com.tr\/index.php\/wp-json\/wp\/v2\/product\/733302","targetHints":{"allow":["GET"]}}],"collection":[{"href":"https:\/\/roveyayinevi.com.tr\/index.php\/wp-json\/wp\/v2\/product"}],"about":[{"href":"https:\/\/roveyayinevi.com.tr\/index.php\/wp-json\/wp\/v2\/types\/product"}],"wp:attachment":[{"href":"https:\/\/roveyayinevi.com.tr\/index.php\/wp-json\/wp\/v2\/media?parent=733302"}],"wp:term":[{"taxonomy":"product_brand","embeddable":true,"href":"https:\/\/roveyayinevi.com.tr\/index.php\/wp-json\/wp\/v2\/product_brand?post=733302"},{"taxonomy":"product_cat","embeddable":true,"href":"https:\/\/roveyayinevi.com.tr\/index.php\/wp-json\/wp\/v2\/product_cat?post=733302"},{"taxonomy":"product_tag","embeddable":true,"href":"https:\/\/roveyayinevi.com.tr\/index.php\/wp-json\/wp\/v2\/product_tag?post=733302"}],"curies":[{"name":"wp","href":"https:\/\/api.w.org\/{rel}","templated":true}]}}