{"id":733301,"date":"2025-08-27T22:07:22","date_gmt":"2025-08-27T19:07:22","guid":{"rendered":"https:\/\/roveyayinevi.com.tr\/index.php\/urun\/ekolojik-bir-topluma-dogru\/"},"modified":"2026-04-16T02:40:55","modified_gmt":"2026-04-15T23:40:55","slug":"ekolojik-bir-topluma-dogru","status":"publish","type":"product","link":"https:\/\/roveyayinevi.com.tr\/index.php\/urun\/ekolojik-bir-topluma-dogru\/","title":{"rendered":"Ekolojik Bir Topluma Do\u011fru"},"content":{"rendered":"<p>Bu kitaptaki makaleler, \u00f6zetle, bug\u00fcn y\u00fcz y\u00fcze oldu\u011fumuz ekolojik sorunlar\u0131n \u00f6z\u00fcn\u00fc yakalama \u00e7abas\u0131d\u0131r; Yani, toplumsal ili\u015fkilerde tahakk\u00fcm ve ekonomik ili\u015fkilerde rekabet. Alman Ye\u015filleri ve d\u00fcnyan\u0131n bir\u00e7ok yerinde politik olarak, nahif \u00e7evreciler bir yana, Avrupa ve Amerika Birle\u015fik Devletleri&#8217;nde ki bir \u00e7ok sosyalistten bile duymakta oldu\u011fumuz, kapitalizm ve serbest rekabetin erdemleri hakk\u0131nda ki mevcut \u00e7\u0131\u011f\u0131rtkanl\u0131k y\u00fcz\u00fcnden, t\u00fcm bu makalelerde ki anti-hiyerar\u015fik ve anti-kapitalist y\u00f6nelim, her t\u00fcr &#8220;Sol&#8221; un hi\u00e7 olmazsa modern kapitalizme kar\u015f\u0131 bir zeminde bulu\u015ftu\u011fu yirmi y\u0131l \u00f6ncesine oranlar bug\u00fcn \u00e7ok daha \u00f6nemlidir.\u00d6yleyse, bu kitapta \u00f6ne \u00e7\u0131kan, toplumsal ekoloji, kentle\u015fme, rasyonel bir toplum i\u00e7in yeni teknolojiler, Marksizm ve yeni bir politika gibi, g\u00f6r\u00fcn\u00fc\u015fte ayr\u0131 duran konular\u0131 birle\u015ftiren nedir? T\u00fcm bu makaleler tek bir temaya farkl\u0131 ifadeler kazand\u0131rm\u0131\u015ft\u0131r: Tutarl\u0131, \u00f6zg\u00fcrl\u00fck\u00e7\u00fc ve diyalektik bir bak\u0131\u015f a\u00e7\u0131s\u0131na duyulan ihtiya\u00e7. E\u011fer tek bir su\u00e7um varsa, o da, tutarl\u0131 bir bi\u00e7imde ve dogmatizme ya da sekterli\u011fe kap\u0131lmaks\u0131z\u0131n, devrimci bir gelene\u011fi savunmaya ve bug\u00fcn, ona kapitalizmin son d\u00f6nem geli\u015fmelerinde tam anlat\u0131m\u0131n\u0131 bulan bir esneklik kazand\u0131rmaya \u00e7al\u0131\u015fmam olmu\u015ftur.<\/p>\n","protected":false},"excerpt":{"rendered":"<p>Bu kitaptaki makaleler, \u00f6zetle, bug\u00fcn y\u00fcz y\u00fcze oldu\u011fumuz ekolojik sorunlar\u0131n \u00f6z\u00fcn\u00fc yakalama \u00e7abas\u0131d\u0131r; Yani, toplumsal ili\u015fkilerde tahakk\u00fcm ve ekonomik ili\u015fkilerde rekabet. Alman Ye\u015filleri ve d\u00fcnyan\u0131n bir\u00e7ok<span class=\"excerpt-hellip\"> [\u2026]<\/span><\/p>\n","protected":false},"featured_media":0,"template":"","meta":{"_monsterinsights_skip_tracking":false,"_monsterinsights_sitenote_active":false,"_monsterinsights_sitenote_note":"","_monsterinsights_sitenote_category":0},"product_brand":[],"product_cat":[12767,12324],"product_tag":[],"class_list":{"0":"post-733301","1":"product","2":"type-product","3":"status-publish","5":"product_cat-kentlesme-modernlesme","6":"product_cat-sosyoloji","7":"pa_cilt-ciltsiz","8":"pa_tur-kitap","9":"pa_yayinevi-sumer-yayin","10":"pa_yazar-murray-bookchin","12":"first","13":"instock","14":"sale","15":"shipping-taxable","16":"purchasable","17":"product-type-simple"},"_links":{"self":[{"href":"https:\/\/roveyayinevi.com.tr\/index.php\/wp-json\/wp\/v2\/product\/733301","targetHints":{"allow":["GET"]}}],"collection":[{"href":"https:\/\/roveyayinevi.com.tr\/index.php\/wp-json\/wp\/v2\/product"}],"about":[{"href":"https:\/\/roveyayinevi.com.tr\/index.php\/wp-json\/wp\/v2\/types\/product"}],"wp:attachment":[{"href":"https:\/\/roveyayinevi.com.tr\/index.php\/wp-json\/wp\/v2\/media?parent=733301"}],"wp:term":[{"taxonomy":"product_brand","embeddable":true,"href":"https:\/\/roveyayinevi.com.tr\/index.php\/wp-json\/wp\/v2\/product_brand?post=733301"},{"taxonomy":"product_cat","embeddable":true,"href":"https:\/\/roveyayinevi.com.tr\/index.php\/wp-json\/wp\/v2\/product_cat?post=733301"},{"taxonomy":"product_tag","embeddable":true,"href":"https:\/\/roveyayinevi.com.tr\/index.php\/wp-json\/wp\/v2\/product_tag?post=733301"}],"curies":[{"name":"wp","href":"https:\/\/api.w.org\/{rel}","templated":true}]}}