{"id":733299,"date":"2025-08-27T22:07:20","date_gmt":"2025-08-27T19:07:20","guid":{"rendered":"https:\/\/roveyayinevi.com.tr\/index.php\/urun\/bilginin-belirsizlikleri\/"},"modified":"2026-04-16T02:40:55","modified_gmt":"2026-04-15T23:40:55","slug":"bilginin-belirsizlikleri","status":"publish","type":"product","link":"https:\/\/roveyayinevi.com.tr\/index.php\/urun\/bilginin-belirsizlikleri\/","title":{"rendered":"Bilginin Belirsizlikleri"},"content":{"rendered":"<p>Sosyal bilimlerin tarihi bi\u00e7imini nas\u0131l \u00f6nceki toplumsal m\u00fccadeleler belirlenmi\u015fse, bunlar\u0131n kazanaca\u011f\u0131 bi\u00e7imi de gelecekteki toplumsal m\u00fccadelelerin sonu\u00e7lar\u0131n\u0131 belirleyecektir.Yirmi birinci y\u00fczy\u0131ldaki sosyal bilimler hakk\u0131nda s\u00f6ylenebilecek tek \u015fey, onun entelekt\u00fcel a\u00e7\u0131dan heyecan verici, toplumsal a\u00e7\u0131dan \u00f6nemli ve su g\u00f6t\u00fcrmez bi\u00e7imde \u00e7eki\u015fmeli bir alan olaca\u011f\u0131d\u0131r.<\/p>\n","protected":false},"excerpt":{"rendered":"<p>Sosyal bilimlerin tarihi bi\u00e7imini nas\u0131l \u00f6nceki toplumsal m\u00fccadeleler belirlenmi\u015fse, bunlar\u0131n kazanaca\u011f\u0131 bi\u00e7imi de gelecekteki toplumsal m\u00fccadelelerin sonu\u00e7lar\u0131n\u0131 belirleyecektir.Yirmi birinci y\u00fczy\u0131ldaki sosyal bilimler hakk\u0131nda s\u00f6ylenebilecek tek \u015fey,<span class=\"excerpt-hellip\"> [\u2026]<\/span><\/p>\n","protected":false},"featured_media":0,"template":"","meta":{"_monsterinsights_skip_tracking":false,"_monsterinsights_sitenote_active":false,"_monsterinsights_sitenote_note":"","_monsterinsights_sitenote_category":0},"product_brand":[],"product_cat":[12573,12566],"product_tag":[],"class_list":{"0":"post-733299","1":"product","2":"type-product","3":"status-publish","5":"product_cat-akademik-kitaplar","6":"product_cat-egitim","7":"pa_cilt-ciltsiz","8":"pa_tur-kitap","9":"pa_yayinevi-sumer-yayin","10":"pa_yazar-immanuel-wallerstein","12":"first","13":"instock","14":"sale","15":"shipping-taxable","16":"purchasable","17":"product-type-simple"},"_links":{"self":[{"href":"https:\/\/roveyayinevi.com.tr\/index.php\/wp-json\/wp\/v2\/product\/733299","targetHints":{"allow":["GET"]}}],"collection":[{"href":"https:\/\/roveyayinevi.com.tr\/index.php\/wp-json\/wp\/v2\/product"}],"about":[{"href":"https:\/\/roveyayinevi.com.tr\/index.php\/wp-json\/wp\/v2\/types\/product"}],"wp:attachment":[{"href":"https:\/\/roveyayinevi.com.tr\/index.php\/wp-json\/wp\/v2\/media?parent=733299"}],"wp:term":[{"taxonomy":"product_brand","embeddable":true,"href":"https:\/\/roveyayinevi.com.tr\/index.php\/wp-json\/wp\/v2\/product_brand?post=733299"},{"taxonomy":"product_cat","embeddable":true,"href":"https:\/\/roveyayinevi.com.tr\/index.php\/wp-json\/wp\/v2\/product_cat?post=733299"},{"taxonomy":"product_tag","embeddable":true,"href":"https:\/\/roveyayinevi.com.tr\/index.php\/wp-json\/wp\/v2\/product_tag?post=733299"}],"curies":[{"name":"wp","href":"https:\/\/api.w.org\/{rel}","templated":true}]}}