{"id":733298,"date":"2025-08-27T22:07:20","date_gmt":"2025-08-27T19:07:20","guid":{"rendered":"https:\/\/roveyayinevi.com.tr\/index.php\/urun\/antik-mezopotamya-var-olmamis-cennet\/"},"modified":"2026-04-16T02:40:55","modified_gmt":"2026-04-15T23:40:55","slug":"antik-mezopotamya-var-olmamis-cennet","status":"publish","type":"product","link":"https:\/\/roveyayinevi.com.tr\/index.php\/urun\/antik-mezopotamya-var-olmamis-cennet\/","title":{"rendered":"Antik Mezopotamya &#8211; Var Olmam\u0131\u015f Cennet"},"content":{"rendered":"<p>Kitap, Mezopotamya\u2019n\u0131n al\u00fcvyal ovalar\u0131ndaki ilk devletlerin ve kentsel toplumlar\u0131n milattan \u00f6nce 5000 ile 2100 tarihleri aras\u0131ndaki yakla\u015f\u0131k \u00fc\u00e7 bin y\u0131ll\u0131k s\u00fcre\u00e7 boyunca ortaya \u00e7\u0131k\u0131\u015flar\u0131n\u0131 ve bunlar\u0131n \u00f6nc\u00fcllerini detayl\u0131 olarak ele almaktad\u0131r. A\u00e7\u0131k\u00e7a antropolojik bir y\u00f6ntem benimseyen Susan Pollock, antik Mezopotamya\u2019n\u0131n ge\u00e7mi\u015fine dair anlay\u0131\u015f\u0131m\u0131z\u0131 zenginle\u015ftirmek i\u00e7in \u00e7a\u011fda\u015f kuramsal bak\u0131\u015f a\u00e7\u0131lar\u0131ndan da faydalanmaktad\u0131r.\u00c7al\u0131\u015fma, farkl\u0131 toplumsal cinsiyet ve s\u0131n\u0131flardan insanlar\u0131n siyasal, ekonomik ve ideolojik alanlardaki de\u011fi\u015fimlere ne t\u00fcr katk\u0131larda bulundu\u011funu ve tepkiler geli\u015ftirdi\u011fini incelemektedir. Kitaptaki yorumlar b\u00f6lgesel yerle\u015fim \u00f6r\u00fcnt\u00fcleri, hayvan varl\u0131\u011f\u0131 (direy) kal\u0131nt\u0131lar\u0131, yap\u0131t da\u011f\u0131l\u0131m\u0131 ve etkinlik \u015fekillenmeleri, resimyaz\u0131, metinler ve definler \u00fczerine \u00e7al\u0131\u015fmalara dayanmaktad\u0131r.<\/p>\n","protected":false},"excerpt":{"rendered":"<p>Kitap, Mezopotamya\u2019n\u0131n al\u00fcvyal ovalar\u0131ndaki ilk devletlerin ve kentsel toplumlar\u0131n milattan \u00f6nce 5000 ile 2100 tarihleri aras\u0131ndaki yakla\u015f\u0131k \u00fc\u00e7 bin y\u0131ll\u0131k s\u00fcre\u00e7 boyunca ortaya \u00e7\u0131k\u0131\u015flar\u0131n\u0131 ve bunlar\u0131n<span class=\"excerpt-hellip\"> [\u2026]<\/span><\/p>\n","protected":false},"featured_media":0,"template":"","meta":{"_monsterinsights_skip_tracking":false,"_monsterinsights_sitenote_active":false,"_monsterinsights_sitenote_note":"","_monsterinsights_sitenote_category":0},"product_brand":[],"product_cat":[12305,12304],"product_tag":[],"class_list":{"0":"post-733298","1":"product","2":"type-product","3":"status-publish","5":"product_cat-dunya-tarihi","6":"product_cat-tarih","7":"pa_cilt-ciltsiz","8":"pa_tur-kitap","9":"pa_yayinevi-sumer-yayin","10":"pa_yazar-susan-pollock","12":"first","13":"instock","14":"sale","15":"shipping-taxable","16":"purchasable","17":"product-type-simple"},"_links":{"self":[{"href":"https:\/\/roveyayinevi.com.tr\/index.php\/wp-json\/wp\/v2\/product\/733298","targetHints":{"allow":["GET"]}}],"collection":[{"href":"https:\/\/roveyayinevi.com.tr\/index.php\/wp-json\/wp\/v2\/product"}],"about":[{"href":"https:\/\/roveyayinevi.com.tr\/index.php\/wp-json\/wp\/v2\/types\/product"}],"wp:attachment":[{"href":"https:\/\/roveyayinevi.com.tr\/index.php\/wp-json\/wp\/v2\/media?parent=733298"}],"wp:term":[{"taxonomy":"product_brand","embeddable":true,"href":"https:\/\/roveyayinevi.com.tr\/index.php\/wp-json\/wp\/v2\/product_brand?post=733298"},{"taxonomy":"product_cat","embeddable":true,"href":"https:\/\/roveyayinevi.com.tr\/index.php\/wp-json\/wp\/v2\/product_cat?post=733298"},{"taxonomy":"product_tag","embeddable":true,"href":"https:\/\/roveyayinevi.com.tr\/index.php\/wp-json\/wp\/v2\/product_tag?post=733298"}],"curies":[{"name":"wp","href":"https:\/\/api.w.org\/{rel}","templated":true}]}}