{"id":733296,"date":"2025-08-27T22:07:18","date_gmt":"2025-08-27T19:07:18","guid":{"rendered":"https:\/\/roveyayinevi.com.tr\/index.php\/urun\/robit-2-pasli-bir-macera\/"},"modified":"2026-04-16T02:40:55","modified_gmt":"2026-04-15T23:40:55","slug":"robit-2-pasli-bir-macera","status":"publish","type":"product","link":"https:\/\/roveyayinevi.com.tr\/index.php\/urun\/robit-2-pasli-bir-macera\/","title":{"rendered":"Robit 2 &#8211; Pasl\u0131 Bir Macera"},"content":{"rendered":"<p>Selam! Ben Robit (Ben Bir Robotum.)Robit, hurdal\u0131kta yaln\u0131zca iki bu\u00e7uk kusurlu an\u0131s\u0131yla uyand\u0131\u011f\u0131ndan beri uzun bir yol kat etmi\u015ftir. Robot arkada\u015flar\u0131yla birlikte bir e\u011flence merkezinde ya\u015far ve ger\u00e7ek mutlulu\u011fun ne oldu\u011funu ke\u015ffeder.Robit ve arkada\u015flar\u0131, bir g\u00fcn Gerry i\u00e7in yeni bir burun ararken kendilerini pasl\u0131 bir maceran\u0131n tam ortas\u0131nda bulur. Test Laboratuvarlar\u0131n\u0131n arkas\u0131nda unutulmu\u015f eski bir robot olan Pasl\u0131&#8217;yla kar\u015f\u0131la\u015ft\u0131klar\u0131nda onu kurtarmak i\u00e7in harekete ge\u00e7meleri gerekir. Pasl\u0131, \u00f6zel bir robottur. Robit ve arkada\u015flar\u0131, bu eski robotu kurtar\u0131p hayattaki amac\u0131n\u0131 bulmas\u0131nda ona yard\u0131m edebilecekler mi?E\u011flence, dostluk ve z\u0131playan oyuncaklarla kapl\u0131 bir depoyla dolu bu heyecanl\u0131 macerada ROB\u0130T&#8217;e kat\u0131l\u0131n!<\/p>\n","protected":false},"excerpt":{"rendered":"<p>Selam! Ben Robit (Ben Bir Robotum.)Robit, hurdal\u0131kta yaln\u0131zca iki bu\u00e7uk kusurlu an\u0131s\u0131yla uyand\u0131\u011f\u0131ndan beri uzun bir yol kat etmi\u015ftir. Robot arkada\u015flar\u0131yla birlikte bir e\u011flence merkezinde ya\u015far<span class=\"excerpt-hellip\"> [\u2026]<\/span><\/p>\n","protected":false},"featured_media":0,"template":"","meta":{"_monsterinsights_skip_tracking":false,"_monsterinsights_sitenote_active":false,"_monsterinsights_sitenote_note":"","_monsterinsights_sitenote_category":0},"product_brand":[],"product_cat":[12275,12274],"product_tag":[],"class_list":{"0":"post-733296","1":"product","2":"type-product","3":"status-publish","5":"product_cat-6-12-yas-kitaplari","6":"product_cat-cocuk-ve-genclik-kitaplari","7":"pa_cilt-ciltsiz","8":"pa_tur-kitap","9":"pa_yayinevi-genc-timas","10":"pa_yazar-shane-hegarty","12":"first","13":"instock","14":"sale","15":"shipping-taxable","16":"purchasable","17":"product-type-simple"},"_links":{"self":[{"href":"https:\/\/roveyayinevi.com.tr\/index.php\/wp-json\/wp\/v2\/product\/733296","targetHints":{"allow":["GET"]}}],"collection":[{"href":"https:\/\/roveyayinevi.com.tr\/index.php\/wp-json\/wp\/v2\/product"}],"about":[{"href":"https:\/\/roveyayinevi.com.tr\/index.php\/wp-json\/wp\/v2\/types\/product"}],"wp:attachment":[{"href":"https:\/\/roveyayinevi.com.tr\/index.php\/wp-json\/wp\/v2\/media?parent=733296"}],"wp:term":[{"taxonomy":"product_brand","embeddable":true,"href":"https:\/\/roveyayinevi.com.tr\/index.php\/wp-json\/wp\/v2\/product_brand?post=733296"},{"taxonomy":"product_cat","embeddable":true,"href":"https:\/\/roveyayinevi.com.tr\/index.php\/wp-json\/wp\/v2\/product_cat?post=733296"},{"taxonomy":"product_tag","embeddable":true,"href":"https:\/\/roveyayinevi.com.tr\/index.php\/wp-json\/wp\/v2\/product_tag?post=733296"}],"curies":[{"name":"wp","href":"https:\/\/api.w.org\/{rel}","templated":true}]}}