{"id":733295,"date":"2025-08-27T22:07:17","date_gmt":"2025-08-27T19:07:17","guid":{"rendered":"https:\/\/roveyayinevi.com.tr\/index.php\/urun\/merkurde-karsilasma\/"},"modified":"2026-04-16T02:40:55","modified_gmt":"2026-04-15T23:40:55","slug":"merkurde-karsilasma","status":"publish","type":"product","link":"https:\/\/roveyayinevi.com.tr\/index.php\/urun\/merkurde-karsilasma\/","title":{"rendered":"Merk\u00fcrde Kar\u015f\u0131la\u015fma"},"content":{"rendered":"<p>G\u00fcne\u015f Sistemi\u2019ndeki en k\u00fc\u00e7\u00fck ve G\u00fcne\u015f\u2019e en yak\u0131n gezegeni daha yak\u0131ndan g\u00f6rmek ister misin?Uzay k\u00e2\u015fifi Ece, bilim insanlar\u0131n\u0131n hakk\u0131nda s\u0131n\u0131rl\u0131 bilgiye sahip oldu\u011fu Merk\u00fcr\u2019de s\u0131ra d\u0131\u015f\u0131 bir olay\u0131 fark eder. Merk\u00fcr\u2019\u00fcn y\u00fczeyindeki parlamalar, G\u00fcne\u015f\u2019te ger\u00e7ekle\u015fecek tehlikeli bir olay\u0131n da habercisidir. Gezgin Perde bu kez Merk\u00fcr\u2019deki ke\u015fif ara\u00e7lar\u0131n\u0131 kurtarmak i\u00e7in yola \u00e7\u0131kar. Uzay\u0131n derinliklerinde hem G\u00fcne\u015f\u2019in yak\u0131c\u0131 s\u0131cakl\u0131\u011f\u0131ndan kurtulmak hem de Merk\u00fcr\u2019deki gizemli patlamalar\u0131n sebebini bulmak hi\u00e7 kolay olmayacakt\u0131r.Merk\u00fcr\u2019de Kar\u015f\u0131la\u015fma, sizi hem ke\u015ffe hem de \u00e7\u0131lg\u0131n bir maceraya \u00e7a\u011f\u0131r\u0131yor! Sak\u0131n ha bu ke\u015fif yolculu\u011funda Merk\u00fcr\u2019\u00fcn G\u00fcne\u015f \u0131\u015f\u0131\u011f\u0131n\u0131n eri\u015femedi\u011fi kraterleri i\u00e7indeki su buzunun b\u00fcy\u00fcs\u00fcne kap\u0131lmay\u0131n. Y\u00fczy\u0131llard\u0131r gizemini koruyan bu gezegenden kurtulmay\u0131 ba\u015farabilir misiniz?<\/p>\n","protected":false},"excerpt":{"rendered":"<p>G\u00fcne\u015f Sistemi\u2019ndeki en k\u00fc\u00e7\u00fck ve G\u00fcne\u015f\u2019e en yak\u0131n gezegeni daha yak\u0131ndan g\u00f6rmek ister misin?Uzay k\u00e2\u015fifi Ece, bilim insanlar\u0131n\u0131n hakk\u0131nda s\u0131n\u0131rl\u0131 bilgiye sahip oldu\u011fu Merk\u00fcr\u2019de s\u0131ra d\u0131\u015f\u0131<span class=\"excerpt-hellip\"> [\u2026]<\/span><\/p>\n","protected":false},"featured_media":0,"template":"","meta":{"_monsterinsights_skip_tracking":false,"_monsterinsights_sitenote_active":false,"_monsterinsights_sitenote_note":"","_monsterinsights_sitenote_category":0},"product_brand":[],"product_cat":[12275,12274],"product_tag":[],"class_list":{"0":"post-733295","1":"product","2":"type-product","3":"status-publish","5":"product_cat-6-12-yas-kitaplari","6":"product_cat-cocuk-ve-genclik-kitaplari","7":"pa_cilt-ciltsiz","8":"pa_tur-kitap","9":"pa_yayinevi-genc-timas","10":"pa_yazar-zubeyir-tokgoz","12":"first","13":"instock","14":"sale","15":"shipping-taxable","16":"purchasable","17":"product-type-simple"},"_links":{"self":[{"href":"https:\/\/roveyayinevi.com.tr\/index.php\/wp-json\/wp\/v2\/product\/733295","targetHints":{"allow":["GET"]}}],"collection":[{"href":"https:\/\/roveyayinevi.com.tr\/index.php\/wp-json\/wp\/v2\/product"}],"about":[{"href":"https:\/\/roveyayinevi.com.tr\/index.php\/wp-json\/wp\/v2\/types\/product"}],"wp:attachment":[{"href":"https:\/\/roveyayinevi.com.tr\/index.php\/wp-json\/wp\/v2\/media?parent=733295"}],"wp:term":[{"taxonomy":"product_brand","embeddable":true,"href":"https:\/\/roveyayinevi.com.tr\/index.php\/wp-json\/wp\/v2\/product_brand?post=733295"},{"taxonomy":"product_cat","embeddable":true,"href":"https:\/\/roveyayinevi.com.tr\/index.php\/wp-json\/wp\/v2\/product_cat?post=733295"},{"taxonomy":"product_tag","embeddable":true,"href":"https:\/\/roveyayinevi.com.tr\/index.php\/wp-json\/wp\/v2\/product_tag?post=733295"}],"curies":[{"name":"wp","href":"https:\/\/api.w.org\/{rel}","templated":true}]}}