{"id":733294,"date":"2025-08-27T22:07:16","date_gmt":"2025-08-27T19:07:16","guid":{"rendered":"https:\/\/roveyayinevi.com.tr\/index.php\/urun\/kus-kadin-harpy\/"},"modified":"2026-04-16T02:40:55","modified_gmt":"2026-04-15T23:40:55","slug":"kus-kadin-harpy","status":"publish","type":"product","link":"https:\/\/roveyayinevi.com.tr\/index.php\/urun\/kus-kadin-harpy\/","title":{"rendered":"Ku\u015f Kad\u0131n Harpy"},"content":{"rendered":"<p>Okulda \u00f6\u011fretmenlerim neden hep o kad\u0131n\u0131 \u00e7izdi\u011fimi soruyorlard\u0131;kanatl\u0131, uzun sa\u00e7l\u0131, karn\u0131 \u015fi\u015fkin kad\u0131n\u0131. \u201cBu bir cad\u0131 m\u0131?\u201dBa\u015f\u0131m\u0131 iki yana sall\u0131yor ve herhangi bir \u015fey anlatmay\u0131 reddediyordum.Onu hi\u00e7bir zaman arkada\u015flar\u0131mla payla\u015fmad\u0131m, ismini oyunlar\u0131m\u0131zda kullanmad\u0131m. Onu i\u00e7imde, g\u00f6zlerimin kenar\u0131nda, s\u00fcrekli g\u00f6rebilece\u011fim bir yerde tuttum.Lucy ve Jake, g\u00fcne\u015fin bir alev topu gibi y\u00fckselip t\u00fcm g\u00fcn etraf\u0131 kavurdu\u011fu bir co\u011frafyada, geni\u015f ve s\u0131cak bir tarlan\u0131n yan\u0131ndaki evde ya\u015famaktad\u0131r. \u00c7ocuklar\u0131na bakabilmek i\u00e7in kariyerinden ve hayallerinden vazge\u00e7en Lucy, i\u00e7inde ya\u015fad\u0131\u011f\u0131 evi bile hizmet edilmesi gereken bir canl\u0131 varl\u0131k gibi g\u00f6rmektedir. Jake\u2019le evlenip \u00e7ocuk sahibi olduktan sonra, kendi \u00e7ocuklu\u011fundaki k\u00f6t\u00fc an\u0131lar\u0131 ve rol modelleri silmek istercesine, \u201ciyi bir anne\u201d olma kayg\u0131s\u0131yla ya\u015far. Her g\u00fcn\u00fc, her hareketi planl\u0131 ve sonsuz bir tekrar h\u00e2line gelmi\u015fken, bir g\u00fcn telefon \u00e7alar. Ahizenin di\u011fer ucunda teredd\u00fct dolu bir erkek vard\u0131r ve Jake\u2019in onu aldatt\u0131\u011f\u0131n\u0131 s\u00f6yler.\u0130\u015fte hepsi bu: O b\u00fcy\u00fck k\u0131r\u0131lma \u00e2n\u0131. Lucy\u2019nin anlatt\u0131klar\u0131na bak\u0131l\u0131rsa, i\u00e7indeki kadim ve vah\u015fi yarat\u0131\u011f\u0131n zincirinden kurtuldu\u011fu g\u00fcn, o g\u00fcnd\u00fcr. Sadakatsizli\u011fine ra\u011fmen yan\u0131nda kalmak isteyen kocas\u0131, bunun i\u00e7in bir bedel \u00f6demeyi kabul ederken Ku\u015f Kad\u0131n\u2019\u0131n yava\u015f\u00e7a kabu\u011funu k\u0131rmas\u0131na yard\u0131m edece\u011finden habersizdir. Ne var ki, Harpy\u2019nin do\u011fas\u0131nda bu konudaki h\u00fck\u00fcm kesindir: Su\u00e7 varsa ceza da vard\u0131r.Ku\u015f Kad\u0131n Harpy, hem karanl\u0131k bir peri masal\u0131 hem de son derece sars\u0131c\u0131 bir intikam ve yenileni\u015f hik\u00e2yesi\u2026<\/p>\n","protected":false},"excerpt":{"rendered":"<p>Okulda \u00f6\u011fretmenlerim neden hep o kad\u0131n\u0131 \u00e7izdi\u011fimi soruyorlard\u0131;kanatl\u0131, uzun sa\u00e7l\u0131, karn\u0131 \u015fi\u015fkin kad\u0131n\u0131. \u201cBu bir cad\u0131 m\u0131?\u201dBa\u015f\u0131m\u0131 iki yana sall\u0131yor ve herhangi bir \u015fey anlatmay\u0131 reddediyordum.Onu<span class=\"excerpt-hellip\"> [\u2026]<\/span><\/p>\n","protected":false},"featured_media":0,"template":"","meta":{"_monsterinsights_skip_tracking":false,"_monsterinsights_sitenote_active":false,"_monsterinsights_sitenote_note":"","_monsterinsights_sitenote_category":0},"product_brand":[],"product_cat":[12291,12711],"product_tag":[],"class_list":{"0":"post-733294","1":"product","2":"type-product","3":"status-publish","5":"product_cat-edebiyat","6":"product_cat-roman-oyku","7":"pa_cilt-ciltsiz","8":"pa_tur-kitap","9":"pa_yayinevi-kafka-yayinevi","10":"pa_yazar-megan-hunter","12":"first","13":"instock","14":"sale","15":"shipping-taxable","16":"purchasable","17":"product-type-simple"},"_links":{"self":[{"href":"https:\/\/roveyayinevi.com.tr\/index.php\/wp-json\/wp\/v2\/product\/733294","targetHints":{"allow":["GET"]}}],"collection":[{"href":"https:\/\/roveyayinevi.com.tr\/index.php\/wp-json\/wp\/v2\/product"}],"about":[{"href":"https:\/\/roveyayinevi.com.tr\/index.php\/wp-json\/wp\/v2\/types\/product"}],"wp:attachment":[{"href":"https:\/\/roveyayinevi.com.tr\/index.php\/wp-json\/wp\/v2\/media?parent=733294"}],"wp:term":[{"taxonomy":"product_brand","embeddable":true,"href":"https:\/\/roveyayinevi.com.tr\/index.php\/wp-json\/wp\/v2\/product_brand?post=733294"},{"taxonomy":"product_cat","embeddable":true,"href":"https:\/\/roveyayinevi.com.tr\/index.php\/wp-json\/wp\/v2\/product_cat?post=733294"},{"taxonomy":"product_tag","embeddable":true,"href":"https:\/\/roveyayinevi.com.tr\/index.php\/wp-json\/wp\/v2\/product_tag?post=733294"}],"curies":[{"name":"wp","href":"https:\/\/api.w.org\/{rel}","templated":true}]}}