{"id":733293,"date":"2025-08-27T22:07:15","date_gmt":"2025-08-27T19:07:15","guid":{"rendered":"https:\/\/roveyayinevi.com.tr\/index.php\/urun\/sanatin-buyuk-ustalari-20-malevic\/"},"modified":"2026-03-12T02:51:33","modified_gmt":"2026-03-11T23:51:33","slug":"sanatin-buyuk-ustalari-20-malevic","status":"publish","type":"product","link":"https:\/\/roveyayinevi.com.tr\/index.php\/urun\/sanatin-buyuk-ustalari-20-malevic\/","title":{"rendered":"Sanat\u0131n B\u00fcy\u00fck Ustalar\u0131 20 Malevi\u00e7"},"content":{"rendered":"<p>Nesnel olmayan sanattan bahsedildi\u011finde akla ilk gelen isimlerden biri olan Rus sanat\u00e7\u0131 Kazimir Malevi\u00e7, sanat tarihinde \u00e7\u0131\u011f\u0131r a\u00e7an sanat\u00e7\u0131lardand\u0131. Modernizmin \u00f6nc\u00fc sanat\u00e7\u0131lar\u0131ndan Malevi\u00e7, geli\u015ftirdi\u011fi sanat kuram\u0131yla \u00e7a\u011f\u0131na damga vurmu\u015f, t\u00fcm d\u00fcnyay\u0131 S\u00fcprematizm\u2019le tan\u0131\u015ft\u0131rm\u0131\u015ft\u0131. Sanatta ula\u015fmak istedi\u011fi safl\u0131\u011f\u0131 Siyah Kare adl\u0131 ba\u015fyap\u0131t\u0131yla ba\u015fard\u0131\u011f\u0131na inanan Malevi\u00e7, soyut sanata yepyeni bir a\u00e7\u0131l\u0131m getirmi\u015f, \u00e7a\u011fda\u015f sanat\u0131 besleyen k\u00f6klere can veren kaynaklardan biri olmu\u015ftu.   Hayalperest Yay\u0131nevi\u2019nin \u201cSanat\u0131n B\u00fcy\u00fck Ustalar\u0131\u201d serisinin yirminci kitab\u0131, resim, sahne ve kost\u00fcm tasar\u0131m\u0131, afi\u015f ve mimari alan\u0131nda \u00e7al\u0131\u015fmalar yapan, sanat\u00e7\u0131 ve e\u011fitimci kimli\u011fiyle hen\u00fcz ya\u015farken kendine sayg\u0131n bir yer edinen Kazimir Malevi\u00e7\u2019in hayat\u0131ndan kesitler sunuyor. Okurun, nat\u00fcralist betimlemeyle ba\u015flayan ve onu Siyah Kare\u2019ye g\u00f6t\u00fcren sanat yolculu\u011funda Malevi\u00e7\u2019in ge\u00e7irdi\u011fi ser\u00fcveni zihninde canland\u0131rmas\u0131na yard\u0131mc\u0131 oluyor. Sanat okurlar\u0131n\u0131n Malevi\u00e7\u2019in Rus topraklar\u0131nda ya\u015fanan devrimlerle, milliyet\u00e7i ak\u0131mlarla ve Sovyet rejimiyle \u015fekillenen entelekt\u00fcel d\u00fcnyas\u0131na girmelerine imk\u00e2n veren kap\u0131y\u0131 aral\u0131yor. Malevi\u00e7\u2019in sanatsal aray\u0131\u015f\u0131n\u0131n \u00e7a\u011f\u0131m\u0131za kadar ula\u015fan kan\u0131tlar\u0131na bakarken \u201csanat i\u00e7in sanat\u201d d\u00fcsturunun en yal\u0131n haline nas\u0131l ula\u015f\u0131ld\u0131\u011f\u0131n\u0131 g\u00f6rmelerini sa\u011fl\u0131yor. <\/p>\n","protected":false},"excerpt":{"rendered":"<p>Nesnel olmayan sanattan bahsedildi\u011finde akla ilk gelen isimlerden biri olan Rus sanat\u00e7\u0131 Kazimir Malevi\u00e7, sanat tarihinde \u00e7\u0131\u011f\u0131r a\u00e7an sanat\u00e7\u0131lardand\u0131. Modernizmin \u00f6nc\u00fc sanat\u00e7\u0131lar\u0131ndan Malevi\u00e7, geli\u015ftirdi\u011fi sanat kuram\u0131yla<span class=\"excerpt-hellip\"> [\u2026]<\/span><\/p>\n","protected":false},"featured_media":0,"template":"","meta":{"_monsterinsights_skip_tracking":false,"_monsterinsights_sitenote_active":false,"_monsterinsights_sitenote_note":"","_monsterinsights_sitenote_category":0},"product_brand":[],"product_cat":[13548,12408],"product_tag":[],"class_list":{"0":"post-733293","1":"product","2":"type-product","3":"status-publish","5":"product_cat-kuram","6":"product_cat-sanat","7":"pa_cilt-ciltsiz","8":"pa_tur-kitap","9":"pa_yayinevi-hayalperest-yayinlari","10":"pa_yazar-firdevs-candil-erdogan","12":"first","13":"instock","14":"sale","15":"shipping-taxable","16":"purchasable","17":"product-type-simple"},"_links":{"self":[{"href":"https:\/\/roveyayinevi.com.tr\/index.php\/wp-json\/wp\/v2\/product\/733293","targetHints":{"allow":["GET"]}}],"collection":[{"href":"https:\/\/roveyayinevi.com.tr\/index.php\/wp-json\/wp\/v2\/product"}],"about":[{"href":"https:\/\/roveyayinevi.com.tr\/index.php\/wp-json\/wp\/v2\/types\/product"}],"wp:attachment":[{"href":"https:\/\/roveyayinevi.com.tr\/index.php\/wp-json\/wp\/v2\/media?parent=733293"}],"wp:term":[{"taxonomy":"product_brand","embeddable":true,"href":"https:\/\/roveyayinevi.com.tr\/index.php\/wp-json\/wp\/v2\/product_brand?post=733293"},{"taxonomy":"product_cat","embeddable":true,"href":"https:\/\/roveyayinevi.com.tr\/index.php\/wp-json\/wp\/v2\/product_cat?post=733293"},{"taxonomy":"product_tag","embeddable":true,"href":"https:\/\/roveyayinevi.com.tr\/index.php\/wp-json\/wp\/v2\/product_tag?post=733293"}],"curies":[{"name":"wp","href":"https:\/\/api.w.org\/{rel}","templated":true}]}}