{"id":733292,"date":"2025-08-27T22:07:14","date_gmt":"2025-08-27T19:07:14","guid":{"rendered":"https:\/\/roveyayinevi.com.tr\/index.php\/urun\/modern-argonautlar\/"},"modified":"2026-04-16T02:40:55","modified_gmt":"2026-04-15T23:40:55","slug":"modern-argonautlar","status":"publish","type":"product","link":"https:\/\/roveyayinevi.com.tr\/index.php\/urun\/modern-argonautlar\/","title":{"rendered":"Modern Argonautlar"},"content":{"rendered":"<p>Yunan mitolojisinde tanr\u0131lardan insanlara uzanan, etki alan\u0131 en geni\u015f s\u00f6ylencelerden birisidir Alt\u0131n Post. \u00d6zetle; \u0130ason\u2019un hakk\u0131 olan iktidar\u0131n kendisine verilmemesi ve bunun uzak diyarlarda oldu\u011fu s\u00f6ylenen bir alt\u0131n postu getirmesi ko\u015fuluna ba\u011flanmas\u0131yla \u00e7\u0131kt\u0131\u011f\u0131 zorlu yolculukta ba\u015f\u0131ndan ge\u00e7enlerin hik\u00e2yesidir bu. \u0130ason birbirinden \u00fcnl\u00fc kahramanlardan olu\u015fan 50 ki\u015filik m\u00fcrettebat\u0131yla Yunanistan\u2019dan tekneyle yola \u00e7\u0131karak \u00c7anakkale ve \u0130stanbul bo\u011fazlar\u0131n\u0131 ge\u00e7er, Karadeniz\u2019i kat eder, bug\u00fcnk\u00fc G\u00fcrcistan\u2019da bulunan bir krall\u0131kta saklanmakta olan alt\u0131n postu al\u0131r ve \u00fclkesine d\u00f6ner\u2026 M\u00d6 1200\u2019lerde ger\u00e7ekle\u015fen bu yolculu\u011fu 1984 y\u0131l\u0131nda, \u0130ngiliz ara\u015ft\u0131rmac\u0131 ve yazar Tim Severin tamamen geleneksel-antik y\u00f6ntemlerle ve hi\u00e7 metal \u00e7ivi kullan\u0131lmadan in\u015fa ettirdi\u011fi \u201cmodern Argo\u201d ile yeniden ger\u00e7ekle\u015ftirmi\u015fti. 14 ki\u015filik \u0130ngiliz ve \u0130rlandal\u0131lardan olu\u015fan \u00e7ekirdek ekibe daha sonra Yunan, T\u00fcrk ve Rus g\u00f6n\u00fcll\u00fcler de dahil oldular. Bahsi ge\u00e7en T\u00fcrk g\u00f6n\u00fcll\u00fclerden Ali Uygun, Modern Argonautlar (Alt\u0131n Post\u2019un \u0130zinde) adl\u0131 kitab\u0131nda binlerce y\u0131l sonra ger\u00e7ekle\u015ftirilen yolculu\u011fun seyir defterini aktar\u0131yor\u2026 \u201cBu kitap binlerce y\u0131ll\u0131k bir s\u00f6ylencenin g\u00fcn\u00fcm\u00fczde ete kemi\u011fe b\u00fcr\u00fcnd\u00fcr\u00fclmesinin ser\u00fcvenini anlatmaktad\u0131r. Bu, \u2018Alt\u0131n Post\u2019 s\u00f6ylencesidir.\u201d <\/p>\n","protected":false},"excerpt":{"rendered":"<p>Yunan mitolojisinde tanr\u0131lardan insanlara uzanan, etki alan\u0131 en geni\u015f s\u00f6ylencelerden birisidir Alt\u0131n Post. \u00d6zetle; \u0130ason\u2019un hakk\u0131 olan iktidar\u0131n kendisine verilmemesi ve bunun uzak diyarlarda oldu\u011fu s\u00f6ylenen<span class=\"excerpt-hellip\"> [\u2026]<\/span><\/p>\n","protected":false},"featured_media":0,"template":"","meta":{"_monsterinsights_skip_tracking":false,"_monsterinsights_sitenote_active":false,"_monsterinsights_sitenote_note":"","_monsterinsights_sitenote_category":0},"product_brand":[],"product_cat":[12370,12304],"product_tag":[],"class_list":{"0":"post-733292","1":"product","2":"type-product","3":"status-publish","5":"product_cat-arastirma-inceleme","6":"product_cat-tarih","7":"pa_cilt-ciltsiz","8":"pa_tur-kitap","9":"pa_yayinevi-kirmizi-kedi-yayinevi","10":"pa_yazar-ali-uygun","12":"first","13":"instock","14":"sale","15":"shipping-taxable","16":"purchasable","17":"product-type-simple"},"_links":{"self":[{"href":"https:\/\/roveyayinevi.com.tr\/index.php\/wp-json\/wp\/v2\/product\/733292","targetHints":{"allow":["GET"]}}],"collection":[{"href":"https:\/\/roveyayinevi.com.tr\/index.php\/wp-json\/wp\/v2\/product"}],"about":[{"href":"https:\/\/roveyayinevi.com.tr\/index.php\/wp-json\/wp\/v2\/types\/product"}],"wp:attachment":[{"href":"https:\/\/roveyayinevi.com.tr\/index.php\/wp-json\/wp\/v2\/media?parent=733292"}],"wp:term":[{"taxonomy":"product_brand","embeddable":true,"href":"https:\/\/roveyayinevi.com.tr\/index.php\/wp-json\/wp\/v2\/product_brand?post=733292"},{"taxonomy":"product_cat","embeddable":true,"href":"https:\/\/roveyayinevi.com.tr\/index.php\/wp-json\/wp\/v2\/product_cat?post=733292"},{"taxonomy":"product_tag","embeddable":true,"href":"https:\/\/roveyayinevi.com.tr\/index.php\/wp-json\/wp\/v2\/product_tag?post=733292"}],"curies":[{"name":"wp","href":"https:\/\/api.w.org\/{rel}","templated":true}]}}