{"id":733289,"date":"2025-08-27T22:07:11","date_gmt":"2025-08-27T19:07:11","guid":{"rendered":"https:\/\/roveyayinevi.com.tr\/index.php\/urun\/cinde-on-bes-sohbet\/"},"modified":"2026-04-16T02:40:55","modified_gmt":"2026-04-15T23:40:55","slug":"cinde-on-bes-sohbet","status":"publish","type":"product","link":"https:\/\/roveyayinevi.com.tr\/index.php\/urun\/cinde-on-bes-sohbet\/","title":{"rendered":"\u00c7in\u2019de On Be\u015f Sohbet"},"content":{"rendered":"<p>Frans\u0131z dilinin ya\u015fayan en b\u00fcy\u00fck yazarlar\u0131ndan kabul edilen, Nobel \u00f6d\u00fcll\u00fc J.M.G. Le Cl\u00e9zio\u2019nun 2011-2017 y\u0131llar\u0131 aras\u0131nda, k\u00fclt\u00fcr\u00fcne hayranl\u0131k duydu\u011fu \u00c7in\u2019in \u00e7e\u015fitli yerlerinde verdi\u011fi konferanslar\u0131 bir araya getiren bu kitap, edebiyat\u0131n ve kitab\u0131n hayat\u0131m\u0131zdaki yeri, k\u00fclt\u00fcrleraras\u0131l\u0131\u011f\u0131n zenginle\u015ftiricili\u011fi, edebiyat\u0131n evrenselli\u011fi, yazar\u0131n ahlaki sorumlulu\u011fu, ba\u015fka k\u00fclt\u00fcrleri tan\u0131man\u0131n getirdi\u011fi i\u00e7sel ke\u015fif gibi temalar\u0131n etraf\u0131nda \u015fekilleniyor. Yazar, kendi ki\u015fisel hik\u00e2yesi ve edebiyat meceras\u0131ndan yola \u00e7\u0131kan bu i\u00e7ten, kibirden uzak ve bir o kadar derinlikli sohbetlerde, Mo Yan\u2019dan Proust\u2019a, Cervantes\u2019ten C\u00e9line\u2019e, Binbir Gece Masallar\u0131\u2019ndan Mahabharata\u2019ya, Maldoror\u2019un \u015eark\u0131lar\u0131\u2019ndan Donki\u015fot\u2019a, Konf\u00fc\u00e7y\u00fcs\u2019ten Platon\u2019a bir\u00e7ok yazar ve eser hakk\u0131nda tespitlerde bulunuyor. \u201cEdebiyat\u0131 bir okyanus gibi d\u00fc\u015f\u00fcnmekten ho\u015flan\u0131yorum, her kitap, ister yay\u0131nlans\u0131n ister yay\u0131nlanmas\u0131n, denize f\u0131rlat\u0131lm\u0131\u015f, kaderi r\u00fczg\u00e2rlara ve ak\u0131nt\u0131lara ba\u011fl\u0131, mesaj\u0131n\u0131 bazen d\u00fcnyan\u0131n \u00f6b\u00fcr ucuna veya zaman\u0131n \u00f6b\u00fcr ucuna ileten bir \u015fi\u015fe gibi.\u201d <\/p>\n","protected":false},"excerpt":{"rendered":"<p>Frans\u0131z dilinin ya\u015fayan en b\u00fcy\u00fck yazarlar\u0131ndan kabul edilen, Nobel \u00f6d\u00fcll\u00fc J.M.G. Le Cl\u00e9zio\u2019nun 2011-2017 y\u0131llar\u0131 aras\u0131nda, k\u00fclt\u00fcr\u00fcne hayranl\u0131k duydu\u011fu \u00c7in\u2019in \u00e7e\u015fitli yerlerinde verdi\u011fi konferanslar\u0131 bir araya<span class=\"excerpt-hellip\"> [\u2026]<\/span><\/p>\n","protected":false},"featured_media":0,"template":"","meta":{"_monsterinsights_skip_tracking":false,"_monsterinsights_sitenote_active":false,"_monsterinsights_sitenote_note":"","_monsterinsights_sitenote_category":0},"product_brand":[],"product_cat":[13661,12291],"product_tag":[],"class_list":{"0":"post-733289","1":"product","2":"type-product","3":"status-publish","5":"product_cat-diger-ulke-edebiyatlari","6":"product_cat-edebiyat","7":"pa_cilt-ciltsiz","8":"pa_tur-kitap","9":"pa_yayinevi-kirmizi-kedi-yayinevi","10":"pa_yazar-j-m-g-l-clezio","12":"first","13":"instock","14":"sale","15":"shipping-taxable","16":"purchasable","17":"product-type-simple"},"_links":{"self":[{"href":"https:\/\/roveyayinevi.com.tr\/index.php\/wp-json\/wp\/v2\/product\/733289","targetHints":{"allow":["GET"]}}],"collection":[{"href":"https:\/\/roveyayinevi.com.tr\/index.php\/wp-json\/wp\/v2\/product"}],"about":[{"href":"https:\/\/roveyayinevi.com.tr\/index.php\/wp-json\/wp\/v2\/types\/product"}],"wp:attachment":[{"href":"https:\/\/roveyayinevi.com.tr\/index.php\/wp-json\/wp\/v2\/media?parent=733289"}],"wp:term":[{"taxonomy":"product_brand","embeddable":true,"href":"https:\/\/roveyayinevi.com.tr\/index.php\/wp-json\/wp\/v2\/product_brand?post=733289"},{"taxonomy":"product_cat","embeddable":true,"href":"https:\/\/roveyayinevi.com.tr\/index.php\/wp-json\/wp\/v2\/product_cat?post=733289"},{"taxonomy":"product_tag","embeddable":true,"href":"https:\/\/roveyayinevi.com.tr\/index.php\/wp-json\/wp\/v2\/product_tag?post=733289"}],"curies":[{"name":"wp","href":"https:\/\/api.w.org\/{rel}","templated":true}]}}