{"id":733287,"date":"2025-08-27T22:07:09","date_gmt":"2025-08-27T19:07:09","guid":{"rendered":"https:\/\/roveyayinevi.com.tr\/index.php\/urun\/dogum-gunu-ezo-ve-samba\/"},"modified":"2026-04-16T02:40:55","modified_gmt":"2026-04-15T23:40:55","slug":"dogum-gunu-ezo-ve-samba","status":"publish","type":"product","link":"https:\/\/roveyayinevi.com.tr\/index.php\/urun\/dogum-gunu-ezo-ve-samba\/","title":{"rendered":"Do\u011fum G\u00fcn\u00fc &#8211; Ezo ve Samba"},"content":{"rendered":"<p>Samba \u00e7ok heyecanl\u0131yd\u0131 ve en erken o uyanm\u0131\u015ft\u0131. Ne zamand\u0131r bug\u00fcn\u00fc bekliyordu. Acaba ailesi, bu \u00f6zel g\u00fcn\u00fcn\u00fc hat\u0131rlayacak m\u0131yd\u0131? En mutlu g\u00fcn\u00fcnde arkada\u015flar\u0131 da onunla olacaklar m\u0131yd\u0131?<\/p>\n","protected":false},"excerpt":{"rendered":"<p>Samba \u00e7ok heyecanl\u0131yd\u0131 ve en erken o uyanm\u0131\u015ft\u0131. Ne zamand\u0131r bug\u00fcn\u00fc bekliyordu. Acaba ailesi, bu \u00f6zel g\u00fcn\u00fcn\u00fc hat\u0131rlayacak m\u0131yd\u0131? En mutlu g\u00fcn\u00fcnde arkada\u015flar\u0131 da onunla olacaklar<span class=\"excerpt-hellip\"> [\u2026]<\/span><\/p>\n","protected":false},"featured_media":0,"template":"","meta":{"_monsterinsights_skip_tracking":false,"_monsterinsights_sitenote_active":false,"_monsterinsights_sitenote_note":"","_monsterinsights_sitenote_category":0},"product_brand":[],"product_cat":[12274,12284],"product_tag":[],"class_list":{"0":"post-733287","1":"product","2":"type-product","3":"status-publish","5":"product_cat-cocuk-ve-genclik-kitaplari","6":"product_cat-hikayeler","7":"pa_cilt-ciltsiz","8":"pa_tur-kitap","9":"pa_yayinevi-masalperest","10":"pa_yazar-ezo-sunal","12":"first","13":"instock","14":"sale","15":"shipping-taxable","16":"purchasable","17":"product-type-simple"},"_links":{"self":[{"href":"https:\/\/roveyayinevi.com.tr\/index.php\/wp-json\/wp\/v2\/product\/733287","targetHints":{"allow":["GET"]}}],"collection":[{"href":"https:\/\/roveyayinevi.com.tr\/index.php\/wp-json\/wp\/v2\/product"}],"about":[{"href":"https:\/\/roveyayinevi.com.tr\/index.php\/wp-json\/wp\/v2\/types\/product"}],"wp:attachment":[{"href":"https:\/\/roveyayinevi.com.tr\/index.php\/wp-json\/wp\/v2\/media?parent=733287"}],"wp:term":[{"taxonomy":"product_brand","embeddable":true,"href":"https:\/\/roveyayinevi.com.tr\/index.php\/wp-json\/wp\/v2\/product_brand?post=733287"},{"taxonomy":"product_cat","embeddable":true,"href":"https:\/\/roveyayinevi.com.tr\/index.php\/wp-json\/wp\/v2\/product_cat?post=733287"},{"taxonomy":"product_tag","embeddable":true,"href":"https:\/\/roveyayinevi.com.tr\/index.php\/wp-json\/wp\/v2\/product_tag?post=733287"}],"curies":[{"name":"wp","href":"https:\/\/api.w.org\/{rel}","templated":true}]}}