{"id":733284,"date":"2025-08-27T22:07:06","date_gmt":"2025-08-27T19:07:06","guid":{"rendered":"https:\/\/roveyayinevi.com.tr\/index.php\/urun\/mulazim\/"},"modified":"2026-04-16T02:40:54","modified_gmt":"2026-04-15T23:40:54","slug":"mulazim","status":"publish","type":"product","link":"https:\/\/roveyayinevi.com.tr\/index.php\/urun\/mulazim\/","title":{"rendered":"M\u00fclaz\u0131m"},"content":{"rendered":"<p>\u201c\u2026 D\u00fc\u015f\u00fcnerek kalkt\u0131 oturdu\u011fu yerden. Hemen alt ba\u015f\u0131ndaki Koca Olu\u011fun suyuna indi. Y\u00fcz\u00fcn\u00fc y\u0131kamak i\u00e7in e\u011fildi. Berrak suda y\u00fcz\u00fcn\u00fc g\u00f6rd\u00fc. Bir s\u00fcre suyun aynas\u0131nda kendini seyretti. G\u00f6zleri kocamand\u0131. Yanaklar\u0131 \u00e7\u00f6km\u00fc\u015ft\u00fc. Sakallar\u0131 da\u011f\u0131n\u0131k ve d\u00fczensiz duruyordu y\u00fcz\u00fcnde. \u2018Hey gidi M\u00fclaz\u0131m hey! \u015eaka maka baya\u011f\u0131 ya\u015flanm\u0131\u015fs\u0131n sen.\u2019 dedi i\u00e7inden. Sonra: \u2018Hayat\u0131n sava\u015fmakla ge\u00e7ti. \u0130lk gen\u00e7li\u011fin 93 Harbinde kald\u0131. Sonra atan kalbinin ritmini de\u011fi\u015ftiren Hatice i\u00e7in sava\u015ft\u0131\u011f\u0131n Gelibolu an\u0131lar\u0131. Ard\u0131ndan Mara\u015f y\u0131llar\u0131, Zeytun isyan\u0131,  \u015einasi ve Sarin, Divan-\u0131 Harp, Emine, Cebel-i Bereket, K\u00fc\u00e7\u00fck A\u011fca Bey. \u015eimdi de sava\u015f\u0131n en b\u00fcy\u00fc\u011f\u00fc olan varolu\u015f yok olu\u015f sava\u015f\u0131. Kutsal isyan. Vatan\u0131 d\u00fc\u015fmanlardan kurtarma, yani Kurtulu\u015f Sava\u015f\u0131! Bu sava\u015f\u0131 kazanmadan \u00f6lmek yok sana!\u2019 s\u00f6zleri, yank\u0131land\u0131 suyun y\u00fcz\u00fcnde.   An\u0131lar\u0131 daha fazla de\u015fmek istemedi. Sa\u011f elinin parmaklar\u0131yla suyu dalgaland\u0131rd\u0131. Y\u00fcz\u00fc dalgalara kar\u0131\u015f\u0131p Koca Olu\u011fun i\u00e7inde kayboldu\u2026\u201d   Roman, hayat\u0131n\u0131n bir b\u00f6l\u00fcm\u00fcn\u00fc Balkanlarda, bir b\u00f6l\u00fcm\u00fcn\u00fc de Anadolu\u2019nun kurtulu\u015f m\u00fccadelesinde sava\u015farak ge\u00e7iren M\u00fclaz\u0131m H\u00fcseyin Bey\u2019in f\u0131rt\u0131nal\u0131 ya\u015fam\u0131n\u0131 anlat\u0131yor. \u0130\u00e7inde, heyecanl\u0131 bir a\u015fk var. \u0130ttihat ve Terakki\u2019den Kuvay\u0131 Milliye\u2019ye kadar uzanan vatan sevgisinin ve Ulusal Kurtulu\u015f Sava\u015f\u0131\u2019n\u0131n \u00f6d\u00fcns\u00fcz, s\u00fcr\u00fckleyici m\u00fccadelesi var. B\u00fcy\u00fck bir merak ve heyecanla okuyacaks\u0131n\u0131z!  <\/p>\n","protected":false},"excerpt":{"rendered":"<p>\u201c\u2026 D\u00fc\u015f\u00fcnerek kalkt\u0131 oturdu\u011fu yerden. Hemen alt ba\u015f\u0131ndaki Koca Olu\u011fun suyuna indi. Y\u00fcz\u00fcn\u00fc y\u0131kamak i\u00e7in e\u011fildi. Berrak suda y\u00fcz\u00fcn\u00fc g\u00f6rd\u00fc. Bir s\u00fcre suyun aynas\u0131nda kendini seyretti.<span class=\"excerpt-hellip\"> [\u2026]<\/span><\/p>\n","protected":false},"featured_media":0,"template":"","meta":{"_monsterinsights_skip_tracking":false,"_monsterinsights_sitenote_active":false,"_monsterinsights_sitenote_note":"","_monsterinsights_sitenote_category":0},"product_brand":[],"product_cat":[12291,12745],"product_tag":[],"class_list":{"0":"post-733284","1":"product","2":"type-product","3":"status-publish","5":"product_cat-edebiyat","6":"product_cat-tarihi-roman","7":"pa_cilt-ciltsiz","8":"pa_tur-kitap","9":"pa_yayinevi-ayata-kitap","10":"pa_yazar-ahmet-eroglu","12":"first","13":"instock","14":"sale","15":"shipping-taxable","16":"purchasable","17":"product-type-simple"},"_links":{"self":[{"href":"https:\/\/roveyayinevi.com.tr\/index.php\/wp-json\/wp\/v2\/product\/733284","targetHints":{"allow":["GET"]}}],"collection":[{"href":"https:\/\/roveyayinevi.com.tr\/index.php\/wp-json\/wp\/v2\/product"}],"about":[{"href":"https:\/\/roveyayinevi.com.tr\/index.php\/wp-json\/wp\/v2\/types\/product"}],"wp:attachment":[{"href":"https:\/\/roveyayinevi.com.tr\/index.php\/wp-json\/wp\/v2\/media?parent=733284"}],"wp:term":[{"taxonomy":"product_brand","embeddable":true,"href":"https:\/\/roveyayinevi.com.tr\/index.php\/wp-json\/wp\/v2\/product_brand?post=733284"},{"taxonomy":"product_cat","embeddable":true,"href":"https:\/\/roveyayinevi.com.tr\/index.php\/wp-json\/wp\/v2\/product_cat?post=733284"},{"taxonomy":"product_tag","embeddable":true,"href":"https:\/\/roveyayinevi.com.tr\/index.php\/wp-json\/wp\/v2\/product_tag?post=733284"}],"curies":[{"name":"wp","href":"https:\/\/api.w.org\/{rel}","templated":true}]}}