{"id":733283,"date":"2025-08-27T22:07:05","date_gmt":"2025-08-27T19:07:05","guid":{"rendered":"https:\/\/roveyayinevi.com.tr\/index.php\/urun\/ber\/"},"modified":"2026-04-16T02:40:54","modified_gmt":"2026-04-15T23:40:54","slug":"ber","status":"publish","type":"product","link":"https:\/\/roveyayinevi.com.tr\/index.php\/urun\/ber\/","title":{"rendered":"Ber"},"content":{"rendered":"<p>Ber, Esma\u00fc\u2019l-H\u00fcsna\u2019dand\u0131r; \u2019\u2019iyilik sahibi\u2019\u2019 demektir. O\u2019nun isimleri iyilik hazineleri ile doludur. Ayet-i kerimede \u2019\u2019En g\u00fczel isimler Allah\u2019\u0131nd\u0131r. O\u2019na bunlarla dua edin.\u2019\u2019 buyrulmaktad\u0131r. Bu ayetin bize \u015funlar\u0131 anlatt\u0131\u011f\u0131 s\u00f6ylenebilir: .O\u2019nun isimlerinin her biri g\u00fczeldir. .O\u2019nu, isimleri ile tan\u0131maya \u00e7al\u0131\u015fmal\u0131d\u0131r. .Dualar\u0131m\u0131za icabet edilmesine en \u00f6nemli bir vesile, isimlerini anarak O\u2019na y\u00f6nelmektir. .Dualar\u0131m\u0131z\u0131 i\u015fiten, arzular\u0131m\u0131z\u0131 yerine getiren; ihsa-n\u0131 bol, merhameti geni\u015f bir Rabbimiz var. .Her bir ismin kendine ait bir alan\u0131 var \u00e7\u00fcnk\u00fc \u2018\u2019O\u2019na bunlarla dua edin\u2019\u2019 buyruluyor. .Dua \u00f6nemli bir ibadettir ve Rabbimiz kat\u0131nda \u2018\u2019O\u2019na isimlerini anarak dua etmek\u2019\u2019 \u00e7ok de\u011ferlidir. .O\u2019na isimleri ile dua etmek bizi en g\u00fczel neticelere ula\u015ft\u0131r\u0131r. \u2018\u2019En g\u00fczel isimler\u2019\u2019 denilmesiyle buna i\u015faret edilmi\u015f. <\/p>\n","protected":false},"excerpt":{"rendered":"<p>Ber, Esma\u00fc\u2019l-H\u00fcsna\u2019dand\u0131r; \u2019\u2019iyilik sahibi\u2019\u2019 demektir. O\u2019nun isimleri iyilik hazineleri ile doludur. Ayet-i kerimede \u2019\u2019En g\u00fczel isimler Allah\u2019\u0131nd\u0131r. O\u2019na bunlarla dua edin.\u2019\u2019 buyrulmaktad\u0131r. Bu ayetin bize \u015funlar\u0131<span class=\"excerpt-hellip\"> [\u2026]<\/span><\/p>\n","protected":false},"featured_media":0,"template":"","meta":{"_monsterinsights_skip_tracking":false,"_monsterinsights_sitenote_active":false,"_monsterinsights_sitenote_note":"","_monsterinsights_sitenote_category":0},"product_brand":[],"product_cat":[12718,12719,17284],"product_tag":[],"class_list":{"0":"post-733283","1":"product","2":"type-product","3":"status-publish","5":"product_cat-din","6":"product_cat-islam","7":"product_cat-kuran-ve-kuran-uzerine","8":"pa_cilt-ciltsiz","9":"pa_tur-kitap","10":"pa_yayinevi-gulnar-yayinlari","11":"pa_yazar-ali-vefali","13":"first","14":"instock","15":"sale","16":"shipping-taxable","17":"purchasable","18":"product-type-simple"},"_links":{"self":[{"href":"https:\/\/roveyayinevi.com.tr\/index.php\/wp-json\/wp\/v2\/product\/733283","targetHints":{"allow":["GET"]}}],"collection":[{"href":"https:\/\/roveyayinevi.com.tr\/index.php\/wp-json\/wp\/v2\/product"}],"about":[{"href":"https:\/\/roveyayinevi.com.tr\/index.php\/wp-json\/wp\/v2\/types\/product"}],"wp:attachment":[{"href":"https:\/\/roveyayinevi.com.tr\/index.php\/wp-json\/wp\/v2\/media?parent=733283"}],"wp:term":[{"taxonomy":"product_brand","embeddable":true,"href":"https:\/\/roveyayinevi.com.tr\/index.php\/wp-json\/wp\/v2\/product_brand?post=733283"},{"taxonomy":"product_cat","embeddable":true,"href":"https:\/\/roveyayinevi.com.tr\/index.php\/wp-json\/wp\/v2\/product_cat?post=733283"},{"taxonomy":"product_tag","embeddable":true,"href":"https:\/\/roveyayinevi.com.tr\/index.php\/wp-json\/wp\/v2\/product_tag?post=733283"}],"curies":[{"name":"wp","href":"https:\/\/api.w.org\/{rel}","templated":true}]}}