{"id":733280,"date":"2025-08-27T22:07:03","date_gmt":"2025-08-27T19:07:03","guid":{"rendered":"https:\/\/roveyayinevi.com.tr\/index.php\/urun\/zamani-tutamadim\/"},"modified":"2026-04-16T02:40:54","modified_gmt":"2026-04-15T23:40:54","slug":"zamani-tutamadim","status":"publish","type":"product","link":"https:\/\/roveyayinevi.com.tr\/index.php\/urun\/zamani-tutamadim\/","title":{"rendered":"Zaman\u0131 Tutamad\u0131m"},"content":{"rendered":"<p>\u015eiir kitab\u0131mda \u00f6zellikle; h\u0131zla ge\u00e7en ya\u015fanm\u0131\u015fl\u0131klar, umutlar, an\u0131lar, temenniler, tecr\u00fcbeler, hayata sitem, \u015fehrimin, mahallemin g\u00fczellikleri ve insanlar\u0131 \u00f6n planda yer almaktad\u0131r. Hal b\u00f6yle olunca, kitab\u0131m\u0131n ismini \u2018ZAMANI TUTAMADIM\u2019 olarak belirlemeyi uygun g\u00f6rd\u00fcm.  \u0130sterim ki, sihirli bir g\u00f6zl\u00fck olsun Benim g\u00f6rd\u00fcklerimi G\u00f6r\u00fcnmeyenlerin arkas\u0131ndaki ger\u00e7ekleri Herkes g\u00f6rs\u00fcn isterim Yak\u0131nlar\u0131 tak\u0131nca bu g\u00fcn\u00fc g\u00f6stersin Eski g\u00f6zl\u00fckleri takt\u0131\u011f\u0131nda maziyi Uzaklar\u0131 tak\u0131nca gelece\u011fe gitsin K\u0131r\u0131k caml\u0131 g\u00f6zl\u00fck olmas\u0131n K\u0131r\u0131klar i\u00e7imizi ac\u0131tmas\u0131n <\/p>\n","protected":false},"excerpt":{"rendered":"<p>\u015eiir kitab\u0131mda \u00f6zellikle; h\u0131zla ge\u00e7en ya\u015fanm\u0131\u015fl\u0131klar, umutlar, an\u0131lar, temenniler, tecr\u00fcbeler, hayata sitem, \u015fehrimin, mahallemin g\u00fczellikleri ve insanlar\u0131 \u00f6n planda yer almaktad\u0131r. Hal b\u00f6yle olunca, kitab\u0131m\u0131n ismini<span class=\"excerpt-hellip\"> [\u2026]<\/span><\/p>\n","protected":false},"featured_media":0,"template":"","meta":{"_monsterinsights_skip_tracking":false,"_monsterinsights_sitenote_active":false,"_monsterinsights_sitenote_note":"","_monsterinsights_sitenote_category":0},"product_brand":[],"product_cat":[12291,12509],"product_tag":[],"class_list":{"0":"post-733280","1":"product","2":"type-product","3":"status-publish","5":"product_cat-edebiyat","6":"product_cat-siir","7":"pa_cilt-ciltsiz","8":"pa_tur-kitap","9":"pa_yayinevi-gulnar-yayinlari","10":"pa_yazar-levent-kurkcuoglu","12":"first","13":"instock","14":"sale","15":"shipping-taxable","16":"purchasable","17":"product-type-simple"},"_links":{"self":[{"href":"https:\/\/roveyayinevi.com.tr\/index.php\/wp-json\/wp\/v2\/product\/733280","targetHints":{"allow":["GET"]}}],"collection":[{"href":"https:\/\/roveyayinevi.com.tr\/index.php\/wp-json\/wp\/v2\/product"}],"about":[{"href":"https:\/\/roveyayinevi.com.tr\/index.php\/wp-json\/wp\/v2\/types\/product"}],"wp:attachment":[{"href":"https:\/\/roveyayinevi.com.tr\/index.php\/wp-json\/wp\/v2\/media?parent=733280"}],"wp:term":[{"taxonomy":"product_brand","embeddable":true,"href":"https:\/\/roveyayinevi.com.tr\/index.php\/wp-json\/wp\/v2\/product_brand?post=733280"},{"taxonomy":"product_cat","embeddable":true,"href":"https:\/\/roveyayinevi.com.tr\/index.php\/wp-json\/wp\/v2\/product_cat?post=733280"},{"taxonomy":"product_tag","embeddable":true,"href":"https:\/\/roveyayinevi.com.tr\/index.php\/wp-json\/wp\/v2\/product_tag?post=733280"}],"curies":[{"name":"wp","href":"https:\/\/api.w.org\/{rel}","templated":true}]}}