{"id":733279,"date":"2025-08-27T22:07:02","date_gmt":"2025-08-27T19:07:02","guid":{"rendered":"https:\/\/roveyayinevi.com.tr\/index.php\/urun\/ampirik-yontemlerle-iktisadi-mali-ve-finansal-uygulamalar\/"},"modified":"2026-04-16T02:40:54","modified_gmt":"2026-04-15T23:40:54","slug":"ampirik-yontemlerle-iktisadi-mali-ve-finansal-uygulamalar","status":"publish","type":"product","link":"https:\/\/roveyayinevi.com.tr\/index.php\/urun\/ampirik-yontemlerle-iktisadi-mali-ve-finansal-uygulamalar\/","title":{"rendered":"Ampirik Y\u00f6ntemlerle \u0130ktisadi, Mali ve Finansal Uygulamalar"},"content":{"rendered":"<p>1.T\u00fcrkiye\u2019de Turizm &#8211; B\u00fcy\u00fcme \u0130li\u015fkisi: Asimetrik Kantil Regresyon Analizi 2.T\u00fcrkiye\u2019de Do\u011frudan Yabanc\u0131 Sermaye Yat\u0131r\u0131mlar\u0131 ile Ekonomik B\u00fcy\u00fcme Aras\u0131ndaki \u0130li\u015fkinin Fourier Yakla\u015f\u0131m\u0131 ile Analizi 3.Sa\u011fl\u0131k Harcamalar\u0131n\u0131n Ekonomik B\u00fcy\u00fcme \u00dczerindeki Etkisi: Geli\u015fmi\u015f ve Geli\u015fmekte Olan \u00dclkelere Y\u00f6nelik Kar\u015f\u0131la\u015ft\u0131rmal\u0131 Ekonometrik Bir Analiz 4.Ekonomik B\u00fcy\u00fcme \u00dczerinde Ticaretin Yayg\u0131n ve Yo\u011fun Marjlar\u0131n\u0131n Etkilerinin Ampirik \u0130ncelemesi 5.Altyap\u0131 Rekabet G\u00fcc\u00fcn\u00fcn Ekonomik B\u00fcy\u00fcme \u00dczerindeki Etkileri 6.Mevduat Bankalar\u0131 ve Finansman \u015eirketlerinin Ekonomik B\u00fcy\u00fcmeye Etkisi: T\u00fcrkiye \u00dczerine Bir \u0130nceleme 7.T\u00fcrkiye\u2019de \u00d6demeler Bilan\u00e7osunda Net Hata ve Noksan Kalemine Etki Eden Makroekonomik Fakt\u00f6rler \u00dczerine Bir \u0130nceleme T\u00fcrkiye \u0130malat Sanayi Firmalar\u0131nda \u0130novasyon ve \u0130hracat \u0130li\u015fkisi: Mikroekonomik Bir 1.      Yakla\u015f\u0131m 2.Potansiyel \u00c7\u0131kt\u0131 Histerisi: T\u00fcrkiye \u00dczerine Ampirik Bir Ara\u015ft\u0131rma 3.Do\u011frudan Yabanc\u0131 Yat\u0131r\u0131mlar\u0131n \u00c7evre Kirlili\u011fi \u00dczerine Etkisinin Kirlilik S\u0131\u011f\u0131na\u011f\u0131 Hipotezi Ba\u011flam\u0131nda Analizi 4.Uluslararas\u0131 G\u00f6\u00e7 ve \u0130nsani Geli\u015fmi\u015flik Endeksi Nedensellik Analizi 5.Euro B\u00f6lgesi Merkez ve \u00c7evre \u00dclkelerinde Okun Yasas\u0131\u2019n\u0131n Nedensellik Analizi 6.\u0130malat Sanayi \u0130hracat\u0131 ve D\u00f6viz Kuru Aras\u0131ndaki Nedensellik \u0130li\u015fkisi: T\u00fcrkiye \u00d6rne\u011fi 7.Se\u00e7ilmi\u015f Baz\u0131 OECD \u00dclkelerinde D\u00f6viz Kuru ve Makroekonomik De\u011fi\u015fkenler Aras\u0131ndaki \u0130li\u015fkinin Analizi 8.Kamu Sa\u011fl\u0131k Harcamalar\u0131 Sosyal Refah\u0131 Etkiler mi? Se\u00e7ilmi\u015f \u00dclke Gruplar\u0131 \u00dczerinden Panel Veri Analizi 9.Maliye Politikas\u0131 ile Konjonkt\u00fcr Dalgalanmalar\u0131 \u0130li\u015fkisi 10.M\u00fckelleflerin Vergi \u00d6deme Nedenlerini Belirleyen Demografik Fakt\u00f6rler: Bak\u00fc \u00d6rneklemi ile Lojistik Regresyon Analizi 11Kurumsal Kalite ve Vergi Uyumu: \u00dclkeleraras\u0131 Bir \u0130nceleme 12.Vergiden Ka\u00e7\u0131nma ve Kurumsal Sosyal Sorumluluk \u0130li\u015fkisi 13.Siyasal \u0130stikrar ile Vergi Gelirleri Aras\u0131ndaki \u0130li\u015fki 14.Politik Konjonkt\u00fcr Dalgalanmalar\u0131 ve Demokrasi D\u00fczeyi \u0130li\u015fkisi: \u00c7ok Partili D\u00f6nem T\u00fcrkiye \u00d6rnekleminde Bir Uygulama 15.Suk\u00fbk \u0130\u015flem Hacminin Artt\u0131r\u0131lma \u0130mk\u00e2nlar\u0131 ve Ekonomiye Etkisi 16.T\u00fcrkiye\u2019de \u015eirket Birle\u015fme ve Sat\u0131n Al\u0131mlar\u0131n\u0131n Anatomisi 17.Yapay Sinir A\u011f\u0131 Modelleriyle Sanayi Sekt\u00f6r\u00fcndeki \u015eirketlerin Salg\u0131n D\u00f6nemindeki Finansal Ba\u015far\u0131s\u0131zl\u0131k Risklerinin Analizi 18.Mobil Bankac\u0131l\u0131k M\u00fc\u015fterilerinin Covid-19 Pandemisine G\u00f6re Deneyim ve Davran\u0131\u015f\u0131: Y Ku\u015fa\u011f\u0131 \u00d6rne\u011fi 19.Covid-19 Nedeniyle \u00dcniversitelerde Ger\u00e7ekle\u015ftirilen Uzaktan E\u011fitimin \u015eehir Ekonomisine Yans\u0131malar\u0131: Rize \u00d6rne\u011fi 20.Covid-19 D\u00f6neminde Likidite ve Bor\u00e7 Y\u00f6netim Performans\u0131: T\u00fcrk, Alman ve Frans\u0131z Otomotiv Ana ve Yan Sanayi \u015eirketleri\u2019nden Ampirik Kan\u0131t 21.Covid-19\u2019un Borsa \u0130stanbul\u2019da \u0130\u015flem G\u00f6ren Turizm \u015eirketleri \u00dczerindeki Etkisinin TOPSIS Y\u00f6ntemi ile Analizi: Lokanta ve Oteller \u00dczerine Bir Ara\u015ft\u0131rma 22.Davran\u0131\u015fsal Finans Kavram\u0131 ve BIST30\u2019da Ocak Ay\u0131 Anomalisi \u00dczerine Bir Uygulama 23.Nakit Ak\u0131\u015flar\u0131n\u0131n Sa\u011fland\u0131\u011f\u0131 Faaliyetler Y\u00f6ntemi ile Nakit Ak\u0131\u015flar\u0131n\u0131n Analizi: Kat\u0131l\u0131m 30 \u00d6rne\u011fi 24.Finansal Kriz D\u00f6nemlerinde \u00c7al\u0131\u015fma Sermayesi Y\u00f6netimin \u0130\u015fletmelerin Finansal Performanslar\u0131 \u00dczerindeki Etkileri: B\u0130ST\u2019te Bir Uygulama 25.Yabanc\u0131 Yat\u0131r\u0131mc\u0131 Pay\u0131n\u0131n B\u0130ST 100 Endeksi Getiri Oynakl\u0131\u011f\u0131 \u00dczerindeki Etkisinin Analizi 26.Gamma Da\u011f\u0131l\u0131m Ailesi ve Kullan\u0131m Alanlar\u0131 <\/p>\n","protected":false},"excerpt":{"rendered":"<p>1.T\u00fcrkiye\u2019de Turizm &#8211; B\u00fcy\u00fcme \u0130li\u015fkisi: Asimetrik Kantil Regresyon Analizi 2.T\u00fcrkiye\u2019de Do\u011frudan Yabanc\u0131 Sermaye Yat\u0131r\u0131mlar\u0131 ile Ekonomik B\u00fcy\u00fcme Aras\u0131ndaki \u0130li\u015fkinin Fourier Yakla\u015f\u0131m\u0131 ile Analizi 3.Sa\u011fl\u0131k Harcamalar\u0131n\u0131n Ekonomik<span class=\"excerpt-hellip\"> [\u2026]<\/span><\/p>\n","protected":false},"featured_media":0,"template":"","meta":{"_monsterinsights_skip_tracking":false,"_monsterinsights_sitenote_active":false,"_monsterinsights_sitenote_note":"","_monsterinsights_sitenote_category":0},"product_brand":[],"product_cat":[13043,14381],"product_tag":[],"class_list":{"0":"post-733279","1":"product","2":"type-product","3":"status-publish","5":"product_cat-ekonomi","6":"product_cat-isletme-muhasebe-maliye","7":"pa_cilt-ciltsiz","8":"pa_tur-kitap","9":"pa_yayinevi-gazi-kitabevi","10":"pa_yazar-gazi-kitabevi-kolektif","12":"first","13":"instock","14":"sale","15":"shipping-taxable","16":"purchasable","17":"product-type-simple"},"_links":{"self":[{"href":"https:\/\/roveyayinevi.com.tr\/index.php\/wp-json\/wp\/v2\/product\/733279","targetHints":{"allow":["GET"]}}],"collection":[{"href":"https:\/\/roveyayinevi.com.tr\/index.php\/wp-json\/wp\/v2\/product"}],"about":[{"href":"https:\/\/roveyayinevi.com.tr\/index.php\/wp-json\/wp\/v2\/types\/product"}],"wp:attachment":[{"href":"https:\/\/roveyayinevi.com.tr\/index.php\/wp-json\/wp\/v2\/media?parent=733279"}],"wp:term":[{"taxonomy":"product_brand","embeddable":true,"href":"https:\/\/roveyayinevi.com.tr\/index.php\/wp-json\/wp\/v2\/product_brand?post=733279"},{"taxonomy":"product_cat","embeddable":true,"href":"https:\/\/roveyayinevi.com.tr\/index.php\/wp-json\/wp\/v2\/product_cat?post=733279"},{"taxonomy":"product_tag","embeddable":true,"href":"https:\/\/roveyayinevi.com.tr\/index.php\/wp-json\/wp\/v2\/product_tag?post=733279"}],"curies":[{"name":"wp","href":"https:\/\/api.w.org\/{rel}","templated":true}]}}