{"id":733278,"date":"2025-08-27T22:07:01","date_gmt":"2025-08-27T19:07:01","guid":{"rendered":"https:\/\/roveyayinevi.com.tr\/index.php\/urun\/yerel-siyasete-katilimda-toplumsal-cinsiyetin-rolu-eskisehir-buyuksehir-belediyesi-ornegi\/"},"modified":"2026-04-16T02:40:54","modified_gmt":"2026-04-15T23:40:54","slug":"yerel-siyasete-katilimda-toplumsal-cinsiyetin-rolu-eskisehir-buyuksehir-belediyesi-ornegi","status":"publish","type":"product","link":"https:\/\/roveyayinevi.com.tr\/index.php\/urun\/yerel-siyasete-katilimda-toplumsal-cinsiyetin-rolu-eskisehir-buyuksehir-belediyesi-ornegi\/","title":{"rendered":"Yerel Siyasete Kat\u0131l\u0131mda Toplumsal Cinsiyetin Rol\u00fc Eski\u015fehir B\u00fcy\u00fck\u015fehir Belediyesi \u00d6rne\u011fi"},"content":{"rendered":"<p>\u0130\u00e7indekiler 1. Toplumsal Cinsiyet 1.1Toplumsal Cinsiyet Kavram\u0131 ve Biyolojik Cinsiyetten Ayr\u0131l\u0131\u015f\u0131 1.2.Toplumsal Cinsiyet ile \u0130lgili Kuramlar 1.3.Toplumsal Cinsiyet Kal\u0131p Yarg\u0131lar\u0131 (Stereo-Tipleri) ve Cinsiyet Rollerinin T\u00fcrkiye\u2019den \u00d6rnekleri 1.4. Toplumsal Cinsiyet E\u015fitli\u011fi 1.5. Toplumsal Cinsiyet E\u015fitsizli\u011fi ve Verilerle T\u00fcrkiye\u2019nin Durum Analizi 1.6. B\u00f6l\u00fcm Sonucu 2. Yerel Siyaset 2.1 Yerel Siyaset 2.2. B\u00f6l\u00fcm Sonucu 3.Yerel Siyasete Kat\u0131l\u0131mda Toplumsal Cinsiyetin Rol\u00fc: Eski\u015fehir B\u00fcy\u00fck\u015fehir Belediyesi \u00d6rne\u011fi 3.1 Eski\u015fehir Hakk\u0131nda G\u00fcncel Bilgiler 3.2 Yerel Siyasete Kat\u0131l\u0131mda Toplumsal Cinsiyetin Rol\u00fc: Eski\u015fehir B\u00fcy\u00fck\u015fehir Belediyesi Alan Ara\u015ft\u0131rma Sonu\u00e7lar\u0131 <\/p>\n","protected":false},"excerpt":{"rendered":"<p>\u0130\u00e7indekiler 1. Toplumsal Cinsiyet 1.1Toplumsal Cinsiyet Kavram\u0131 ve Biyolojik Cinsiyetten Ayr\u0131l\u0131\u015f\u0131 1.2.Toplumsal Cinsiyet ile \u0130lgili Kuramlar 1.3.Toplumsal Cinsiyet Kal\u0131p Yarg\u0131lar\u0131 (Stereo-Tipleri) ve Cinsiyet Rollerinin T\u00fcrkiye\u2019den \u00d6rnekleri<span class=\"excerpt-hellip\"> [\u2026]<\/span><\/p>\n","protected":false},"featured_media":0,"template":"","meta":{"_monsterinsights_skip_tracking":false,"_monsterinsights_sitenote_active":false,"_monsterinsights_sitenote_note":"","_monsterinsights_sitenote_category":0},"product_brand":[],"product_cat":[12337,14706],"product_tag":[],"class_list":{"0":"post-733278","1":"product","2":"type-product","3":"status-publish","5":"product_cat-politika-siyaset","6":"product_cat-siyaset-bilimi","7":"pa_cilt-ciltsiz","8":"pa_tur-kitap","9":"pa_yayinevi-gazi-kitabevi","10":"pa_yazar-buse-selin-esen-bilge-kagan-sakaci","12":"first","13":"instock","14":"sale","15":"shipping-taxable","16":"purchasable","17":"product-type-simple"},"_links":{"self":[{"href":"https:\/\/roveyayinevi.com.tr\/index.php\/wp-json\/wp\/v2\/product\/733278","targetHints":{"allow":["GET"]}}],"collection":[{"href":"https:\/\/roveyayinevi.com.tr\/index.php\/wp-json\/wp\/v2\/product"}],"about":[{"href":"https:\/\/roveyayinevi.com.tr\/index.php\/wp-json\/wp\/v2\/types\/product"}],"wp:attachment":[{"href":"https:\/\/roveyayinevi.com.tr\/index.php\/wp-json\/wp\/v2\/media?parent=733278"}],"wp:term":[{"taxonomy":"product_brand","embeddable":true,"href":"https:\/\/roveyayinevi.com.tr\/index.php\/wp-json\/wp\/v2\/product_brand?post=733278"},{"taxonomy":"product_cat","embeddable":true,"href":"https:\/\/roveyayinevi.com.tr\/index.php\/wp-json\/wp\/v2\/product_cat?post=733278"},{"taxonomy":"product_tag","embeddable":true,"href":"https:\/\/roveyayinevi.com.tr\/index.php\/wp-json\/wp\/v2\/product_tag?post=733278"}],"curies":[{"name":"wp","href":"https:\/\/api.w.org\/{rel}","templated":true}]}}