{"id":733277,"date":"2025-08-27T22:07:01","date_gmt":"2025-08-27T19:07:01","guid":{"rendered":"https:\/\/roveyayinevi.com.tr\/index.php\/urun\/turizm-pazarlamasinda-dijital-donusum\/"},"modified":"2026-04-16T02:40:54","modified_gmt":"2026-04-15T23:40:54","slug":"turizm-pazarlamasinda-dijital-donusum","status":"publish","type":"product","link":"https:\/\/roveyayinevi.com.tr\/index.php\/urun\/turizm-pazarlamasinda-dijital-donusum\/","title":{"rendered":"Turizm Pazarlamas\u0131nda Dijital D\u00f6n\u00fc\u015f\u00fcm"},"content":{"rendered":"<p>1  Dijital Pazarlama 2.Turizm \u0130\u015fletmelerinde Arama Motoru Optimizasyonu 3. Arama Motoru Pazarlamasi 4. Gelen Kutusu Sava\u015flari: Turizm Sekt\u00f6r\u00fcnde E-Posta Pazarlamasi 5. Turizm Sekt\u00f6r\u00fcnde Mobil Pazarlama 6. Turizm Sekt\u00f6r\u00fcnde Sosyal Medya Pazarlamasi 7. \u0130\u00e7erik Pazarlamasi 8. Fijital Pazarlama 9. Turizm Sekt\u00f6r\u00fcnde B\u00fcy\u00fck Veri 10.  Turizm Sekt\u00f6r\u00fcnde Dijital Finans Teknolojileri <\/p>\n","protected":false},"excerpt":{"rendered":"<p>1 Dijital Pazarlama 2.Turizm \u0130\u015fletmelerinde Arama Motoru Optimizasyonu 3. Arama Motoru Pazarlamasi 4. Gelen Kutusu Sava\u015flari: Turizm Sekt\u00f6r\u00fcnde E-Posta Pazarlamasi 5. Turizm Sekt\u00f6r\u00fcnde Mobil Pazarlama 6.<span class=\"excerpt-hellip\"> [\u2026]<\/span><\/p>\n","protected":false},"featured_media":0,"template":"","meta":{"_monsterinsights_skip_tracking":false,"_monsterinsights_sitenote_active":false,"_monsterinsights_sitenote_note":"","_monsterinsights_sitenote_category":0},"product_brand":[],"product_cat":[13043,17492],"product_tag":[],"class_list":{"0":"post-733277","1":"product","2":"type-product","3":"status-publish","5":"product_cat-ekonomi","6":"product_cat-pazarlama-satis-reklam","7":"pa_cilt-ciltsiz","8":"pa_tur-kitap","9":"pa_yayinevi-gazi-kitabevi","10":"pa_yazar-gazi-kitabevi-kolektif","12":"first","13":"instock","14":"sale","15":"shipping-taxable","16":"purchasable","17":"product-type-simple"},"_links":{"self":[{"href":"https:\/\/roveyayinevi.com.tr\/index.php\/wp-json\/wp\/v2\/product\/733277","targetHints":{"allow":["GET"]}}],"collection":[{"href":"https:\/\/roveyayinevi.com.tr\/index.php\/wp-json\/wp\/v2\/product"}],"about":[{"href":"https:\/\/roveyayinevi.com.tr\/index.php\/wp-json\/wp\/v2\/types\/product"}],"wp:attachment":[{"href":"https:\/\/roveyayinevi.com.tr\/index.php\/wp-json\/wp\/v2\/media?parent=733277"}],"wp:term":[{"taxonomy":"product_brand","embeddable":true,"href":"https:\/\/roveyayinevi.com.tr\/index.php\/wp-json\/wp\/v2\/product_brand?post=733277"},{"taxonomy":"product_cat","embeddable":true,"href":"https:\/\/roveyayinevi.com.tr\/index.php\/wp-json\/wp\/v2\/product_cat?post=733277"},{"taxonomy":"product_tag","embeddable":true,"href":"https:\/\/roveyayinevi.com.tr\/index.php\/wp-json\/wp\/v2\/product_tag?post=733277"}],"curies":[{"name":"wp","href":"https:\/\/api.w.org\/{rel}","templated":true}]}}