{"id":733273,"date":"2025-08-27T22:06:57","date_gmt":"2025-08-27T19:06:57","guid":{"rendered":"https:\/\/roveyayinevi.com.tr\/index.php\/urun\/ne-cay\/"},"modified":"2026-04-16T02:40:54","modified_gmt":"2026-04-15T23:40:54","slug":"ne-cay","status":"publish","type":"product","link":"https:\/\/roveyayinevi.com.tr\/index.php\/urun\/ne-cay\/","title":{"rendered":"Ne \u00c7ay"},"content":{"rendered":"<p>Bazen hayat\u0131na \u015fehirler girer, dost \u00e7\u0131kar Bazense hayat\u0131na \u015fiir girer, a\u015fk \u00e7\u0131kar Girenine \u00e7\u0131kan\u0131na kafa yorduk da \u015eu hayatta \u00dcz\u00fcld\u00fck de hani \u201cNe \u00c7ay\u201d \u015fiir kitab\u0131 \u00e7\u0131kt\u0131. Kitapta masumane bir a\u015fk\u0131n her h\u00e2li, imgeleri, k\u00fclt\u00fcr\u00fc, nostaljisi, beklentisi, sitemleri vard\u0131 hayata dair. Hani bir s\u00f6z vard\u0131r \u015fiirlerde; \u201c\u015eairin insan\u0131 g\u00f6r\u00fclmez\u201d diye, onlar okuyucunun hayal d\u00fcnyas\u0131nda var olur da anl\u0131k girip \u00e7\u0131karlar&#8230; \u201cNe \u00c7ay\u201d da bunun \u00f6rne\u011fini sizlere sunuyor\u2026 <\/p>\n","protected":false},"excerpt":{"rendered":"<p>Bazen hayat\u0131na \u015fehirler girer, dost \u00e7\u0131kar Bazense hayat\u0131na \u015fiir girer, a\u015fk \u00e7\u0131kar Girenine \u00e7\u0131kan\u0131na kafa yorduk da \u015eu hayatta \u00dcz\u00fcld\u00fck de hani \u201cNe \u00c7ay\u201d \u015fiir kitab\u0131<span class=\"excerpt-hellip\"> [\u2026]<\/span><\/p>\n","protected":false},"featured_media":0,"template":"","meta":{"_monsterinsights_skip_tracking":false,"_monsterinsights_sitenote_active":false,"_monsterinsights_sitenote_note":"","_monsterinsights_sitenote_category":0},"product_brand":[],"product_cat":[12291,12509],"product_tag":[],"class_list":{"0":"post-733273","1":"product","2":"type-product","3":"status-publish","5":"product_cat-edebiyat","6":"product_cat-siir","7":"pa_cilt-ciltsiz","8":"pa_tur-kitap","9":"pa_yayinevi-karina-yayinevi","10":"pa_yazar-fatih-erdal","12":"first","13":"instock","14":"sale","15":"shipping-taxable","16":"purchasable","17":"product-type-simple"},"_links":{"self":[{"href":"https:\/\/roveyayinevi.com.tr\/index.php\/wp-json\/wp\/v2\/product\/733273","targetHints":{"allow":["GET"]}}],"collection":[{"href":"https:\/\/roveyayinevi.com.tr\/index.php\/wp-json\/wp\/v2\/product"}],"about":[{"href":"https:\/\/roveyayinevi.com.tr\/index.php\/wp-json\/wp\/v2\/types\/product"}],"wp:attachment":[{"href":"https:\/\/roveyayinevi.com.tr\/index.php\/wp-json\/wp\/v2\/media?parent=733273"}],"wp:term":[{"taxonomy":"product_brand","embeddable":true,"href":"https:\/\/roveyayinevi.com.tr\/index.php\/wp-json\/wp\/v2\/product_brand?post=733273"},{"taxonomy":"product_cat","embeddable":true,"href":"https:\/\/roveyayinevi.com.tr\/index.php\/wp-json\/wp\/v2\/product_cat?post=733273"},{"taxonomy":"product_tag","embeddable":true,"href":"https:\/\/roveyayinevi.com.tr\/index.php\/wp-json\/wp\/v2\/product_tag?post=733273"}],"curies":[{"name":"wp","href":"https:\/\/api.w.org\/{rel}","templated":true}]}}